
{"id":33248,"date":"2019-01-16T23:52:23","date_gmt":"2019-01-16T23:52:23","guid":{"rendered":"http:\/\/marshallradio.com\/eu\/product\/chaqueta-con-forro-polar-de-kollusion-para-hombre-2\/"},"modified":"2022-12-09T18:24:55","modified_gmt":"2022-12-09T18:24:55","slug":"chaqueta-con-forro-polar-de-kollusion-para-hombre-2","status":"publish","type":"product","link":"https:\/\/marshallradio.com\/eu\/product\/chaqueta-con-forro-polar-de-kollusion-para-hombre-2\/?lang=es","title":{"rendered":"Chaqueta con forro polar de Kollusion para hombre"},"content":{"rendered":"","protected":false},"excerpt":{"rendered":"<p>La K\u00dcHL FLEECE LINED KOLLUSION presenta un tejido transpirable y resistente al agua con recubrimiento de poliuretano y cera sint\u00e9tica. Combinada con un forro y una capucha de felpa italiana de pelo alto, esta chaqueta de cuatro estaciones ofrece una protecci\u00f3n suave y duradera.<\/p>\n<p>Dise\u00f1ado para evitar el fr\u00edo, el FLEECE LINED KOLLUSION cuenta con una cremallera frontal completa detr\u00e1s de una solapa exterior con cierre de bot\u00f3n. El forro de la manga de tafet\u00e1n con aislamiento permite que la chaqueta se pueda poner y quitar f\u00e1cilmente, al mismo tiempo que proporciona calidez y confort.<\/p>\n<p>Dos bolsillos en el pecho con cierre a presi\u00f3n y dos bolsillos para las manos con cierres a presi\u00f3n en la parte superior y una entrada con cremallera en el lateral brindan un almacenamiento seguro. La manga reforzado cuenta con un ajuste de presi\u00f3n adicional.La calidad y ajuste de sus costuras llaman poderosamente la atenci\u00f3. El nombre y el logotipo de MARSHALL RADIO TELEMETRY est\u00e1n parcheados en la manga derecha y cosidos sobre el bolsillo izquierdo del pecho.<\/p>\n<div class=\"read-more\"><a href=\"https:\/\/marshallradio.com\/eu\/product\/chaqueta-con-forro-polar-de-kollusion-para-hombre-2\/?lang=es\">Read more <span class=\"screen-reader-text\">Chaqueta con forro polar de Kollusion para hombre<\/span><span class=\"meta-nav\"> &#8250;<\/span><\/a><\/div>\n<p><!-- end of .read-more --><\/p>\n","protected":false},"featured_media":31497,"template":"","meta":{"_acf_changed":false},"product_brand":[],"product_cat":[70],"product_tag":[],"class_list":{"0":"post-33248","1":"product","2":"type-product","3":"status-publish","4":"has-post-thumbnail","6":"product_cat-vestir","8":"first","9":"instock","10":"taxable","11":"shipping-taxable","12":"purchasable","13":"product-type-variable"},"acf":[],"_links":{"self":[{"href":"https:\/\/marshallradio.com\/eu\/wp-json\/wp\/v2\/product\/33248","targetHints":{"allow":["GET"]}}],"collection":[{"href":"https:\/\/marshallradio.com\/eu\/wp-json\/wp\/v2\/product"}],"about":[{"href":"https:\/\/marshallradio.com\/eu\/wp-json\/wp\/v2\/types\/product"}],"wp:featuredmedia":[{"embeddable":true,"href":"https:\/\/marshallradio.com\/eu\/wp-json\/wp\/v2\/media\/31497"}],"wp:attachment":[{"href":"https:\/\/marshallradio.com\/eu\/wp-json\/wp\/v2\/media?parent=33248"}],"wp:term":[{"taxonomy":"product_brand","embeddable":true,"href":"https:\/\/marshallradio.com\/eu\/wp-json\/wp\/v2\/product_brand?post=33248"},{"taxonomy":"product_cat","embeddable":true,"href":"https:\/\/marshallradio.com\/eu\/wp-json\/wp\/v2\/product_cat?post=33248"},{"taxonomy":"product_tag","embeddable":true,"href":"https:\/\/marshallradio.com\/eu\/wp-json\/wp\/v2\/product_tag?post=33248"}],"curies":[{"name":"wp","href":"https:\/\/api.w.org\/{rel}","templated":true}]}}