
{"id":33327,"date":"2019-01-16T23:37:55","date_gmt":"2019-01-16T23:37:55","guid":{"rendered":"http:\/\/marshallradio.com\/eu\/product\/panska-bunda-firefly\/"},"modified":"2022-12-09T18:37:08","modified_gmt":"2022-12-09T18:37:08","slug":"panska-bunda-firefly","status":"publish","type":"product","link":"https:\/\/marshallradio.com\/eu\/product\/panska-bunda-firefly\/?lang=cs","title":{"rendered":"P\u00e1nsk\u00e1 bunda Firefly"},"content":{"rendered":"<p><img decoding=\"async\" src=\"https:\/\/www.kuhl.com\/media\/uploads\/infographics\/wide\/m_fireflyjacket_2732x1092_10-5-3.gif\" \/><\/p>\n","protected":false},"excerpt":{"rendered":"<p>Izolace K\u00dcHL MEN&#8217;S FIREFLY JACKET m\u00e1 zv\u00fd\u0161enou prody\u0161nost, pru\u017enost a ochranu p\u0159ed prvky. S vynikaj\u00edc\u00edm pom\u011brem teploty a hmotnosti a pokra\u010duj\u00edc\u00ed izolac\u00ed v mokr\u00e9m prost\u0159ed\u00ed poskytuje FIREFLY JACKET teplo v t\u011ble v drsn\u00fdch podm\u00ednk\u00e1ch.<\/p>\n<p>Izolace dod\u00e1v\u00e1 \u010dty\u0159cestn\u00fd \u00fasek pro v\u011bt\u0161\u00ed volnost pohybu. Tento flexibiln\u00ed izol\u00e1tor je navr\u017een pro vysok\u00e9 aerobn\u00ed aktivity a zaji\u0161\u0165uje regulaci teploty a stabilitu: b\u011bhem intenzivn\u00ed akce se nebude m\u011bnit. M\u011bkk\u00e9 sko\u0159epinov\u00e9 panely jsou strategicky um\u00edst\u011bny na loktech, ramenech a bo\u010dn\u00edch panelech nad izolac\u00ed pro maxim\u00e1ln\u00ed prody\u0161nost a flexibilitu.<\/p>\n<p>T\u011blo FIREFLY JACKET odpuzuje vodu a dod\u00e1v\u00e1 trvanlivost v m\u011bkk\u00e9m, lehk\u00e9m pouzd\u0159e. Legend\u00e1rn\u00ed 3D pl\u00e1\u0161\u0165 K\u00dcHL, mapov\u00e1n\u00ed t\u011bla a kloubov\u00e9 ruk\u00e1vy redukuj\u00ed objem a poskytuj\u00ed tvarov\u00fd st\u0159ih. Stretch tkan\u00e9 man\u017eety a v\u00e1z\u00e1n\u00ed zaji\u0161\u0165uj\u00ed t\u011bsn\u011bn\u00ed na z\u00e1p\u011bst\u00ed a spodn\u00edm lemu, zat\u00edmco nastaven\u00ed uzamykateln\u00e9ho \u0161\u0148\u016fry na otvoru kapuce zaji\u0161\u0165uje p\u0159izp\u016fsoben\u00ed.<\/p>\n<p>FIREFLY JACKET je vybaven reverzn\u00ed c\u00edvkou a hrudn\u00edmi kapsami a vnit\u0159n\u00ed s\u00ed\u0165ovou kapsou. Vlastn\u00ed reflexn\u00ed p\u00e1ska u klapky a vnit\u0159n\u00edch kapes zabra\u0148uje zachycen\u00ed a zvy\u0161uje viditelnost ve tm\u011b.<\/p>\n<p>Jm\u00e9no a logo MARSHALL RADIO TELEMETRY je na prav\u00e9m ruk\u00e1vu ohnuto a na\u0161ito nad levou kapsou na hrudi.<\/p>\n<div class=\"read-more\"><a href=\"https:\/\/marshallradio.com\/eu\/product\/panska-bunda-firefly\/?lang=cs\">Read more <span class=\"screen-reader-text\">P\u00e1nsk\u00e1 bunda Firefly<\/span><span class=\"meta-nav\"> &#8250;<\/span><\/a><\/div>\n<p><!-- end of .read-more --><\/p>\n","protected":false},"featured_media":37739,"template":"","meta":{"_acf_changed":false},"product_brand":[],"product_cat":[65],"product_tag":[],"class_list":{"0":"post-33327","1":"product","2":"type-product","3":"status-publish","4":"has-post-thumbnail","6":"product_cat-odev","8":"first","9":"instock","10":"taxable","11":"shipping-taxable","12":"purchasable","13":"product-type-variable"},"acf":[],"_links":{"self":[{"href":"https:\/\/marshallradio.com\/eu\/wp-json\/wp\/v2\/product\/33327","targetHints":{"allow":["GET"]}}],"collection":[{"href":"https:\/\/marshallradio.com\/eu\/wp-json\/wp\/v2\/product"}],"about":[{"href":"https:\/\/marshallradio.com\/eu\/wp-json\/wp\/v2\/types\/product"}],"wp:featuredmedia":[{"embeddable":true,"href":"https:\/\/marshallradio.com\/eu\/wp-json\/wp\/v2\/media\/37739"}],"wp:attachment":[{"href":"https:\/\/marshallradio.com\/eu\/wp-json\/wp\/v2\/media?parent=33327"}],"wp:term":[{"taxonomy":"product_brand","embeddable":true,"href":"https:\/\/marshallradio.com\/eu\/wp-json\/wp\/v2\/product_brand?post=33327"},{"taxonomy":"product_cat","embeddable":true,"href":"https:\/\/marshallradio.com\/eu\/wp-json\/wp\/v2\/product_cat?post=33327"},{"taxonomy":"product_tag","embeddable":true,"href":"https:\/\/marshallradio.com\/eu\/wp-json\/wp\/v2\/product_tag?post=33327"}],"curies":[{"name":"wp","href":"https:\/\/api.w.org\/{rel}","templated":true}]}}