
{"id":33360,"date":"2019-01-16T23:37:55","date_gmt":"2019-01-16T23:37:55","guid":{"rendered":"http:\/\/marshallradio.com\/eu\/product\/herren-firefly-jacke\/"},"modified":"2022-12-09T18:38:29","modified_gmt":"2022-12-09T18:38:29","slug":"herren-firefly-jacke","status":"publish","type":"product","link":"https:\/\/marshallradio.com\/eu\/product\/herren-firefly-jacke\/?lang=de","title":{"rendered":"Herren Firefly Jacke"},"content":{"rendered":"<p><img decoding=\"async\" src=\"https:\/\/www.kuhl.com\/media\/uploads\/infographics\/wide\/m_fireflyjacket_2732x1092_10-5-3.gif\" \/><\/p>\n","protected":false},"excerpt":{"rendered":"<p>Die Isolierung der K\u00dcHL MEN&#8217;S FIREFLY JACKET bietet verbesserte Atmungsaktivit\u00e4t, Flexibilit\u00e4t und Schutz vor den Elementen. Mit einem hervorragenden W\u00e4rme-Gewichts-Verh\u00e4ltnis und fortgesetzter Isolierung bei N\u00e4sse bietet die FIREFLY JACKET K\u00f6rperw\u00e4rme bei rauen Bedingungen.<\/p>\n<p>Die Isolierung sorgt durch die Vier-Wege-Dehnung f\u00fcr mehr Bewegungsfreiheit. Dieser flexible Isolator wurde f\u00fcr hohe aerobe Aktivit\u00e4ten entwickelt und bietet Temperaturregulierung und Stabilit\u00e4t: Er verschiebt sich nicht bei intensiver Beanspruchung. Softshell-Paneele werden strategisch auf Ellbogen, Arm und Seiten \u00fcber der Isolierung platziert, um die ultimative Atmungsaktivit\u00e4t und Flexibilit\u00e4t zu gew\u00e4hrleisten.<\/p>\n<p>Der K\u00f6rper der FIREFLY JACKET ist wasserabweisend und bietet Haltbarkeit in einer weichen, leichten Schale. K\u00dcHLs legend\u00e4res 3D-Muster, Body Mapping und Gelenk\u00e4rmel reduzieren das Volumen und sorgen f\u00fcr Formschluss. Stretchb\u00fcndchen und -b\u00fcndchen sichern den Verschluss am Handgelenk und am unteren Saum, w\u00e4hrend die Kordelverriegelung an der Kapuzen\u00f6ffnung f\u00fcr eine individuelle Passform sorgt.<\/p>\n<p>Die FIREFLY JACKET verf\u00fcgt \u00fcber umgekehrte Hand- und Brusttaschen sowie eine Innentasche aus Mesh. Benutzerdefiniertes Reflexband an der Windschutzklappe und den Innentaschen verhindert ein Verkanten und erh\u00f6ht die Sichtbarkeit im Dunkeln.<\/p>\n<p>Der Name und das Logo von MARSHALL RADIO TELEMETRY befinden sich auf dem rechten \u00c4rmel und sind \u00fcber der linken Brusttasche aufgen\u00e4ht.<\/p>\n<div class=\"read-more\"><a href=\"https:\/\/marshallradio.com\/eu\/product\/herren-firefly-jacke\/?lang=de\">Read more <span class=\"screen-reader-text\">Herren Firefly Jacke<\/span><span class=\"meta-nav\"> &#8250;<\/span><\/a><\/div>\n<p><!-- end of .read-more --><\/p>\n","protected":false},"featured_media":37742,"template":"","meta":{"_acf_changed":false},"product_brand":[],"product_cat":[68],"product_tag":[],"class_list":{"0":"post-33360","1":"product","2":"type-product","3":"status-publish","4":"has-post-thumbnail","6":"product_cat-bekleidung","8":"first","9":"instock","10":"taxable","11":"shipping-taxable","12":"purchasable","13":"product-type-variable"},"acf":[],"_links":{"self":[{"href":"https:\/\/marshallradio.com\/eu\/wp-json\/wp\/v2\/product\/33360","targetHints":{"allow":["GET"]}}],"collection":[{"href":"https:\/\/marshallradio.com\/eu\/wp-json\/wp\/v2\/product"}],"about":[{"href":"https:\/\/marshallradio.com\/eu\/wp-json\/wp\/v2\/types\/product"}],"wp:featuredmedia":[{"embeddable":true,"href":"https:\/\/marshallradio.com\/eu\/wp-json\/wp\/v2\/media\/37742"}],"wp:attachment":[{"href":"https:\/\/marshallradio.com\/eu\/wp-json\/wp\/v2\/media?parent=33360"}],"wp:term":[{"taxonomy":"product_brand","embeddable":true,"href":"https:\/\/marshallradio.com\/eu\/wp-json\/wp\/v2\/product_brand?post=33360"},{"taxonomy":"product_cat","embeddable":true,"href":"https:\/\/marshallradio.com\/eu\/wp-json\/wp\/v2\/product_cat?post=33360"},{"taxonomy":"product_tag","embeddable":true,"href":"https:\/\/marshallradio.com\/eu\/wp-json\/wp\/v2\/product_tag?post=33360"}],"curies":[{"name":"wp","href":"https:\/\/api.w.org\/{rel}","templated":true}]}}