
{"id":33415,"date":"2019-01-16T23:34:24","date_gmt":"2019-01-16T23:34:24","guid":{"rendered":"http:\/\/marshallradio.com\/eu\/product\/sweat-a-capuche-spyfire-femme\/"},"modified":"2022-12-09T18:42:36","modified_gmt":"2022-12-09T18:42:36","slug":"sweat-a-capuche-spyfire-femme","status":"publish","type":"product","link":"https:\/\/marshallradio.com\/eu\/product\/sweat-a-capuche-spyfire-femme\/?lang=fr","title":{"rendered":"Sweat \u00e0 capuche Spyfire Femme"},"content":{"rendered":"","protected":false},"excerpt":{"rendered":"<p>Le K\u00dcHL SPYFIRE HOODY combine des tissus de qualit\u00e9 sup\u00e9rieure, des motifs articul\u00e9s et la cartographie thermique du corps pour offrir des performances techniques avec un style sans pr\u00e9c\u00e9dent. Le nom et le logo MARSHALL RADIO TELEMETRY sont patch\u00e9s sur le bras droit et cousus sur la poitrine gauche.<\/p>\n<ul>\n<li>Large d\u00e9flecteur sur le devant, dans le dos et sur les manches pour plus de chaleur<\/li>\n<li>Petits d\u00e9flecteurs au niveau du corps et sous les manches pour un encombrement r\u00e9duit<\/li>\n<li>Superposition strat\u00e9giquement plac\u00e9e sur le devant du corps et les manches pour une protection accrue contre les \u00e9l\u00e9ments<\/li>\n<li>Ruban r\u00e9fl\u00e9chissant sur le rabat et les poches int\u00e9rieures<\/li>\n<li>Ouverture \u00e9lastique aux poignets<\/li>\n<li>Goussets sous les aisselles pour une a\u00e9ration et une \u00e9lasticit\u00e9 exceptionnelles<\/li>\n<li>Manche \u00e0 glissi\u00e8re et poche int\u00e9rieure<\/li>\n<li>Import\u00e9<\/li>\n<\/ul>\n<div class=\"read-more\"><a href=\"https:\/\/marshallradio.com\/eu\/product\/sweat-a-capuche-spyfire-femme\/?lang=fr\">Read more <span class=\"screen-reader-text\">Sweat \u00e0 capuche Spyfire Femme<\/span><span class=\"meta-nav\"> &#8250;<\/span><\/a><\/div>\n<p><!-- end of .read-more --><\/p>\n","protected":false},"featured_media":37748,"template":"","meta":{"_acf_changed":false},"product_brand":[],"product_cat":[67],"product_tag":[],"class_list":{"0":"post-33415","1":"product","2":"type-product","3":"status-publish","4":"has-post-thumbnail","6":"product_cat-vetements","8":"first","9":"instock","10":"taxable","11":"shipping-taxable","12":"purchasable","13":"product-type-variable"},"acf":[],"_links":{"self":[{"href":"https:\/\/marshallradio.com\/eu\/wp-json\/wp\/v2\/product\/33415","targetHints":{"allow":["GET"]}}],"collection":[{"href":"https:\/\/marshallradio.com\/eu\/wp-json\/wp\/v2\/product"}],"about":[{"href":"https:\/\/marshallradio.com\/eu\/wp-json\/wp\/v2\/types\/product"}],"wp:featuredmedia":[{"embeddable":true,"href":"https:\/\/marshallradio.com\/eu\/wp-json\/wp\/v2\/media\/37748"}],"wp:attachment":[{"href":"https:\/\/marshallradio.com\/eu\/wp-json\/wp\/v2\/media?parent=33415"}],"wp:term":[{"taxonomy":"product_brand","embeddable":true,"href":"https:\/\/marshallradio.com\/eu\/wp-json\/wp\/v2\/product_brand?post=33415"},{"taxonomy":"product_cat","embeddable":true,"href":"https:\/\/marshallradio.com\/eu\/wp-json\/wp\/v2\/product_cat?post=33415"},{"taxonomy":"product_tag","embeddable":true,"href":"https:\/\/marshallradio.com\/eu\/wp-json\/wp\/v2\/product_tag?post=33415"}],"curies":[{"name":"wp","href":"https:\/\/api.w.org\/{rel}","templated":true}]}}