
{"id":33447,"date":"2019-01-16T23:32:50","date_gmt":"2019-01-16T23:32:50","guid":{"rendered":"http:\/\/marshallradio.com\/eu\/product\/damska-svetluska\/"},"modified":"2022-12-09T18:44:07","modified_gmt":"2022-12-09T18:44:07","slug":"damska-svetluska","status":"publish","type":"product","link":"https:\/\/marshallradio.com\/eu\/product\/damska-svetluska\/?lang=cs","title":{"rendered":"D\u00e1msk\u00e1 sv\u011btlu\u0161ka"},"content":{"rendered":"","protected":false},"excerpt":{"rendered":"<p>K\u00dcHL WOMEN&#8217;S FIREFLY JACKET nab\u00edz\u00ed lehkou izolaci pro lep\u0161\u00ed prody\u0161nost, flexibilitu a teplo v t\u011ble.<\/p>\n<p>FIREFLY JACKET m\u00e1 \u010dty\u0159cestn\u00fd \u00fasek pro v\u011bt\u0161\u00ed volnost pohybu. Tato pru\u017en\u00e1 bunda je navr\u017eena pro vysok\u00e9 aerobn\u00ed aktivity a zaji\u0161\u0165uje regulaci teploty a stabilitu: b\u011bhem intenzivn\u00ed akce se nebude m\u011bnit. M\u011bkk\u00e9 sko\u0159epinov\u00e9 panely jsou strategicky um\u00edst\u011bny na loktech, ramenech a bo\u010dn\u00edch panelech pro maxim\u00e1ln\u00ed prody\u0161nost a pru\u017enost.<\/p>\n<p>T\u011blo FIREFLY JACKET odpuzuje vodu a dod\u00e1v\u00e1 trvanlivost v m\u011bkk\u00e9m, lehk\u00e9m pouzd\u0159e. K\u00dcHL je legend\u00e1rn\u00ed 3D mapov\u00e1n\u00ed vzor\u016f a t\u011bl zmen\u0161uje objem a poskytuje tvarovou \u00fapravu. Vnit\u0159n\u00ed l\u00edmec je opat\u0159en pleteninou pro nas\u00e1v\u00e1n\u00ed, zat\u00edmco elastick\u00e9 man\u017eety zaji\u0161\u0165uj\u00ed t\u011bsn\u011bn\u00ed na z\u00e1p\u011bst\u00ed.<\/p>\n<p>FIREFLY JACKET je vybavena reverzn\u00ed c\u00edvkou a kapsami na hrudi a vnit\u0159n\u00ed kapsou na zip. Vlastn\u00ed reflexn\u00ed p\u00e1ska na klapce a vnit\u0159n\u00edch kaps\u00e1ch zabra\u0148uje zachycen\u00ed a zvy\u0161uje viditelnost ve tm\u011b. Jm\u00e9no a logo MARSHALL RADIO TELEMETRY je na prav\u00e9 ruce ohnuto a nalepeno na lev\u00e9 stran\u011b hrudi.<\/p>\n<div class=\"read-more\"><a href=\"https:\/\/marshallradio.com\/eu\/product\/damska-svetluska\/?lang=cs\">Read more <span class=\"screen-reader-text\">D\u00e1msk\u00e1 sv\u011btlu\u0161ka<\/span><span class=\"meta-nav\"> &#8250;<\/span><\/a><\/div>\n<p><!-- end of .read-more --><\/p>\n","protected":false},"featured_media":29980,"template":"","meta":{"_acf_changed":false},"product_brand":[],"product_cat":[65],"product_tag":[],"class_list":{"0":"post-33447","1":"product","2":"type-product","3":"status-publish","4":"has-post-thumbnail","6":"product_cat-odev","8":"first","9":"instock","10":"taxable","11":"shipping-taxable","12":"purchasable","13":"product-type-variable"},"acf":[],"_links":{"self":[{"href":"https:\/\/marshallradio.com\/eu\/wp-json\/wp\/v2\/product\/33447","targetHints":{"allow":["GET"]}}],"collection":[{"href":"https:\/\/marshallradio.com\/eu\/wp-json\/wp\/v2\/product"}],"about":[{"href":"https:\/\/marshallradio.com\/eu\/wp-json\/wp\/v2\/types\/product"}],"wp:featuredmedia":[{"embeddable":true,"href":"https:\/\/marshallradio.com\/eu\/wp-json\/wp\/v2\/media\/29980"}],"wp:attachment":[{"href":"https:\/\/marshallradio.com\/eu\/wp-json\/wp\/v2\/media?parent=33447"}],"wp:term":[{"taxonomy":"product_brand","embeddable":true,"href":"https:\/\/marshallradio.com\/eu\/wp-json\/wp\/v2\/product_brand?post=33447"},{"taxonomy":"product_cat","embeddable":true,"href":"https:\/\/marshallradio.com\/eu\/wp-json\/wp\/v2\/product_cat?post=33447"},{"taxonomy":"product_tag","embeddable":true,"href":"https:\/\/marshallradio.com\/eu\/wp-json\/wp\/v2\/product_tag?post=33447"}],"curies":[{"name":"wp","href":"https:\/\/api.w.org\/{rel}","templated":true}]}}