
{"id":33465,"date":"2019-01-16T23:32:50","date_gmt":"2019-01-16T23:32:50","guid":{"rendered":"http:\/\/marshallradio.com\/eu\/product\/veste-firefly-femme\/"},"modified":"2022-12-09T18:44:08","modified_gmt":"2022-12-09T18:44:08","slug":"veste-firefly-femme","status":"publish","type":"product","link":"https:\/\/marshallradio.com\/eu\/product\/veste-firefly-femme\/?lang=fr","title":{"rendered":"Veste Firefly Femme"},"content":{"rendered":"","protected":false},"excerpt":{"rendered":"<p>La veste anti-feu K\u00dcHL pour femmes comporte une isolation l\u00e9g\u00e8re qui am\u00e9liore la respirabilit\u00e9, la flexibilit\u00e9 et la chaleur corporelle dans des conditions difficiles.<\/p>\n<p>Le FIREFLY JACKET est extensible dans les quatre sens pour une plus grande libert\u00e9 de mouvement. Con\u00e7ue pour les activit\u00e9s a\u00e9robiques \u00e9lev\u00e9es, cette veste flexible assure la r\u00e9gulation de la temp\u00e9rature et la stabilit\u00e9: elle ne se d\u00e9placera pas pendant une action intense. Les panneaux Soft Shell sont plac\u00e9s de mani\u00e8re strat\u00e9gique sur les coudes, les bras et les panneaux lat\u00e9raux pour une respirabilit\u00e9 et une flexibilit\u00e9 optimales.<\/p>\n<p>Le corps de la veste anti-feu repousse l&#8217;eau et offre une durabilit\u00e9 dans une coque douce et l\u00e9g\u00e8re. La l\u00e9gendaire structure de corps et de corps 3D de K\u00dcHL r\u00e9duit l&#8217;encombrement et offre un ajustement parfait. Le support int\u00e9rieur du col est en tissu tricot\u00e9 pour absorber la transpiration, tandis que des poignets tiss\u00e9s extensibles maintiennent le sceau au poignet.<\/p>\n<p>La veste FIREFLY JACKET comprend des poches pour la main et la poitrine \u00e0 revers invers\u00e9 et une poche int\u00e9rieure zipp\u00e9e. Un ruban r\u00e9fl\u00e9chissant sur le rabat et les poches int\u00e9rieures \u00e9vite les accrocs et augmente la visibilit\u00e9 dans l&#8217;obscurit\u00e9. Le nom et le logo de MARSHALL RADIO TELEMETRY sont patch\u00e9s sur le bras droit et cousus sur la poitrine gauche.<\/p>\n<div class=\"read-more\"><a href=\"https:\/\/marshallradio.com\/eu\/product\/veste-firefly-femme\/?lang=fr\">Read more <span class=\"screen-reader-text\">Veste Firefly Femme<\/span><span class=\"meta-nav\"> &#8250;<\/span><\/a><\/div>\n<p><!-- end of .read-more --><\/p>\n","protected":false},"featured_media":29982,"template":"","meta":{"_acf_changed":false},"product_brand":[],"product_cat":[67],"product_tag":[],"class_list":{"0":"post-33465","1":"product","2":"type-product","3":"status-publish","4":"has-post-thumbnail","6":"product_cat-vetements","8":"first","9":"instock","10":"taxable","11":"shipping-taxable","12":"purchasable","13":"product-type-variable"},"acf":[],"_links":{"self":[{"href":"https:\/\/marshallradio.com\/eu\/wp-json\/wp\/v2\/product\/33465","targetHints":{"allow":["GET"]}}],"collection":[{"href":"https:\/\/marshallradio.com\/eu\/wp-json\/wp\/v2\/product"}],"about":[{"href":"https:\/\/marshallradio.com\/eu\/wp-json\/wp\/v2\/types\/product"}],"wp:featuredmedia":[{"embeddable":true,"href":"https:\/\/marshallradio.com\/eu\/wp-json\/wp\/v2\/media\/29982"}],"wp:attachment":[{"href":"https:\/\/marshallradio.com\/eu\/wp-json\/wp\/v2\/media?parent=33465"}],"wp:term":[{"taxonomy":"product_brand","embeddable":true,"href":"https:\/\/marshallradio.com\/eu\/wp-json\/wp\/v2\/product_brand?post=33465"},{"taxonomy":"product_cat","embeddable":true,"href":"https:\/\/marshallradio.com\/eu\/wp-json\/wp\/v2\/product_cat?post=33465"},{"taxonomy":"product_tag","embeddable":true,"href":"https:\/\/marshallradio.com\/eu\/wp-json\/wp\/v2\/product_tag?post=33465"}],"curies":[{"name":"wp","href":"https:\/\/api.w.org\/{rel}","templated":true}]}}