
{"id":33483,"date":"2019-01-16T23:32:50","date_gmt":"2019-01-16T23:32:50","guid":{"rendered":"http:\/\/marshallradio.com\/eu\/product\/giacca-da-donna-firefly\/"},"modified":"2022-12-09T18:44:08","modified_gmt":"2022-12-09T18:44:08","slug":"giacca-da-donna-firefly","status":"publish","type":"product","link":"https:\/\/marshallradio.com\/eu\/product\/giacca-da-donna-firefly\/?lang=it","title":{"rendered":"Giacca da donna Firefly"},"content":{"rendered":"","protected":false},"excerpt":{"rendered":"<p>La GIACCA FIREFLY di K\u00dcHL WOMEN \u00e8 caratterizzata da un leggero isolamento per una maggiore traspirabilit\u00e0, flessibilit\u00e0 e calore del corpo in condizioni difficili.<\/p>\n<p>Il FIREFLY JACKET ha un allungamento a quattro vie per una maggiore libert\u00e0 di movimento. Progettata per attivit\u00e0 aerobiche elevate, questa giacca flessibile offre regolazione della temperatura e stabilit\u00e0: non si sposter\u00e0 durante l&#8217;azione intensa. I pannelli soft shell sono posizionati strategicamente sui gomiti, sul braccio e sui pannelli laterali per la massima traspirabilit\u00e0 e flessibilit\u00e0.<\/p>\n<p>Il corpo della FIREFLY JACKET respinge l&#8217;acqua e offre resistenza nel guscio morbido e leggero. Il leggendario modello 3D e la mappatura del corpo di K\u00dcHL riducono l&#8217;ingombro e offrono una forma perfetta. Il colletto interno presenta un tessuto a maglia per l&#8217;assorbimento, mentre i polsini elasticizzati assicurano la tenuta al polso.<\/p>\n<p>La giacca FIREFLY presenta tasche a mano e taschino sul retro della bobina e una tasca interna con cerniera. Il nastro riflettente personalizzato sul risvolto del risvolto e le tasche interne prevengono gli strappi e aumenta la visibilit\u00e0 al buio. Il nome e il logo MARSHALL RADIO TELEMETRY sono applicati sul braccio destro e cuciti sul lato sinistro del petto.<\/p>\n<div class=\"read-more\"><a href=\"https:\/\/marshallradio.com\/eu\/product\/giacca-da-donna-firefly\/?lang=it\">Read more <span class=\"screen-reader-text\">Giacca da donna Firefly<\/span><span class=\"meta-nav\"> &#8250;<\/span><\/a><\/div>\n<p><!-- end of .read-more --><\/p>\n","protected":false},"featured_media":29984,"template":"","meta":{"_acf_changed":false},"product_brand":[],"product_cat":[69],"product_tag":[],"class_list":{"0":"post-33483","1":"product","2":"type-product","3":"status-publish","4":"has-post-thumbnail","6":"product_cat-abbigliamento","8":"first","9":"instock","10":"taxable","11":"shipping-taxable","12":"purchasable","13":"product-type-variable"},"acf":[],"_links":{"self":[{"href":"https:\/\/marshallradio.com\/eu\/wp-json\/wp\/v2\/product\/33483","targetHints":{"allow":["GET"]}}],"collection":[{"href":"https:\/\/marshallradio.com\/eu\/wp-json\/wp\/v2\/product"}],"about":[{"href":"https:\/\/marshallradio.com\/eu\/wp-json\/wp\/v2\/types\/product"}],"wp:featuredmedia":[{"embeddable":true,"href":"https:\/\/marshallradio.com\/eu\/wp-json\/wp\/v2\/media\/29984"}],"wp:attachment":[{"href":"https:\/\/marshallradio.com\/eu\/wp-json\/wp\/v2\/media?parent=33483"}],"wp:term":[{"taxonomy":"product_brand","embeddable":true,"href":"https:\/\/marshallradio.com\/eu\/wp-json\/wp\/v2\/product_brand?post=33483"},{"taxonomy":"product_cat","embeddable":true,"href":"https:\/\/marshallradio.com\/eu\/wp-json\/wp\/v2\/product_cat?post=33483"},{"taxonomy":"product_tag","embeddable":true,"href":"https:\/\/marshallradio.com\/eu\/wp-json\/wp\/v2\/product_tag?post=33483"}],"curies":[{"name":"wp","href":"https:\/\/api.w.org\/{rel}","templated":true}]}}