
{"id":33492,"date":"2019-01-16T23:32:50","date_gmt":"2019-01-16T23:32:50","guid":{"rendered":"http:\/\/marshallradio.com\/eu\/product\/chaqueta-firefly-para-mujer\/"},"modified":"2022-12-09T18:44:08","modified_gmt":"2022-12-09T18:44:08","slug":"chaqueta-firefly-para-mujer","status":"publish","type":"product","link":"https:\/\/marshallradio.com\/eu\/product\/chaqueta-firefly-para-mujer\/?lang=es","title":{"rendered":"Chaqueta Firefly para mujer"},"content":{"rendered":"","protected":false},"excerpt":{"rendered":"<p>La CHAQUETA DE FIREFLY PARA MUJERES K\u00dcHL cuenta con un aislamiento liviano para mejorar la transpiraci\u00f3n, flexibilidad y brindar calor corporal en condiciones extremas.<\/p>\n<p>La CHAQUETA FIREFLY tiene un tramo de cuatro v\u00edas para una mayor libertad de movimiento. Dise\u00f1ada para actividades aer\u00f3bicas, esta chaqueta flexible proporciona regulaci\u00f3n de la temperatura y estabilidad: no se desplazar\u00e1 durante la acci\u00f3n intensa. Los paneles de cubierta blanda se colocan estrat\u00e9gicamente en los codos y los brazos y ofrecen la m\u00e1xima transpirabilidad y flexibilidad.<\/p>\n<p>El cuerpo de la CHAQUETA FIREFLY repele el agua y ofrece grand durabilidad con una cubierta suave y liviana. El legendario patr\u00f3n 3D y el ajuste inteligente al cuerpo de K\u00dcHL reducen el volumen y proporcionan un ajuste perfecto. La capa interna del cuello tiene tejido de punto, mientras que los pu\u00f1os tejidos el\u00e1sticos aseguran el ajuste en la mu\u00f1eca.<\/p>\n<p>La CHAQUETA FIREFLY cuenta con bolsillos de mano y pecho, y un bolsillo interior con cremallera. La cinta reflectante personalizada en la solapa\u00a0 y en los bolsillos interiores previene enganches y aumenta la visibilidad en la oscuridad. El nombre y el logotipo de MARSHALL RADIO TELEMETRY est\u00e1n parcheados en el brazo derecho y cosidos en el pecho izquierdo.<\/p>\n<div class=\"read-more\"><a href=\"https:\/\/marshallradio.com\/eu\/product\/chaqueta-firefly-para-mujer\/?lang=es\">Read more <span class=\"screen-reader-text\">Chaqueta Firefly para mujer<\/span><span class=\"meta-nav\"> &#8250;<\/span><\/a><\/div>\n<p><!-- end of .read-more --><\/p>\n","protected":false},"featured_media":29985,"template":"","meta":{"_acf_changed":false},"product_brand":[],"product_cat":[70],"product_tag":[],"class_list":{"0":"post-33492","1":"product","2":"type-product","3":"status-publish","4":"has-post-thumbnail","6":"product_cat-vestir","8":"first","9":"instock","10":"taxable","11":"shipping-taxable","12":"purchasable","13":"product-type-variable"},"acf":[],"_links":{"self":[{"href":"https:\/\/marshallradio.com\/eu\/wp-json\/wp\/v2\/product\/33492","targetHints":{"allow":["GET"]}}],"collection":[{"href":"https:\/\/marshallradio.com\/eu\/wp-json\/wp\/v2\/product"}],"about":[{"href":"https:\/\/marshallradio.com\/eu\/wp-json\/wp\/v2\/types\/product"}],"wp:featuredmedia":[{"embeddable":true,"href":"https:\/\/marshallradio.com\/eu\/wp-json\/wp\/v2\/media\/29985"}],"wp:attachment":[{"href":"https:\/\/marshallradio.com\/eu\/wp-json\/wp\/v2\/media?parent=33492"}],"wp:term":[{"taxonomy":"product_brand","embeddable":true,"href":"https:\/\/marshallradio.com\/eu\/wp-json\/wp\/v2\/product_brand?post=33492"},{"taxonomy":"product_cat","embeddable":true,"href":"https:\/\/marshallradio.com\/eu\/wp-json\/wp\/v2\/product_cat?post=33492"},{"taxonomy":"product_tag","embeddable":true,"href":"https:\/\/marshallradio.com\/eu\/wp-json\/wp\/v2\/product_tag?post=33492"}],"curies":[{"name":"wp","href":"https:\/\/api.w.org\/{rel}","templated":true}]}}