
{"id":33595,"date":"2019-01-14T18:54:16","date_gmt":"2019-06-14T21:10:18","guid":{"rendered":"http:\/\/marshallradio.com\/eu\/product\/dobijeci-baterie\/"},"modified":"2023-03-07T23:47:47","modified_gmt":"2023-03-07T23:47:47","slug":"pridavne-dobijeci-baterie","status":"publish","type":"product","link":"https:\/\/marshallradio.com\/eu\/product\/pridavne-dobijeci-baterie\/?lang=cs","title":{"rendered":"Dob\u00edjec\u00ed baterie"},"content":{"rendered":"<p><strong>integr\u00e1ln\u00ed design<br \/>\n<\/strong> Marshallovy r\u00e1diov\u00e9 dob\u00edjec\u00ed baterie se trvale zabuduj\u00ed do v\u00edka a tvorba jednoduch\u00fd, robustn\u00ed a jednod\u00edln\u00fd design. Jednodu\u0161e nasa\u010fte na vys\u00edla\u010d a spus\u0165te jej. Na\u0161roubujte na nab\u00edje\u010dku a vy\u010dkejte, a\u017e zelen\u00e1 kontrolka uvede pln\u00e9 nabit\u00ed a p\u0159ipravenost k opakovan\u00e9mu pou\u017eit\u00ed. Ochrann\u00fd obvod uvnit\u0159 v\u00edka v\u00e1s udr\u017euje v bezpe\u010d\u00ed.<\/p>\n<p><strong>V\u00edce mo\u017enost\u00ed, kter\u00e9 odpov\u00eddaj\u00ed up\u0159ednost\u0148ovan\u00e9 metod\u011b mont\u00e1\u017ee<\/strong><br \/>\nVytvo\u0159ili jsme t\u0159i typy v\u00edka baterie: 1) v\u00edko s kulkou, pou\u017e\u00edvan\u00e9 pro za\u0159\u00edzen\u00ed TrackPack nebo pro upevn\u011bn\u00ed ocasu, 2) tradi\u010dn\u00ed Bewit styl pro p\u0159ipevn\u011bn\u00ed na nohy a 3) nov\u00fd EZ kroutit-na po\u0161ta, kter\u00fd je nyn\u00ed pou\u017e\u00edv\u00e1n Sokoln\u00edky po cel\u00e9m sv\u011bt\u011b.<\/p>\n<p><strong>Rychl\u00fd konstrukce<\/strong><br \/>\nNab\u00edje\u010dka bude do dvou hodin plnit vy\u010derpanou baterii, ale pro b\u011b\u017en\u00e9 pou\u017eit\u00ed, kdy je akumul\u00e1tor pou\u017e\u00edv\u00e1n do hodiny, m\u016f\u017ee b\u00fdt akumul\u00e1tor korunovan\u00fd za pouh\u00fdch p\u00e1r minut.<\/p>\n<p><strong>Zlep\u0161en\u00e9 v\u00fdsledky studen\u00e9ho po\u010das\u00ed<\/strong><br \/>\n80 kapacita baterie p\u0159i-20C.<\/p>\n<p><strong>\u017d\u00e1dn\u00e9 pou\u017eit\u00ed stresu<\/strong><br \/>\nVyvrcholte je tolikr\u00e1t, kolikr\u00e1t chcete (bez pam\u011bti) nebo je nechte zapojovat, bez rizika po\u0161kozen\u00ed.<\/p>\n<p><strong>doba b\u011bhu<\/strong><br \/>\nLithium-polymerov\u00fd akumul\u00e1tor pracuje p\u0159ibli\u017en\u011b stejn\u011b dlouho jako 1\/3N.<\/p>\n","protected":false},"excerpt":{"rendered":"<p>&nbsp;<\/p>\n<p>Dob\u00edjec\u00ed baterie jsou speci\u00e1ln\u011b ur\u010deny pro RT-GPS krom\u011b n\u011bkter\u00fdch dal\u0161\u00edch 2018 nebo nov\u011bj\u0161\u00edch vys\u00edla\u010d\u016f.<\/p>\n<p><strong>Pozn\u00e1mka: V\u0161echny RT-GPS a GPS Turbo jsou nyn\u00ed standardn\u011b vybaveny dob\u00edjec\u00ed bateri\u00ed.<\/strong><\/p>\n<div><\/div>\n<div class=\"read-more\"><a href=\"https:\/\/marshallradio.com\/eu\/product\/pridavne-dobijeci-baterie\/?lang=cs\">Read more <span class=\"screen-reader-text\">Dob\u00edjec\u00ed baterie<\/span><span class=\"meta-nav\"> &#8250;<\/span><\/a><\/div>\n<p><!-- end of .read-more --><\/p>\n","protected":false},"featured_media":44080,"template":"","meta":{"_acf_changed":false},"product_brand":[],"product_cat":[59,151,72],"product_tag":[],"class_list":{"0":"post-33595","1":"product","2":"type-product","3":"status-publish","4":"has-post-thumbnail","6":"product_cat-worldwide-accessories-excluding-gulf","7":"product_cat-produkty-papouska","8":"product_cat-system-gps","10":"first","11":"instock","12":"taxable","13":"shipping-taxable","14":"purchasable","15":"product-type-variable"},"acf":[],"_links":{"self":[{"href":"https:\/\/marshallradio.com\/eu\/wp-json\/wp\/v2\/product\/33595","targetHints":{"allow":["GET"]}}],"collection":[{"href":"https:\/\/marshallradio.com\/eu\/wp-json\/wp\/v2\/product"}],"about":[{"href":"https:\/\/marshallradio.com\/eu\/wp-json\/wp\/v2\/types\/product"}],"wp:featuredmedia":[{"embeddable":true,"href":"https:\/\/marshallradio.com\/eu\/wp-json\/wp\/v2\/media\/44080"}],"wp:attachment":[{"href":"https:\/\/marshallradio.com\/eu\/wp-json\/wp\/v2\/media?parent=33595"}],"wp:term":[{"taxonomy":"product_brand","embeddable":true,"href":"https:\/\/marshallradio.com\/eu\/wp-json\/wp\/v2\/product_brand?post=33595"},{"taxonomy":"product_cat","embeddable":true,"href":"https:\/\/marshallradio.com\/eu\/wp-json\/wp\/v2\/product_cat?post=33595"},{"taxonomy":"product_tag","embeddable":true,"href":"https:\/\/marshallradio.com\/eu\/wp-json\/wp\/v2\/product_tag?post=33595"}],"curies":[{"name":"wp","href":"https:\/\/api.w.org\/{rel}","templated":true}]}}