
{"id":33615,"date":"2019-01-14T18:54:16","date_gmt":"2019-06-14T21:42:27","guid":{"rendered":"http:\/\/marshallradio.com\/eu\/product\/accus\/"},"modified":"2023-03-07T23:48:34","modified_gmt":"2023-03-07T23:48:34","slug":"piles-rechargeables-supplementaires","status":"publish","type":"product","link":"https:\/\/marshallradio.com\/eu\/product\/piles-rechargeables-supplementaires\/?lang=fr","title":{"rendered":"Accus"},"content":{"rendered":"<p><strong>Conception<br \/>\nint\u00e9grale<\/strong> Les batteries rechargeables Marshall radio sont incorpor\u00e9es en permanence dans le couvercle, ce qui en fait une conception et design simple, robuste et monobloc. Il suffit de visser sur votre \u00e9metteur et l\u2019ex\u00e9cuter. Vissez-le \u00e0 votre chargeur et attendez que le voyant vert indique une charge compl\u00e8te et pr\u00eat \u00e0 \u00eatre r\u00e9utilis\u00e9. Un circuit de protection \u00e0 l\u2019int\u00e9rieur du couvercle vous maintient en s\u00e9curit\u00e9.<\/p>\n<p><strong>Plusieurs options pour correspondre \u00e0 votre m\u00e9thode de montage pr\u00e9f\u00e9r\u00e9e<\/strong><br \/>\nNous avons cr\u00e9\u00e9 trois types de couvercle de batterie: 1) couvercle de balle, utilis\u00e9 pour le montage TrackPack ou talon, 2) style traditionnel Bewit pour la fixation des jambes, et 3) la nouvelle conception de poteau \u00e0 visser d\u2019EZ TWIST maintenant utilis\u00e9e par les fauteurs du monde entier.<\/p>\n<p><strong>Conception de charge rapide<\/strong><br \/>\nLe chargeur remplira une batterie \u00e9puis\u00e9e en moins de deux heures, mais pour une utilisation normale o\u00f9 la batterie est utilis\u00e9e pendant moins d\u2019une heure, la batterie peut \u00eatre surmont\u00e9e en quelques minutes.<\/p>\n<p><strong>Am\u00e9lioration de la performance par temps froid<\/strong><br \/>\n80 capacit\u00e9 de la batterie \u00e0-20C.<\/p>\n<p><strong>Pas d\u2019utilisation du stress<\/strong><br \/>\nRedescendez-les autant de fois que vous le souhaitez (pas de m\u00e9moire) ou laissez-les branch\u00e9s, sans risque de dommages.<\/p>\n<p><strong>Temps d&#8217;ex\u00e9cution<\/strong><br \/>\nBatterie au lithium-polym\u00e8re fonctionne approximativement le m\u00eame laps de temps que le 1\/3N.<\/p>\n","protected":false},"excerpt":{"rendered":"<p>&nbsp;<\/p>\n<p>Les batteries rechargeables sont con\u00e7ues sp\u00e9cifiquement pour le RT-GPS en plus de certains autres \u00e9metteurs 2018 ou plus r\u00e9cents.<\/p>\n<p><strong>Remarque: chaque RT-GPS et GPS Turbo est d\u00e9sormais livr\u00e9 en standard avec une batterie rechargeable.<\/strong><\/p>\n<div><\/div>\n<div class=\"read-more\"><a href=\"https:\/\/marshallradio.com\/eu\/product\/piles-rechargeables-supplementaires\/?lang=fr\">Read more <span class=\"screen-reader-text\">Accus<\/span><span class=\"meta-nav\"> &#8250;<\/span><\/a><\/div>\n<p><!-- end of .read-more --><\/p>\n","protected":false},"featured_media":44082,"template":"","meta":{"_acf_changed":false},"product_brand":[],"product_cat":[61,153,74],"product_tag":[],"class_list":{"0":"post-33615","1":"product","2":"type-product","3":"status-publish","4":"has-post-thumbnail","6":"product_cat-worldwide-accessories-excluding-gulf-fr","7":"product_cat-produits-parrot","8":"product_cat-systeme-gps","10":"first","11":"instock","12":"taxable","13":"shipping-taxable","14":"purchasable","15":"product-type-variable"},"acf":[],"_links":{"self":[{"href":"https:\/\/marshallradio.com\/eu\/wp-json\/wp\/v2\/product\/33615","targetHints":{"allow":["GET"]}}],"collection":[{"href":"https:\/\/marshallradio.com\/eu\/wp-json\/wp\/v2\/product"}],"about":[{"href":"https:\/\/marshallradio.com\/eu\/wp-json\/wp\/v2\/types\/product"}],"wp:featuredmedia":[{"embeddable":true,"href":"https:\/\/marshallradio.com\/eu\/wp-json\/wp\/v2\/media\/44082"}],"wp:attachment":[{"href":"https:\/\/marshallradio.com\/eu\/wp-json\/wp\/v2\/media?parent=33615"}],"wp:term":[{"taxonomy":"product_brand","embeddable":true,"href":"https:\/\/marshallradio.com\/eu\/wp-json\/wp\/v2\/product_brand?post=33615"},{"taxonomy":"product_cat","embeddable":true,"href":"https:\/\/marshallradio.com\/eu\/wp-json\/wp\/v2\/product_cat?post=33615"},{"taxonomy":"product_tag","embeddable":true,"href":"https:\/\/marshallradio.com\/eu\/wp-json\/wp\/v2\/product_tag?post=33615"}],"curies":[{"name":"wp","href":"https:\/\/api.w.org\/{rel}","templated":true}]}}