
{"id":33625,"date":"2019-01-14T18:54:16","date_gmt":"2019-06-14T21:56:53","guid":{"rendered":"http:\/\/marshallradio.com\/eu\/product\/wieder-aufladbare-batterien\/"},"modified":"2023-03-07T23:49:17","modified_gmt":"2023-03-07T23:49:17","slug":"zusatzlich-akkus","status":"publish","type":"product","link":"https:\/\/marshallradio.com\/eu\/product\/zusatzlich-akkus\/?lang=de","title":{"rendered":"Wiederaufladbare Batterien"},"content":{"rendered":"<p><strong>Ganzheitliches Design<br \/>\n<\/strong> Die Marshall Radio wiederaufladbaren Batterien werden dauerhaft in den Deckel integriert, was ein einfaches, robustes und einteiliges Design erzeugt. Einfach an Ihren Sender anschrauben und benutzen. Drehen Sie die Akkus einfach in Ihr Ladeger\u00e4t und warten Sie auf das gr\u00fcne Licht, was eine vollst\u00e4ndige Ladung anzeigt und nun bereit f\u00fcr die Wiederverwendung ist. Ein Schutzkreis im Deckel sorgt f\u00fcr Sicherheit.<\/p>\n<p><strong>Mehrere Optionen, um Ihre bevorzugte Montagemethode zu nutzen<\/strong><br \/>\nWir haben drei Arten von Batteriedeckel erstellt: 1) Kugeldeckel, f\u00fcr TrackPack oder die Sto\u00dfmontage, 2) traditioneller Riemchen-Stil f\u00fcr die St\u00e4ndermontage und 3) Das neue EZ Twist wird jetzt von Falknerinnen auf der ganzen Welt genutzt.<\/p>\n<p><strong>Schnell-Auflade-Design<\/strong><br \/>\nDas Ladeger\u00e4t f\u00fcllt eine leere Batterie in weniger als zwei Stunden, aber f\u00fcr den normalen Gebrauch, wenn der Akku f\u00fcr weniger als eine Stunde verwendet wird, kann der Akku in nur wenigen Minuten aufgeladen werden.<\/p>\n<p><strong>Verbesserte Leistung in der K\u00e4lte<\/strong><br \/>\n80% Batteriekapazit\u00e4t bei -20C.<\/p>\n<p><strong>Keine Abnutzung <\/strong><br \/>\nLaden Sie die Akuus so oft Sie wollen (kein Memory-Effekt) oder lassen Sie sie im Ladeger\u00e4t, es besteht kein Risiko einer \u00dcberladung oder anderer Sch\u00e4den.<\/p>\n<p><strong>Laufzeit<\/strong><br \/>\nDie Lithium-Polymer-Batterie arbeitet ungef\u00e4hr f\u00fcr die gleiche Zeitspanne wie die 1\/3N.<\/p>\n","protected":false},"excerpt":{"rendered":"<p>&nbsp;<\/p>\n<p>Wiederaufladbare Batterien sind speziell f\u00fcr das RT-GPS konzipiert, zus\u00e4tzlich zu bestimmten Sendern aus 2018 oder neuer.<\/p>\n<p><strong>Hinweis: Jedes RT-GPS und GPS Turbo wird jetzt standardm\u00e4\u00dfig mit einem Akku geliefert.<\/strong><\/p>\n<div><\/div>\n<div class=\"read-more\"><a href=\"https:\/\/marshallradio.com\/eu\/product\/zusatzlich-akkus\/?lang=de\">Read more <span class=\"screen-reader-text\">Wiederaufladbare Batterien<\/span><span class=\"meta-nav\"> &#8250;<\/span><\/a><\/div>\n<p><!-- end of .read-more --><\/p>\n","protected":false},"featured_media":44083,"template":"","meta":{"_acf_changed":false},"product_brand":[],"product_cat":[62,75,154],"product_tag":[],"class_list":{"0":"post-33625","1":"product","2":"type-product","3":"status-publish","4":"has-post-thumbnail","6":"product_cat-worldwide-accessories-excluding-gulf-de","7":"product_cat-gps-system","8":"product_cat-papageienprodukte","10":"first","11":"instock","12":"taxable","13":"shipping-taxable","14":"purchasable","15":"product-type-variable"},"acf":[],"_links":{"self":[{"href":"https:\/\/marshallradio.com\/eu\/wp-json\/wp\/v2\/product\/33625","targetHints":{"allow":["GET"]}}],"collection":[{"href":"https:\/\/marshallradio.com\/eu\/wp-json\/wp\/v2\/product"}],"about":[{"href":"https:\/\/marshallradio.com\/eu\/wp-json\/wp\/v2\/types\/product"}],"wp:featuredmedia":[{"embeddable":true,"href":"https:\/\/marshallradio.com\/eu\/wp-json\/wp\/v2\/media\/44083"}],"wp:attachment":[{"href":"https:\/\/marshallradio.com\/eu\/wp-json\/wp\/v2\/media?parent=33625"}],"wp:term":[{"taxonomy":"product_brand","embeddable":true,"href":"https:\/\/marshallradio.com\/eu\/wp-json\/wp\/v2\/product_brand?post=33625"},{"taxonomy":"product_cat","embeddable":true,"href":"https:\/\/marshallradio.com\/eu\/wp-json\/wp\/v2\/product_cat?post=33625"},{"taxonomy":"product_tag","embeddable":true,"href":"https:\/\/marshallradio.com\/eu\/wp-json\/wp\/v2\/product_tag?post=33625"}],"curies":[{"name":"wp","href":"https:\/\/api.w.org\/{rel}","templated":true}]}}