
{"id":33645,"date":"2019-01-14T18:54:16","date_gmt":"2019-06-14T22:30:58","guid":{"rendered":"http:\/\/marshallradio.com\/eu\/product\/baterias-recargables\/"},"modified":"2023-03-07T23:49:38","modified_gmt":"2023-03-07T23:49:38","slug":"pilas-recargables-adicionales","status":"publish","type":"product","link":"https:\/\/marshallradio.com\/eu\/product\/pilas-recargables-adicionales\/?lang=es","title":{"rendered":"Bater\u00edas recargables"},"content":{"rendered":"<p><strong>Integral Dise\u00f1o<br \/>\n<\/strong>Las bater\u00edas recargables de Marshall Radio est\u00e1n incorporadas en la tapa, lo que crea un dise\u00f1o simple, robusto y de una sola pieza. Simplemente enrosquel\u00e1 a su transmisor y empezar\u00e1 a funcionar. Coloquel\u00e1 en el\u00a0 cargador y espere a que la luz verde indique que la carga se ha completado y est\u00e1\u00a0 lista para ser reutilizada. Posee un circuito interno que mantiene la bater\u00eda a salvo aunque est\u00e9 conectada por un largo periodo de tiempo.<\/p>\n<p><strong>M\u00faltiples opciones para que coincida con su m\u00e9todo de montaje preferido<\/strong><br \/>\nHemos creado tres tipos de tapa de bater\u00eda: 1) tapa de bala, utilizada para montaje en TrackPack (arn\u00e9s) o Cola, 2) Para pata, estilo Bewit, tradicional para montaje en la pata con corre\u00f3n de cuero, y 3) El nuevo dise\u00f1o de rosca para pata EZ Giro y que ahora est\u00e1 siendo utilizado por los cetreros de todo el mundo.<\/p>\n<p><strong>Dise\u00f1o de carga r\u00e1pida<\/strong><br \/>\nEl cargador recargar\u00e1 una bater\u00eda agotada en menos de dos horas, pero para un uso normal en el que la bater\u00eda se utiliza durante menos de una hora, la bater\u00eda se puede cargar en solo unos minutos.<\/p>\n<p><strong>Rendimiento mejorado en clima fr\u00edo<\/strong><br \/>\n80% de capacidad de la bater\u00eda a -20C.<\/p>\n<p><strong>Carga inteligente<\/strong><br \/>\nCarga completa tantas veces como desee (sin memoria) puedes dejarlas enchufadas el tiempo que desees sin riesgo a da\u00f1ar la bater\u00eda.<\/p>\n<p><strong>Tiempo de ejecuci\u00f3n<\/strong><br \/>\nLa bater\u00eda de pol\u00edmero de litio funciona aproximadamente la misma cantidad de tiempo que la 1 \/ 3N.<\/p>\n","protected":false},"excerpt":{"rendered":"<p>&nbsp;<\/p>\n<p>Las bater\u00edas recargables est\u00e1n dise\u00f1adas espec\u00edficamente para el RT-GPS adem\u00e1s de algunos otros transmisores producidos en 2018 o a\u00f1os posteriores.<\/p>\n<p><strong>Nota: Todos los RT-GPS y GPS Turbo ahora vienen de serie con bater\u00eda recargable.<\/strong><\/p>\n<div><\/div>\n<div class=\"read-more\"><a href=\"https:\/\/marshallradio.com\/eu\/product\/pilas-recargables-adicionales\/?lang=es\">Read more <span class=\"screen-reader-text\">Bater\u00edas recargables<\/span><span class=\"meta-nav\"> &#8250;<\/span><\/a><\/div>\n<p><!-- end of .read-more --><\/p>\n","protected":false},"featured_media":44085,"template":"","meta":{"_acf_changed":false},"product_brand":[],"product_cat":[64,156,77],"product_tag":[],"class_list":{"0":"post-33645","1":"product","2":"type-product","3":"status-publish","4":"has-post-thumbnail","6":"product_cat-worldwide-accessories-excluding-gulf-es","7":"product_cat-productos-para-loros","8":"product_cat-sistema-gps-es","10":"first","11":"instock","12":"taxable","13":"shipping-taxable","14":"purchasable","15":"product-type-variable"},"acf":[],"_links":{"self":[{"href":"https:\/\/marshallradio.com\/eu\/wp-json\/wp\/v2\/product\/33645","targetHints":{"allow":["GET"]}}],"collection":[{"href":"https:\/\/marshallradio.com\/eu\/wp-json\/wp\/v2\/product"}],"about":[{"href":"https:\/\/marshallradio.com\/eu\/wp-json\/wp\/v2\/types\/product"}],"wp:featuredmedia":[{"embeddable":true,"href":"https:\/\/marshallradio.com\/eu\/wp-json\/wp\/v2\/media\/44085"}],"wp:attachment":[{"href":"https:\/\/marshallradio.com\/eu\/wp-json\/wp\/v2\/media?parent=33645"}],"wp:term":[{"taxonomy":"product_brand","embeddable":true,"href":"https:\/\/marshallradio.com\/eu\/wp-json\/wp\/v2\/product_brand?post=33645"},{"taxonomy":"product_cat","embeddable":true,"href":"https:\/\/marshallradio.com\/eu\/wp-json\/wp\/v2\/product_cat?post=33645"},{"taxonomy":"product_tag","embeddable":true,"href":"https:\/\/marshallradio.com\/eu\/wp-json\/wp\/v2\/product_tag?post=33645"}],"curies":[{"name":"wp","href":"https:\/\/api.w.org\/{rel}","templated":true}]}}