
{"id":33662,"date":"2018-07-03T20:29:04","date_gmt":"2019-06-18T21:24:41","guid":{"rendered":"http:\/\/marshallradio.com\/eu\/product\/pole-marshall-digitalni-sledovaci-prijimac-vhf\/"},"modified":"2024-01-19T21:24:38","modified_gmt":"2024-01-19T21:24:38","slug":"pole-marshall-digitalni-sledovani-prijimac","status":"publish","type":"product","link":"https:\/\/marshallradio.com\/eu\/product\/pole-marshall-digitalni-sledovani-prijimac\/?lang=cs","title":{"rendered":"Pole Marshall Digit\u00e1ln\u00ed sledovac\u00ed p\u0159ij\u00edma\u010d VHF"},"content":{"rendered":"<p>&nbsp;<\/p>\n<p><strong>MAXIM\u00c1LN\u00cd CITLIVOST<\/strong><br \/>\nPro dosa\u017een\u00ed nejlep\u0161\u00edho dosahu je t\u0159eba m\u00edt v p\u0159ij\u00edma\u010di neju\u017eite\u010dn\u011bj\u0161\u00ed citlivost. Kombinace p\u0159ij\u00edma\u010de, p\u0159izp\u016fsobovac\u00edho kabelu a ant\u00e9ny ur\u010den\u00e9 speci\u00e1ln\u011b pro n\u011bj p\u0159edstavuj\u00ed kompletn\u00ed bal\u00ed\u010dek, kter\u00fd mus\u00ed pracovat v souladu, aby bylo dosa\u017eeno co nejvy\u0161\u0161\u00ed citlivosti. Za\u0159\u00edzen\u00ed Digital Field Marshall poskytne nejv\u011bt\u0161\u00ed rozsah sledovac\u00edch p\u0159ij\u00edma\u010d\u016f na sv\u011bt\u011b. Nic nejde d\u00e1le ne\u017e Field Marshall, zejm\u00e9na ve m\u011bstech nebo oblastech \u201ene\u017e\u00e1douc\u00edho r\u00e1diov\u00e9ho \u0161umu\u201c. S lep\u0161\u00ed citlivost\u00ed ne\u017e -154dBm dok\u00e1\u017ee Field Marshall rozeznat nejslab\u0161\u00ed sign\u00e1ly.<\/p>\n<p><strong>SNADN\u00c9 TUNING<\/strong><\/p>\n<p>Vylad\u011bn\u00ed pomoc\u00ed vylep\u0161en\u00e9ho knofl\u00edku pro vylad\u011bn\u00ed je \u0161irok\u00e9 a je chr\u00e1n\u011bno p\u0159ed n\u00e1hodn\u00fdm kontaktem, tak\u017ee p\u0159i nastupov\u00e1n\u00ed a vystupov\u00e1n\u00ed z vozidla nen\u00ed snadno odhozeno od nastaven\u00ed vylad\u011bn\u00ed.<\/p>\n<p><strong>LEHK\u00c1 V\u00c1HA<\/strong><br \/>\nS vyu\u017eit\u00edm elektronick\u00fdch komponent nejnov\u011bj\u0161\u00ed generace, skl\u00e1dac\u00ed yagi a kreativn\u00ed balen\u00ed n\u00e1m umo\u017e\u0148uj\u00ed hodn\u011b zapadnout do mal\u00e9ho prostoru.<\/p>\n<p>D\u00edky na\u0161emu z\u00e1vazku pou\u017e\u00edvat slitiny hlin\u00edku, kter\u00e9 maj\u00ed maxim\u00e1ln\u00ed pom\u011br pevnosti k hmotnosti, \u010din\u00ed tento p\u0159ij\u00edma\u010d co nejleh\u010d\u00ed a technicky nejsiln\u011bj\u0161\u00ed.<\/p>\n<p><strong>VOD\u011aODOLN\u00dd<\/strong><\/p>\n<p>T\u00e9m\u011b\u0159. P\u0159ij\u00edma\u010d nen\u00ed navr\u017een pro pou\u017eit\u00ed ve velmi mokr\u00fdch podm\u00ednk\u00e1ch, p\u0159esto ho bude dr\u017eet za slab\u00e9ho de\u0161t\u011b. Pokud je n\u00e1hodn\u011b pono\u0159ena v d\u016fsledku nehody nebo p\u00e1du, m\u011bla by b\u00fdt p\u0159ed op\u011btovn\u00fdm pou\u017eit\u00edm vypu\u0161t\u011bna a ponech\u00e1na uschnout.<\/p>\n<p><strong>MO\u017dNOST POU\u017dIT\u00cd VOZIDLA K P\u0158IJ\u00cdMA\u010cI V\u00ddKONU<\/strong><\/p>\n<p>Adapt\u00e9r do auta je navr\u017een tak, aby obch\u00e1zel baterie a nap\u00e1jel p\u0159ij\u00edma\u010d po del\u0161\u00ed dobu uvnit\u0159 vozidla, aby se baterie \u0161et\u0159ily, aby byly uchov\u00e1ny na dlouh\u00e9 proch\u00e1zky od auta. Adapt\u00e9r zapalova\u010de cigaret najdete v p\u0159\u00edslu\u0161enstv\u00ed. Field Marshall pou\u017e\u00edv\u00e1 b\u011b\u017en\u00e9 snadno dostupn\u00e9 AAA baterie, kter\u00e9 nelze dob\u00edjet.<\/p>\n<p><strong>CO POU\u017d\u00cdV\u00c1 BATERIE<\/strong><\/p>\n<p>Pro v\u0161eobecn\u00e9 pou\u017eit\u00ed jsou alkalick\u00e9 baterie AAA nejlevn\u011bj\u0161\u00ed z hlediska n\u00e1klad\u016f a poskytuj\u00ed dobrou \u017eivotnost, ale lithiov\u00e9 baterie AAA nab\u00edzej\u00ed nejlep\u0161\u00ed v\u00fdkon v chladn\u00e9m po\u010das\u00ed, jsou nejleh\u010d\u00ed a vydr\u017e\u00ed nejd\u00e9le. Nezapome\u0148te v\u017edy vyjmout baterie z va\u0161eho p\u0159ij\u00edma\u010de b\u011bhem obdob\u00ed dlouh\u00e9ho skladov\u00e1n\u00ed (mimo sez\u00f3nu). Dob\u00edjec\u00ed baterie (jako NiCad nebo NiMH) by se nem\u011bly pou\u017e\u00edvat, proto\u017ee neposkytuj\u00ed dostate\u010dn\u00e9 a konzistentn\u00ed nap\u011bt\u00ed pro efektivn\u00ed provoz p\u0159ij\u00edma\u010de.<\/p>\n<p>V\u017edy pou\u017e\u00edvejte zna\u010dkov\u00e9 baterie (jako je Energizer nebo Duracell) s komplexn\u00ed z\u00e1rukou, v p\u0159\u00edpad\u011b, \u017ee dojde k nehod\u011b se skute\u010dn\u00fdmi bateriemi uvnit\u0159 va\u0161eho p\u0159ij\u00edma\u010de.<\/p>\n<p><strong>MO\u017dNOST POU\u017dIT\u00cd S OMNI ANTENNA<\/strong><\/p>\n<p>Field Marshall snadno vylu\u010duje vstup z extern\u00ed ant\u00e9ny, jednodu\u0161e vyjm\u011bte koaxi\u00e1ln\u00ed kabel z t\u011bla p\u0159ij\u00edma\u010de a zapojte koaxi\u00e1ln\u00ed kabel z extern\u00ed ant\u00e9ny. Field Marshall pou\u017e\u00edv\u00e1 konektor \u201eSMB\u201c, v\u011bt\u0161ina omni ant\u00e9n pou\u017e\u00edv\u00e1 v\u011bt\u0161\u00ed konektor \u201eBNC\u201c. Pro p\u0159ipojen\u00ed ant\u00e9n namontovan\u00fdch na vozidle k va\u0161emu p\u0159ij\u00edma\u010di Marshall lze pou\u017e\u00edt jednoduch\u00fd adapt\u00e9r (sou\u010d\u00e1st\u00ed dod\u00e1vky omni od Marshall Radio).<\/p>\n<p><strong>FULL SIZE COLLAPSE YAGI ANTENNA<br \/>\n<\/strong><\/p>\n<p>Field Marshall VHF je standardn\u011b dod\u00e1v\u00e1n s skl\u00e1dac\u00ed ant\u00e9nou yagi \u201epln\u00e9 velikosti\u201c. Nab\u00eddka robustn\u00ed jednoduchosti.<\/p>\n<p><strong>Dosah<\/strong><\/p>\n<p>Field Marshall 100 pokr\u00fdv\u00e1 prvn\u00edch 100 kHz p\u00e1sma (216 000 a\u017e 0,099).\u00a0<br \/>\nThe Field Marshall 4000 pokr\u00fdv\u00e1 4 pln\u00e9 p\u00e1sma (216.000-219,999).<\/p>\n","protected":false},"excerpt":{"rendered":"<p>&nbsp;<\/p>\n<p>Na\u0161e digit\u00e1ln\u00ed pole Marshall v\u00e1m poskytuje nejvy\u0161\u0161\u00ed citlivost, kter\u00e1 je k dispozici v p\u0159ij\u00edma\u010di sledov\u00e1n\u00ed.<\/p>\n<p>Tento pr\u00e9miov\u00fd p\u0159ij\u00edma\u010d nab\u00edz\u00ed vy\u0161\u0161\u00ed hlasitost (s reproduktory naho\u0159e a dole), ultrakompaktn\u00ed design pouzdra s rukojet\u00ed \u201eQuick-Release\u201c, LED osv\u011btlen\u00ed pro no\u010dn\u00ed sledov\u00e1n\u00ed, zlep\u0161en\u00e1 odolnost proti vod\u011b pro pou\u017eit\u00ed ve vlhk\u00e9m po\u010das\u00ed a nejnov\u011bj\u0161\u00ed generace Exkluzivn\u00ed skl\u00e1dac\u00ed yagi ant\u00e9na Marshall.<\/p>\n<p>V\u00fdjimkou pro Field Marshall je tak\u00e9 p\u0159id\u00e1n\u00ed polyf\u00e1zov\u00fdch filtr\u016f, na\u0161\u00ed nov\u00e9 technologie redukce \u0161umu podlahy, kter\u00e1 sni\u017euje hluk pozad\u00ed a zvy\u0161uje efektivn\u00ed dosah a snadnost sledov\u00e1n\u00ed.<\/p>\n<p>FM100: (216) vybaven\u00e9 ant\u00e9nou Yagi v pln\u00e9 velikosti<br \/>\nFM4000: (216-219) vybaven\u00e9 Y \/ plnou velikost\u00ed ant\u00e9ny Yagi<\/p>\n<div class=\"read-more\"><a href=\"https:\/\/marshallradio.com\/eu\/product\/pole-marshall-digitalni-sledovani-prijimac\/?lang=cs\">Read more <span class=\"screen-reader-text\">Pole Marshall Digit\u00e1ln\u00ed sledovac\u00ed p\u0159ij\u00edma\u010d VHF<\/span><span class=\"meta-nav\"> &#8250;<\/span><\/a><\/div>\n<p><!-- end of .read-more --><\/p>\n","protected":false},"featured_media":44293,"template":"","meta":{"_acf_changed":false},"product_brand":[],"product_cat":[80],"product_tag":[],"class_list":{"0":"post-33662","1":"product","2":"type-product","3":"status-publish","4":"has-post-thumbnail","6":"product_cat-prijimace","8":"first","9":"instock","10":"taxable","11":"shipping-taxable","12":"purchasable","13":"product-type-variable"},"acf":[],"_links":{"self":[{"href":"https:\/\/marshallradio.com\/eu\/wp-json\/wp\/v2\/product\/33662","targetHints":{"allow":["GET"]}}],"collection":[{"href":"https:\/\/marshallradio.com\/eu\/wp-json\/wp\/v2\/product"}],"about":[{"href":"https:\/\/marshallradio.com\/eu\/wp-json\/wp\/v2\/types\/product"}],"wp:featuredmedia":[{"embeddable":true,"href":"https:\/\/marshallradio.com\/eu\/wp-json\/wp\/v2\/media\/44293"}],"wp:attachment":[{"href":"https:\/\/marshallradio.com\/eu\/wp-json\/wp\/v2\/media?parent=33662"}],"wp:term":[{"taxonomy":"product_brand","embeddable":true,"href":"https:\/\/marshallradio.com\/eu\/wp-json\/wp\/v2\/product_brand?post=33662"},{"taxonomy":"product_cat","embeddable":true,"href":"https:\/\/marshallradio.com\/eu\/wp-json\/wp\/v2\/product_cat?post=33662"},{"taxonomy":"product_tag","embeddable":true,"href":"https:\/\/marshallradio.com\/eu\/wp-json\/wp\/v2\/product_tag?post=33662"}],"curies":[{"name":"wp","href":"https:\/\/api.w.org\/{rel}","templated":true}]}}