
{"id":33671,"date":"2018-07-03T20:29:04","date_gmt":"2019-06-18T22:07:54","guid":{"rendered":"http:\/\/marshallradio.com\/eu\/product\/feld-marshall-digital-verfolgung-empfanger-vhf\/"},"modified":"2024-01-19T21:26:21","modified_gmt":"2024-01-19T21:26:21","slug":"feld-marshall-digital-verfolgung-empfanger","status":"publish","type":"product","link":"https:\/\/marshallradio.com\/eu\/product\/feld-marshall-digital-verfolgung-empfanger\/?lang=de","title":{"rendered":"Feld Marshall Digital Verfolgung Empf\u00e4nger VHF"},"content":{"rendered":"<p>&nbsp;<\/p>\n<p><strong>MAXIMALE EMPFINDLICHKEIT<\/strong><br \/>\nUm die bestm\u00f6gliche Reichweite zu erzielen, muss der Empf\u00e4nger die \u201en\u00fctzlichste Empfindlichkeit\u201c aufweisen. Die Kombination aus Empf\u00e4nger, passendem Kabel und speziell daf\u00fcr entwickelter Antenne bildet ein komplettes Paket, das harmonisch zusammenarbeiten muss, um die h\u00f6chstm\u00f6gliche Empfindlichkeit zu erzielen. Der Digital Field Marshall bietet die gr\u00f6\u00dfte Reichweite aller Tracking-Empf\u00e4nger der Welt. Nichts geht weiter als der Field Marshall, insbesondere in St\u00e4dten oder Gebieten mit \u201eunerw\u00fcnschtem Funkrauschen\u201c. Mit einer Empfindlichkeit von \u00fcber -154 dBm kann der Field Marshall die schw\u00e4chsten Signale erkennen.<\/p>\n<p><strong>EINFACHE ABSTIMMUNG<\/strong><\/p>\n<p>Die Abstimmung mit dem erweiterten Abstimmknopf ist breit und vor versehentlichem Ber\u00fchren gesch\u00fctzt, sodass Sie beim Ein- und Aussteigen aus dem Fahrzeug nicht ohne Weiteres an Ihrer Abstimmungseinstellung h\u00e4ngen bleiben.<\/p>\n<p><strong>LEICHT<\/strong><br \/>\nMit Hilfe von elektronischen Bauteilen der neuesten Generation, einem zusammenlegbaren Yagi und einer kreativen Verpackung k\u00f6nnen wir viel auf kleinem Raum unterbringen.<\/p>\n<p>Unsere Verpflichtung zur Verwendung von Aluminiumlegierungen mit einem maximalen Verh\u00e4ltnis von Festigkeit zu Gewicht macht diesen Empf\u00e4nger so leicht und stark wie technisch m\u00f6glich.<\/p>\n<p><strong>WASSERABWEISEND<\/strong><\/p>\n<p>Fast. Der Empf\u00e4nger ist nicht f\u00fcr den Einsatz in sehr feuchten Umgebungen konzipiert, h\u00e4lt jedoch bei leichtem Regen. Wenn es versehentlich durch einen Unfall oder einen Sturz untergetaucht ist, sollte es abgelassen und getrocknet werden, bevor es erneut verwendet wird.<\/p>\n<p><strong>OPTION ZUR BENUTZUNG DES FAHRZEUGS F\u00dcR DEN EMPF\u00c4NGER<\/strong><\/p>\n<p>Der Autoadapter dient dazu, die Batterien zu umgehen und den Empf\u00e4nger f\u00fcr l\u00e4ngere Zeit im Fahrzeug mit Strom zu versorgen, um die Batterien zu schonen und sie f\u00fcr lange Spazierg\u00e4nge vom Auto weg aufzubewahren. Den Adapter f\u00fcr den Zigarettenanz\u00fcnder finden Sie im Zubeh\u00f6r. Der Field Marshall verwendet handels\u00fcbliche, leicht zu findende AAA-Batterien, die nicht wiederaufladbar sind.<\/p>\n<p><strong>WELCHE BATTERIEN ZU VERWENDEN<\/strong><\/p>\n<p>F\u00fcr den allgemeinen Gebrauch sind AAA-Alkalibatterien am kosteng\u00fcnstigsten und bieten eine gute Batterielebensdauer. Lithium-AAA-Batterien bieten jedoch die beste Leistung bei kaltem Wetter, sind am leichtesten und halten am l\u00e4ngsten. Denken Sie daran, die Batterien bei l\u00e4ngerer Lagerung (au\u00dferhalb der Saison) immer aus dem Receiver zu entfernen. Wiederaufladbare Batterien (wie NiCad oder NiMH) sollten nicht verwendet werden, da sie keine ausreichende und gleichm\u00e4\u00dfige Spannung liefern, um den Empf\u00e4nger effektiv zu betreiben. <\/ P><\/p>\n<p> Verwenden Sie immer Markenbatterien (wie Energizer oder Duracell) mit umfassender Garantie, falls es jemals zu einem Unfall mit den tats\u00e4chlichen Batterien in Ihrem Receiver kommen sollte. <\/p>\n<p><strong>OPTION ZUR VERWENDUNG MIT OMNI ANTENNA<\/strong><\/p>\n<p>Der Field Marshall kann problemlos Eingaben von einer externen Antenne ausschlie\u00dfen. Entfernen Sie einfach das Koaxialkabel vom Empf\u00e4ngergeh\u00e4use und schlie\u00dfen Sie das Koaxialkabel von Ihrer externen Antenne an. Der Field Marshall verwendet einen SMB-Anschluss, die meisten Omni-Antennen verwenden den gr\u00f6\u00dferen BNC-Anschluss. Ein einfacher Adapter (im Lieferumfang eines Omni von Marshall Radio enthalten) kann verwendet werden, um andere am Fahrzeug montierte Antennen an Ihren Marshall Receiver anzuschlie\u00dfen.<\/p>\n<p><strong>COLLAPSE YAGI-ANTENNE IN VOLLER GR\u00d6SSE<br \/>\n<\/strong><\/p>\n<p>Der Field Marshall VHF wird standardm\u00e4\u00dfig mit einer zusammenlegbaren Yagi-Antenne in voller Gr\u00f6\u00dfe geliefert. Bieten robuste Einfachheit.<\/p>\n<p><strong>Berichterstattung<\/strong><\/p>\n<p>Der Field Marshall 100 deckt die ersten 100 kHz des Bandes ab (216.000 &#8211; .099).\u00a0<br \/>\nDer Field Marshall 4000 deckt 4 volle B\u00e4nder ab (216.000-219.999).<\/p>\n","protected":false},"excerpt":{"rendered":"<p>&nbsp;<\/p>\n<p>Unser Digital Field Marshall bietet Ihnen die h\u00f6chste Empfindlichkeit, die ein Tracking-Empf\u00e4nger bieten kann.<\/p>\n<p>Dieser Premium-Receiver bietet mehr Lautst\u00e4rke (mit Lautsprechern oben und unten), ein ultrakompaktes Geh\u00e4usedesign mit &#8220;Quick-Release&#8221; -Handgriff, LED-Beleuchtung f\u00fcr Nachtsicht, verbesserte Wasserbest\u00e4ndigkeit f\u00fcr den Einsatz bei N\u00e4sse und die neueste Generation von Marshalls exklusive zusammenklappbare Yagi-Antenne.<\/p>\n<p>Exklusiv f\u00fcr den Field Marshall ist auch die Hinzuf\u00fcgung von Mehrphasenfiltern, unserer neuen Technologie zur Rauschunterdr\u00fcckung, die Hintergrundger\u00e4usche reduziert und gleichzeitig die effektive Reichweite und die Nachf\u00fchrbarkeit erh\u00f6ht.<\/p>\n<p>FM100: (216) mit Yagi-Antenne in voller Gr\u00f6\u00dfe<br \/>\nFM4000: (216-219) mit Yagi-Antenne in voller Gr\u00f6\u00dfe<\/p>\n<div class=\"read-more\"><a href=\"https:\/\/marshallradio.com\/eu\/product\/feld-marshall-digital-verfolgung-empfanger\/?lang=de\">Read more <span class=\"screen-reader-text\">Feld Marshall Digital Verfolgung Empf\u00e4nger VHF<\/span><span class=\"meta-nav\"> &#8250;<\/span><\/a><\/div>\n<p><!-- end of .read-more --><\/p>\n","protected":false},"featured_media":44296,"template":"","meta":{"_acf_changed":false},"product_brand":[],"product_cat":[87],"product_tag":[],"class_list":{"0":"post-33671","1":"product","2":"type-product","3":"status-publish","4":"has-post-thumbnail","6":"product_cat-empfanger","8":"first","9":"instock","10":"taxable","11":"shipping-taxable","12":"purchasable","13":"product-type-variable"},"acf":[],"_links":{"self":[{"href":"https:\/\/marshallradio.com\/eu\/wp-json\/wp\/v2\/product\/33671","targetHints":{"allow":["GET"]}}],"collection":[{"href":"https:\/\/marshallradio.com\/eu\/wp-json\/wp\/v2\/product"}],"about":[{"href":"https:\/\/marshallradio.com\/eu\/wp-json\/wp\/v2\/types\/product"}],"wp:featuredmedia":[{"embeddable":true,"href":"https:\/\/marshallradio.com\/eu\/wp-json\/wp\/v2\/media\/44296"}],"wp:attachment":[{"href":"https:\/\/marshallradio.com\/eu\/wp-json\/wp\/v2\/media?parent=33671"}],"wp:term":[{"taxonomy":"product_brand","embeddable":true,"href":"https:\/\/marshallradio.com\/eu\/wp-json\/wp\/v2\/product_brand?post=33671"},{"taxonomy":"product_cat","embeddable":true,"href":"https:\/\/marshallradio.com\/eu\/wp-json\/wp\/v2\/product_cat?post=33671"},{"taxonomy":"product_tag","embeddable":true,"href":"https:\/\/marshallradio.com\/eu\/wp-json\/wp\/v2\/product_tag?post=33671"}],"curies":[{"name":"wp","href":"https:\/\/api.w.org\/{rel}","templated":true}]}}