
{"id":33674,"date":"2018-07-03T20:29:04","date_gmt":"2019-06-18T22:17:26","guid":{"rendered":"http:\/\/marshallradio.com\/eu\/product\/ricevitore-per-localizzazione-digitale-campo-marshall-vhf\/"},"modified":"2024-01-19T21:26:55","modified_gmt":"2024-01-19T21:26:55","slug":"campo-marshall-digitale-puntamento-ricevitore","status":"publish","type":"product","link":"https:\/\/marshallradio.com\/eu\/product\/campo-marshall-digitale-puntamento-ricevitore\/?lang=it","title":{"rendered":"Ricevitore per localizzazione digitale Campo Marshall VHF"},"content":{"rendered":"<p>&nbsp;<\/p>\n<p><strong>MASSIMA SENSIBILIT\u00c0<\/strong><br \/>\nPer ottenere la portata migliore \u00e8 necessario disporre della &#8220;sensibilit\u00e0 utile&#8221; pi\u00f9 elevata in un ricevitore. La combinazione di ricevitore, cavo corrispondente e antenna progettata appositamente per esso costituisce un pacchetto completo che deve funzionare in armonia per ottenere la massima sensibilit\u00e0 possibile. Il Digital Field Marshall offrir\u00e0 la portata pi\u00f9 ampia di qualsiasi ricevitore di tracciamento al mondo. Niente va pi\u00f9 lontano del Field Marshall, specialmente nelle citt\u00e0 o nelle aree di &#8220;rumore radio indesiderato&#8221;. Con una sensibilit\u00e0 migliore di -154dBm, il Field Marshall \u00e8 in grado di discernere i segnali pi\u00f9 deboli.<\/p>\n<p><strong>SINTONIA FACILE<\/strong><\/p>\n<p>La sintonizzazione con la manopola di sintonizzazione migliorata \u00e8 ampia ed \u00e8 protetta dal contatto accidentale, quindi non viene facilmente spostata dall&#8217;impostazione della sintonizzazione quando si entra e si esce dal veicolo.<\/p>\n<p><strong>PESO LEGGERO<\/strong><br \/>\nL&#8217;utilizzo di componenti elettronici di ultima generazione, una yagi pieghevole e un packaging creativo ci consente di inserire molto in uno spazio ridotto.<\/p>\n<p>Inoltre, il nostro impegno nell&#8217;utilizzare leghe di alluminio che hanno il massimo rapporto forza\/peso rende questo ricevitore il pi\u00f9 leggero e resistente tecnicamente possibile.<\/p>\n<p><strong>RESISTENTE ALL&#8217;ACQUA<\/strong><\/p>\n<p>Quasi. Il ricevitore non \u00e8 progettato per essere utilizzato in condizioni molto umide, tuttavia resister\u00e0 a una pioggia leggera. Se viene accidentalmente sommerso per incidente o caduta, deve essere drenato e lasciato asciugare prima di riutilizzarlo.<\/p>\n<p><strong>POSSIBILITA&#8217; DI UTILIZZARE IL VEICOLO PER ALIMENTARE IL RICEVITORE<\/strong><\/p>\n<p>L&#8217;adattatore per auto \u00e8 progettato per bypassare le batterie e alimentare il ricevitore per periodi prolungati all&#8217;interno del veicolo al fine di risparmiare le batterie, per preservarle per lunghe passeggiate lontano dall&#8217;auto. L&#8217;adattatore per accendisigari si trova tra gli accessori. Il Field Marshall utilizza comuni batterie AAA facili da trovare che non sono ricaricabili.<\/p>\n<p><strong>CHE BATTERIE USARE<\/strong><\/p>\n<p>Per uso generale,\u00a0le batterie alcaline AAA sono le pi\u00f9 convenienti e garantiscono una buona durata della batteria, ma le batterie al litio AAA offrono le migliori prestazioni in climi freddi, sono le pi\u00f9 leggere e durano pi\u00f9 a lungo. Ricordarsi di rimuovere sempre le batterie dal ricevitore durante i periodi di stoccaggio prolungato (bassa stagione). Le batterie ricaricabili (come NiCad o NiMH) non devono essere utilizzate in quanto non forniscono una tensione sufficiente e costante per far funzionare il ricevitore in modo efficace.<\/p>\n<p>Utilizzare sempre batterie di marca (come Energizer o Duracell) con una garanzia completa, nel caso in cui si verifichi un incidente con le batterie effettive all&#8217;interno del ricevitore.<\/p>\n<p><strong>OPZIONE DA UTILIZZARE CON ANTENNA OMNI<\/strong><\/p>\n<p>Il Field Marshall accetta facilmente l&#8217;ingresso da un&#8217;antenna esterna, basta rimuovere il cavo coassiale dal corpo del ricevitore e collegare il cavo coassiale dall&#8217;antenna esterna. Il Field Marshall utilizza un connettore &#8220;SMB&#8221;, la maggior parte delle antenne omni utilizza il connettore &#8220;BNC&#8221; pi\u00f9 grande. Un semplice adattatore (incluso con l&#8217;acquisto di un omni da Marshall Radio) pu\u00f2 essere utilizzato per collegare altre antenne montate sul veicolo al ricevitore Marshall.<\/p>\n<p><strong>ANTENNA YAGI COLLAPSE A DIMENSIONE COMPLETA<br \/>\n<\/strong><\/p>\n<p>Il Field Marshall VHF viene fornito con un&#8217;antenna yagi pieghevole &#8220;full size&#8221; come standard. Offri una robusta semplicit\u00e0.<\/p>\n<p><strong>Copertura<\/strong><\/p>\n<p>Il Field Marshall 100 copre i primi 100KHz della banda (216.000-.099).\u00a0<br \/>\nIl Field Marshall 4000 copre 4 bande complete (216.000-219.999).<\/p>\n","protected":false},"excerpt":{"rendered":"<p>&nbsp;<\/p>\n<p>Il nostro Digital Field Marshall ti offre la massima sensibilit\u00e0 disponibile in un ricevitore di tracciamento.<\/p>\n<p>Questo ricevitore premium offre pi\u00f9 volume (con altoparlanti in alto e in basso), un design della custodia ultracompatto con una maniglia &#8220;Quick-Release&#8221;, illuminazione a LED per il monitoraggio notturno, una migliore resistenza all&#8217;acqua per l&#8217;uso in caso di pioggia e l&#8217;ultima generazione di L&#8217;esclusiva antenna yagi pieghevole di Marshall.<\/p>\n<p>Inoltre, un&#8217;esclusiva del Field Marshall \u00e8 l&#8217;aggiunta di filtri polifase, la nostra nuova tecnologia di riduzione del rumore di fondo che riduce il rumore di fondo aumentando la portata effettiva e la facilit\u00e0 di tracciamento.<\/p>\n<p>FM100: (216) dotato di antenna Yagi full size<br \/>\nFM4000: (216-219) dotato di antenna Yagi full size<\/p>\n<div class=\"read-more\"><a href=\"https:\/\/marshallradio.com\/eu\/product\/campo-marshall-digitale-puntamento-ricevitore\/?lang=it\">Read more <span class=\"screen-reader-text\">Ricevitore per localizzazione digitale Campo Marshall VHF<\/span><span class=\"meta-nav\"> &#8250;<\/span><\/a><\/div>\n<p><!-- end of .read-more --><\/p>\n","protected":false},"featured_media":44297,"template":"","meta":{"_acf_changed":false},"product_brand":[],"product_cat":[88],"product_tag":[],"class_list":{"0":"post-33674","1":"product","2":"type-product","3":"status-publish","4":"has-post-thumbnail","6":"product_cat-ricevitori","8":"first","9":"instock","10":"taxable","11":"shipping-taxable","12":"purchasable","13":"product-type-variable"},"acf":[],"_links":{"self":[{"href":"https:\/\/marshallradio.com\/eu\/wp-json\/wp\/v2\/product\/33674","targetHints":{"allow":["GET"]}}],"collection":[{"href":"https:\/\/marshallradio.com\/eu\/wp-json\/wp\/v2\/product"}],"about":[{"href":"https:\/\/marshallradio.com\/eu\/wp-json\/wp\/v2\/types\/product"}],"wp:featuredmedia":[{"embeddable":true,"href":"https:\/\/marshallradio.com\/eu\/wp-json\/wp\/v2\/media\/44297"}],"wp:attachment":[{"href":"https:\/\/marshallradio.com\/eu\/wp-json\/wp\/v2\/media?parent=33674"}],"wp:term":[{"taxonomy":"product_brand","embeddable":true,"href":"https:\/\/marshallradio.com\/eu\/wp-json\/wp\/v2\/product_brand?post=33674"},{"taxonomy":"product_cat","embeddable":true,"href":"https:\/\/marshallradio.com\/eu\/wp-json\/wp\/v2\/product_cat?post=33674"},{"taxonomy":"product_tag","embeddable":true,"href":"https:\/\/marshallradio.com\/eu\/wp-json\/wp\/v2\/product_tag?post=33674"}],"curies":[{"name":"wp","href":"https:\/\/api.w.org\/{rel}","templated":true}]}}