
{"id":33763,"date":"2019-06-14T17:17:52","date_gmt":"2019-07-10T18:25:17","guid":{"rendered":"http:\/\/marshallradio.com\/eu\/product\/transmetteur-rt-turbo\/"},"modified":"2023-03-15T16:05:55","modified_gmt":"2023-03-15T16:05:55","slug":"rt-turbo-transmitter","status":"publish","type":"product","link":"https:\/\/marshallradio.com\/eu\/product\/rt-turbo-transmitter\/?lang=fr","title":{"rendered":"Transmetteur RT Turbo"},"content":{"rendered":"<p>&nbsp;<\/p>\n<p><strong>LA PLUS GAMME POSSIBLE<\/strong><br \/>\nLe Turbo offre la plus grande port\u00e9e de tous les \u00e9metteurs de fauconnerie, partout dans le monde.<\/p>\n<p>Utilisant les derniers semi-conducteurs \u00e0 jonction d&#8217;ars\u00e9niure de gallium combin\u00e9s avec des transistors \u00e0 h\u00e9t\u00e9rojonction Schottky et des amplificateurs \u00e0 haute lin\u00e9arit\u00e9 pour alimenter<strong>Mode Turbo<\/strong>.<\/p>\n<p><strong>EMBALLAGE PREMIUM, MEILLEUR COFFRET DESIGN<\/strong><br \/>\nLorsque vous manipulez et inspectez de pr\u00e8s l&#8217;\u00e9metteur Turbo, vous verrez son nouveau design de bo\u00eetier et sa couleur nickel noir et vous saurez imm\u00e9diatement qu&#8217;il est tr\u00e8s diff\u00e9rent de tout autre \u00e9metteur disponible. Les bo\u00eetiers sont usin\u00e9s avec pr\u00e9cision selon des tol\u00e9rances tr\u00e8s serr\u00e9es et les filetages sont toujours exacts, coh\u00e9rents et lisses. Les piles sont bien ajust\u00e9es et s\u00e9curis\u00e9es sans cliquetis. Le placage m\u00e9tallique et la coloration sont de haute qualit\u00e9, de sorte que les diff\u00e9rences peuvent toujours \u00eatre vues et ressenties.<\/p>\n<p><strong>VIE DE LA BATTERIE<\/strong><br \/>\nSur une batterie neuve, le Turbo fonctionne en mode Turbo pendant 16 heures, puis encore 4,5 jours \u00e0 puissance standard (autonomie totale de 5 jours).<\/p>\n<p><strong>CONCEPTION DE MONTAGE &#8220;CONVERTIBLE&#8221; TR\u00c8S SIMPLE.<\/strong><br \/>\nChaque RT Turbo est \u00e9quip\u00e9 d&#8217;un ressort arri\u00e8re et vous avez le choix entre des couvercles de batterie de style jambe ou queue. Lorsqu&#8217;il est command\u00e9 avec un couvercle de montage sur pied, retirez simplement le protecteur d&#8217;antenne et la rondelle de retenue pour retirer le ressort arri\u00e8re. Convertissez facilement en support arri\u00e8re ou TrackPack en installant le ressort inclus. Le ressort arri\u00e8re inclus est form\u00e9 uniform\u00e9ment selon des tol\u00e9rances exactes, puis trait\u00e9 thermiquement pour une r\u00e9sistance maximale. Ils sont con\u00e7us pour correspondre exactement aux pi\u00e8ces de queue Marshall, ce qui les rend s\u00e9curis\u00e9s sur le faucon, tout en donnant juste assez de d\u00e9gagement n\u00e9cessaire pour que le fauconnier puisse retirer rapidement l&#8217;\u00e9metteur avec une action douce et simple. De plus, le Turbo fonctionne \u00e9galement parfaitement sur le Track Pack.<\/p>\n<p><strong>MEILLEURE GARANTIE<\/strong><br \/>\nTous les \u00e9metteurs sont livr\u00e9s avec une garantie de satisfaction de 30 jours et le Turbo est couvert par une garantie compl\u00e8te de 3 ans. Si l&#8217;\u00e9metteur tombe en panne pour une raison quelconque, renvoyez-le-nous simplement directement ou \u00e0 un distributeur agr\u00e9\u00e9 dans votre pays et nous le r\u00e9parerons ou le remplacerons. Marshall Radio a acquis la r\u00e9putation de prendre en charge tous ses produits et de satisfaire ses clients.<\/p>\n","protected":false},"excerpt":{"rendered":"<p>&nbsp;<\/p>\n<p style=\"text-align: left;\"><strong>Le RT Turbo est l&#8217;\u00e9metteur de fauconnerie le plus puissant et le plus long jamais con\u00e7u. <\/strong><\/p>\n<p style=\"text-align: left;\">En mode turbo<strong>,\u00a0<\/strong>il donne un signal avec plus de quatre fois la puissance du RT UHF tout en utilisant la m\u00eame batterie au lithium de trois volts 1\/3N, offrant le double de la port\u00e9e du RT UHF. Bas\u00e9 sur les derni\u00e8res technologies et les meilleurs mat\u00e9riaux, le Turbo est l&#8217;\u00e9metteur le plus robuste et le plus long jamais con\u00e7u. Rien n&#8217;offre une meilleure protection pour les faucons \u00e0 longue port\u00e9e. Suivi \u00e0 l&#8217;aide de notre r\u00e9cepteur de t\u00e9l\u00e9m\u00e9trie Field Marshall UHF extr\u00eamement sensible, le RT Turbo UHF est id\u00e9al comme primaire longue distance ou comme sauvegarde longue port\u00e9e \/ dur\u00e9e de vie plus longue lorsqu&#8217;il est utilis\u00e9 avec un GPS Marshall.<\/p>\n<p style=\"text-align: left;\">Fr\u00e9quences disponibles : 433,434 MHz<\/p>\n<div class=\"read-more\"><a href=\"https:\/\/marshallradio.com\/eu\/product\/rt-turbo-transmitter\/?lang=fr\">Read more <span class=\"screen-reader-text\">Transmetteur RT Turbo<\/span><span class=\"meta-nav\"> &#8250;<\/span><\/a><\/div>\n<p><!-- end of .read-more --><\/p>\n","protected":false},"featured_media":44096,"template":"","meta":{"_acf_changed":false},"product_brand":[],"product_cat":[85],"product_tag":[],"class_list":{"0":"post-33763","1":"product","2":"type-product","3":"status-publish","4":"has-post-thumbnail","6":"product_cat-emetteurs","8":"first","9":"instock","10":"taxable","11":"shipping-taxable","12":"purchasable","13":"product-type-variable"},"acf":[],"_links":{"self":[{"href":"https:\/\/marshallradio.com\/eu\/wp-json\/wp\/v2\/product\/33763","targetHints":{"allow":["GET"]}}],"collection":[{"href":"https:\/\/marshallradio.com\/eu\/wp-json\/wp\/v2\/product"}],"about":[{"href":"https:\/\/marshallradio.com\/eu\/wp-json\/wp\/v2\/types\/product"}],"wp:featuredmedia":[{"embeddable":true,"href":"https:\/\/marshallradio.com\/eu\/wp-json\/wp\/v2\/media\/44096"}],"wp:attachment":[{"href":"https:\/\/marshallradio.com\/eu\/wp-json\/wp\/v2\/media?parent=33763"}],"wp:term":[{"taxonomy":"product_brand","embeddable":true,"href":"https:\/\/marshallradio.com\/eu\/wp-json\/wp\/v2\/product_brand?post=33763"},{"taxonomy":"product_cat","embeddable":true,"href":"https:\/\/marshallradio.com\/eu\/wp-json\/wp\/v2\/product_cat?post=33763"},{"taxonomy":"product_tag","embeddable":true,"href":"https:\/\/marshallradio.com\/eu\/wp-json\/wp\/v2\/product_tag?post=33763"}],"curies":[{"name":"wp","href":"https:\/\/api.w.org\/{rel}","templated":true}]}}