
{"id":33784,"date":"2019-06-14T17:17:52","date_gmt":"2019-07-10T18:32:51","guid":{"rendered":"http:\/\/marshallradio.com\/eu\/product\/rt-trasmettitore-turbo\/"},"modified":"2023-03-15T16:13:31","modified_gmt":"2023-03-15T16:13:31","slug":"rt-turbo-transmitter","status":"publish","type":"product","link":"https:\/\/marshallradio.com\/eu\/product\/rt-turbo-transmitter\/?lang=it","title":{"rendered":"RT Trasmettitore Turbo"},"content":{"rendered":"<p>&nbsp;<\/p>\n<p><strong>LA PI\u00d9 GAMMA POSSIBILE<\/strong><br \/>\nIl Turbo offre la portata pi\u00f9 ampia di qualsiasi trasmettitore per falconeria, in qualsiasi parte del mondo.<\/p>\n<p>Utilizzando i pi\u00f9 recenti semiconduttori a giunzione di arseniuro di gallio combinati con transistor a eterogiunzione Schottky e amplificatori ad alta linearit\u00e0 per alimentare<strong>Modalit\u00e0 Turbo<\/strong>.<\/p>\n<p><strong>IMBALLAGGIO PREMIUM, IL MIGLIOR DESIGN DEL CASO<\/strong><br \/>\nQuando maneggi e ispezioni da vicino\u00a0il trasmettitore Turbo, vedrai il suo nuovo design della custodia e il colore nichel nero e capirai immediatamente che \u00e8 molto diverso da qualsiasi altro trasmettitore disponibile. Le custodie sono lavorate con precisione con tolleranze molto strette e le filettature sono sempre esatte, coerenti e lisce. Le batterie si adattano perfettamente e in modo sicuro senza alcun rumore. La placcatura e la colorazione del metallo sono di alta qualit\u00e0, quindi le differenze possono sempre essere viste e sentite.<\/p>\n<p><strong>DURATA DELLA BATTERIA<\/strong><br \/>\nCon una nuova batteria, il Turbo funziona in modalit\u00e0 Turbo per 16 ore, quindi altri 4,5 giorni a potenza standard (5 giorni di autonomia totale).<\/p>\n<p><strong>DESIGN DI MONTAGGIO &#8220;CONVERTIBILE&#8221; MOLTO SEMPLICE.<\/strong><br \/>\nOgni RT Turbo \u00e8 dotato di una molla di coda e di coperchi batteria a scelta tra Leg o Tail. Se ordinato con un coperchio per montaggio su gamba, \u00e8 sufficiente rimuovere la protezione dell&#8217;antenna e la rondella di ritegno per rimuovere la molla di coda. Converti facilmente in coda o supporto TrackPack installando la molla inclusa. La molla di coda inclusa \u00e8 formata uniformemente per tolleranze esatte e quindi trattata termicamente per la massima resistenza. Sono progettati per adattarsi esattamente ai pezzi di coda Marshall, rendendoli sicuri sul falco, ma dando lo spazio sufficiente necessario al falconiere per rimuovere rapidamente il trasmettitore con un&#8217;azione semplice e fluida. Inoltre, il Turbo funziona perfettamente anche sul Track Pack.<\/p>\n<p><strong>MIGLIORE GARANZIA<\/strong><br \/>\nTutti i trasmettitori vengono forniti con una garanzia di soddisfazione di 30 giorni e il Turbo carie una garanzia completa di 3 anni. Se il trasmettitore non funziona per qualsiasi motivo, \u00e8 sufficiente restituirlo direttamente a noi oa un distributore autorizzato nel proprio paese e lo ripareremo o lo sostituiremo. Marshall Radio si \u00e8 guadagnata una reputazione per il supporto di tutti i suoi prodotti e per la soddisfazione dei clienti.<\/p>\n","protected":false},"excerpt":{"rendered":"<p>&nbsp;<\/p>\n<p style=\"text-align: left;\"><strong>RT Turbo \u00e8 il trasmettitore per falconeria pi\u00f9 potente\/a pi\u00f9 lunga portata mai realizzato. <\/strong><\/p>\n<p style=\"text-align: left;\">In\u00a0modalit\u00e0 Turbo<strong>,\u00a0<\/strong>fornisce un segnale con oltre quattro volte la potenza dell&#8217;RT UHF ma utilizza la stessa batteria al litio da tre volt 1\/3N, fornendo il doppio della portata dell&#8217;RT UHF. Basato sulla tecnologia pi\u00f9 recente e sui migliori materiali, il Turbo \u00e8 il trasmettitore pi\u00f9 robusto e con la portata pi\u00f9 lunga mai realizzato. Niente offre una protezione maggiore per i falchi a lungo raggio. Tracciato utilizzando il nostro ricevitore di telemetria Field Marshall UHF estremamente sensibile, RT Turbo UHF \u00e8 ideale come primario a lunga distanza o come backup a lungo raggio \/ vita pi\u00f9 lunga se utilizzato in combinazione con un GPS Marshall.<\/p>\n<p style=\"text-align: left;\">Frequenze disponibili: 433,434 MHz<\/p>\n<div class=\"read-more\"><a href=\"https:\/\/marshallradio.com\/eu\/product\/rt-turbo-transmitter\/?lang=it\">Read more <span class=\"screen-reader-text\">RT Trasmettitore Turbo<\/span><span class=\"meta-nav\"> &#8250;<\/span><\/a><\/div>\n<p><!-- end of .read-more --><\/p>\n","protected":false},"featured_media":44098,"template":"","meta":{"_acf_changed":false},"product_brand":[],"product_cat":[89],"product_tag":[],"class_list":{"0":"post-33784","1":"product","2":"type-product","3":"status-publish","4":"has-post-thumbnail","6":"product_cat-trasmettitori","8":"first","9":"instock","10":"taxable","11":"shipping-taxable","12":"purchasable","13":"product-type-variable"},"acf":[],"_links":{"self":[{"href":"https:\/\/marshallradio.com\/eu\/wp-json\/wp\/v2\/product\/33784","targetHints":{"allow":["GET"]}}],"collection":[{"href":"https:\/\/marshallradio.com\/eu\/wp-json\/wp\/v2\/product"}],"about":[{"href":"https:\/\/marshallradio.com\/eu\/wp-json\/wp\/v2\/types\/product"}],"wp:featuredmedia":[{"embeddable":true,"href":"https:\/\/marshallradio.com\/eu\/wp-json\/wp\/v2\/media\/44098"}],"wp:attachment":[{"href":"https:\/\/marshallradio.com\/eu\/wp-json\/wp\/v2\/media?parent=33784"}],"wp:term":[{"taxonomy":"product_brand","embeddable":true,"href":"https:\/\/marshallradio.com\/eu\/wp-json\/wp\/v2\/product_brand?post=33784"},{"taxonomy":"product_cat","embeddable":true,"href":"https:\/\/marshallradio.com\/eu\/wp-json\/wp\/v2\/product_cat?post=33784"},{"taxonomy":"product_tag","embeddable":true,"href":"https:\/\/marshallradio.com\/eu\/wp-json\/wp\/v2\/product_tag?post=33784"}],"curies":[{"name":"wp","href":"https:\/\/api.w.org\/{rel}","templated":true}]}}