
{"id":34248,"date":"2019-01-10T19:47:42","date_gmt":"2019-07-10T19:02:16","guid":{"rendered":"http:\/\/marshallradio.com\/eu\/product\/rt-uhf-vysilac\/"},"modified":"2024-12-23T22:03:19","modified_gmt":"2024-12-23T22:03:19","slug":"rt-xpuhf-transmitter-worldwide","status":"publish","type":"product","link":"https:\/\/marshallradio.com\/eu\/product\/rt-xpuhf-transmitter-worldwide\/?lang=cs","title":{"rendered":"RT XP UHF vys\u00edla\u010d"},"content":{"rendered":"<p><b>MONT\u00c1\u017dN\u00cd ZP\u016eSOBY \u2013 P\u0159estaviteln\u00e9 pro maxim\u00e1ln\u00ed v\u0161estrannost<\/b><\/p>\n<p>Nov\u00fd RT XP VHF je n\u00e1\u0161 nejv\u00fdkonn\u011bj\u0161\u00ed, nejodoln\u011bj\u0161\u00ed a nejv\u0161estrann\u011bj\u0161\u00ed tradi\u010dn\u00ed telemetrick\u00fd vys\u00edla\u010d. Poskytuje maxim\u00e1ln\u00ed bezpe\u010dnost p\u0159i obnov\u011b va\u0161eho pt\u00e1ka. RT XP je k dispozici pro pou\u017eit\u00ed v jak\u00e9koli mont\u00e1\u017en\u00ed konfiguraci (na nohu, ocas, batoh nebo krk), lze jej objednat na v\u00e1mi zvolen\u00e9m kan\u00e1lu v p\u00e1smu 433-434 MHz.<\/p>\n<p>Pro velk\u00e9 sokoly a jest\u0159\u00e1by doporu\u010dujeme RT XP pro pou\u017eit\u00ed bu\u010f jako prim\u00e1rn\u00ed sledovac\u00ed vys\u00edla\u010d, nebo jako ide\u00e1ln\u00ed sekund\u00e1rn\u00ed vys\u00edla\u010d s dlouhou \u017eivotnost\u00ed \/ dlouh\u00fdm dosahem p\u0159i pou\u017eit\u00ed ve spojen\u00ed s Marshall GPS.<\/p>\n<p><strong>Telemetrick\u00e9 vys\u00edla\u010de RT XP jsou kompatibiln\u00ed s na\u0161imi dob\u00edjec\u00edmi bateriemi.<\/strong><\/p>\n<p>Pou\u017eit\u00ed dob\u00edjec\u00edch bateri\u00ed s va\u0161\u00edm RT XP poskytuje je\u0161t\u011b v\u011bt\u0161\u00ed rozsah sledov\u00e1n\u00ed a umo\u017e\u0148uje, aby ka\u017ed\u00fd let za\u010dal s plnou bateri\u00ed, co\u017e v p\u0159\u00edpad\u011b pot\u0159eby poskytuje maxim\u00e1ln\u00ed dobu zotaven\u00ed. Chcete-li zakoupit tuto mo\u017enost, <a href=\"https:\/\/marshallradio.com\/eu\/product\/rt-gps-rechargeable-battery-kit\/\">klikn\u011bte zde pro na\u0161e nab\u00edje\u010dky.<\/a> V pozn\u00e1mk\u00e1ch u pokladny pros\u00edm uve\u010fte, zda je sada nab\u00edje\u010dky ur\u010dena pro v\u00e1\u0161 RT XP, abychom mohli nejl\u00e9pe sladit barvu va\u0161eho vys\u00edla\u010de. Pokud ji\u017e m\u00e1te nab\u00edje\u010dku, m\u016f\u017eete si ji jednodu\u0161e zakoupit <a href=\"https:\/\/marshallradio.com\/eu\/product\/additional-rechargeable-batteries\/\">jedna dob\u00edjec\u00ed baterie zde.<\/a> Pokud ji\u017e m\u00e1te dob\u00edjec\u00ed baterie pro v\u00e1\u0161 GPS, m\u016f\u017eete stejnou baterii pou\u017e\u00edt s va\u0161\u00edm RT XP.<\/p>\n<p><strong>PLN\u011a BAREVN\u00c1 LED<\/strong><\/p>\n<p>Super efektivn\u00ed, RT XP vyu\u017e\u00edv\u00e1 nejnov\u011bj\u0161\u00ed v\u00edcebarevnou LED technologii, kter\u00e1 v\u00e1m poskytne stav vys\u00edla\u010de na prvn\u00ed pohled.<\/p>\n<p>Ka\u017ed\u00e1 barva ozna\u010duje:<\/p>\n<ul>\n<li>ZELEN\u00c1 = pravideln\u00fd v\u00fdkon a provoz<\/li>\n<li>\u017dLUT\u00c1 = Re\u017eim slab\u00e9 baterie, \u010das na v\u00fdm\u011bnu baterie<\/li>\n<li>\u010cERVEN\u00c1 = T\u00e9m\u011b\u0159 vybit\u00e1 baterie (zb\u00fdv\u00e1 m\u00e9n\u011b ne\u017e 24 hodin)<\/li>\n<\/ul>\n<p><strong>MAGNETICK\u00dd SP\u00cdNA\u010c<\/strong><\/p>\n<p>Pomoc\u00ed magnetick\u00e9ho vyp\u00edna\u010de lze baterie ponechat uvnit\u0159 vys\u00edla\u010d\u016f, dokud je nen\u00ed t\u0159eba vym\u011bnit. Chcete-li jej zapnout, jednodu\u0161e poklepejte magnetem na v\u00edko nebo t\u011blo vys\u00edla\u010de, dokud neuvid\u00edte t\u0159i rychl\u00e9 bliknut\u00ed LED (spolu se 3 p\u00edpnut\u00edmi na va\u0161em p\u0159ij\u00edma\u010di UHF), kter\u00e9 v\u00e1m sd\u011bl\u00ed, \u017ee vys\u00edla\u010d je zapnut\u00fd a b\u011b\u017e\u00ed. Tot\u00e9\u017e prove\u010fte pro vypnut\u00ed vys\u00edla\u010de. Pokud se magnet ztrat\u00ed, vys\u00edla\u010d lze st\u00e1le zap\u00ednat a vyp\u00ednat ru\u010dn\u011b vyjmut\u00edm baterie.<\/p>\n<p><strong>baterie<br \/>\n<\/strong><\/p>\n<p>RT XP pou\u017e\u00edv\u00e1 bu\u010f \u00factyhodnou baterii Duracell 1\/3N, nebo dob\u00edjec\u00ed baterie Marshall (stejn\u00e9 jako Turbo GPS), kter\u00e9 poskytuj\u00ed \u00fa\u017easn\u00fd v\u00fdkon za v\u0161ech podm\u00ednek, v\u010detn\u011b chladn\u00e9ho po\u010das\u00ed (s hodnocen\u00edm -40 C). \u017divotnost baterie: 5-7 dn\u00ed nep\u0159etr\u017eit\u011b.<\/p>\n<p><strong>JAK\u00dd DRUH \u0158ADY M\u016e\u017dETE O\u010cEK\u00c1VAT?<\/strong><\/p>\n<p>Testovali jsme tyto vys\u00edla\u010de s dobrou viditelnost\u00ed sign\u00e1lu na vzd\u00e1lenost v\u00edce ne\u017e 70 mil. Ale d\u016fle\u017eit\u00e1 m\u011b\u0159en\u00ed jsou na zemi a ve skute\u010dn\u00e9m loveck\u00e9m ter\u00e9nu, kde jsou p\u0159ek\u00e1\u017eky a dal\u0161\u00ed podm\u00ednky, kter\u00e9 nep\u0159\u00edzniv\u011b ovliv\u0148uj\u00ed sign\u00e1l. A v ka\u017ed\u00e9 situaci, se kterou se setk\u00e1te, RT XP UHF poskytne nejlep\u0161\u00ed mo\u017en\u00fd dosah.<\/p>\n","protected":false},"excerpt":{"rendered":"<p>RT UHF je n\u00e1\u0161 nejodoln\u011bj\u0161\u00ed a nejuniverz\u00e1ln\u011bj\u0161\u00ed tradi\u010dn\u00ed telemetrick\u00fd vys\u00edla\u010d. Poskytuje maxim\u00e1ln\u00ed bezpe\u010dnost p\u0159i obnov\u011b va\u0161eho pt\u00e1ka. K dispozici pro pou\u017eit\u00ed v jak\u00e9koli mont\u00e1\u017en\u00ed konfiguraci (upevn\u011bn\u00ed na nohu, ocas, batoh nebo krk), RT UHF lze objednat na v\u00e1mi zvolen\u00e9m kan\u00e1lu v p\u00e1smu 433-434 MHz.<\/p>\n<p>Pro velk\u00e9 sokoly a jest\u0159\u00e1by doporu\u010dujeme RT XP UHF pro pou\u017eit\u00ed bu\u010f jako prim\u00e1rn\u00ed sledovac\u00ed vys\u00edla\u010d, nebo jako ide\u00e1ln\u00ed sekund\u00e1rn\u00ed vys\u00edla\u010d s dlouhou \u017eivotnost\u00ed \/ dlouh\u00fdm dosahem p\u0159i pou\u017eit\u00ed ve spojen\u00ed s Marshall GPS.<\/p>\n<div class=\"read-more\"><a href=\"https:\/\/marshallradio.com\/eu\/product\/rt-xpuhf-transmitter-worldwide\/?lang=cs\">Read more <span class=\"screen-reader-text\">RT XP UHF vys\u00edla\u010d<\/span><span class=\"meta-nav\"> &#8250;<\/span><\/a><\/div>\n<p><!-- end of .read-more --><\/p>\n","protected":false},"featured_media":44101,"template":"","meta":{"_acf_changed":false},"product_brand":[],"product_cat":[81],"product_tag":[],"class_list":{"0":"post-34248","1":"product","2":"type-product","3":"status-publish","4":"has-post-thumbnail","6":"product_cat-vysilace","8":"first","9":"instock","10":"taxable","11":"shipping-taxable","12":"purchasable","13":"product-type-variable"},"acf":[],"_links":{"self":[{"href":"https:\/\/marshallradio.com\/eu\/wp-json\/wp\/v2\/product\/34248","targetHints":{"allow":["GET"]}}],"collection":[{"href":"https:\/\/marshallradio.com\/eu\/wp-json\/wp\/v2\/product"}],"about":[{"href":"https:\/\/marshallradio.com\/eu\/wp-json\/wp\/v2\/types\/product"}],"wp:featuredmedia":[{"embeddable":true,"href":"https:\/\/marshallradio.com\/eu\/wp-json\/wp\/v2\/media\/44101"}],"wp:attachment":[{"href":"https:\/\/marshallradio.com\/eu\/wp-json\/wp\/v2\/media?parent=34248"}],"wp:term":[{"taxonomy":"product_brand","embeddable":true,"href":"https:\/\/marshallradio.com\/eu\/wp-json\/wp\/v2\/product_brand?post=34248"},{"taxonomy":"product_cat","embeddable":true,"href":"https:\/\/marshallradio.com\/eu\/wp-json\/wp\/v2\/product_cat?post=34248"},{"taxonomy":"product_tag","embeddable":true,"href":"https:\/\/marshallradio.com\/eu\/wp-json\/wp\/v2\/product_tag?post=34248"}],"curies":[{"name":"wp","href":"https:\/\/api.w.org\/{rel}","templated":true}]}}