
{"id":34288,"date":"2019-01-10T19:47:42","date_gmt":"2019-07-10T20:09:36","guid":{"rendered":"http:\/\/marshallradio.com\/eu\/product\/rt-emetteur-uhf\/"},"modified":"2024-12-23T22:04:58","modified_gmt":"2024-12-23T22:04:58","slug":"rt-xpuhf-transmitter-worldwide","status":"publish","type":"product","link":"https:\/\/marshallradio.com\/eu\/product\/rt-xpuhf-transmitter-worldwide\/?lang=fr","title":{"rendered":"\u00c9metteur UHF RT XP"},"content":{"rendered":"<p><b>M\u00c9THODES DE MONTAGE \u2013 Convertible pour une polyvalence maximale<\/b><\/p>\n<p>Le nouveau RT XP VHF est notre \u00e9metteur de t\u00e9l\u00e9m\u00e9trie traditionnel le plus puissant, le plus robuste et le plus polyvalent. Il offre une s\u00e9curit\u00e9 maximale lors de la r\u00e9cup\u00e9ration de votre oiseau. Disponible pour une utilisation dans n&#8217;importe quelle configuration de montage (support de jambe, de queue, de sac \u00e0 dos ou de cou), le RT XP peut \u00eatre command\u00e9 sur le canal de votre choix dans la bande 433-434 MHz.<\/p>\n<p>Pour les grands faucons et faucons, nous recommandons d&#8217;utiliser le RT XP comme \u00e9metteur de suivi principal ou comme \u00e9metteur secondaire id\u00e9al longue dur\u00e9e de vie\/longue port\u00e9e lorsqu&#8217;il est utilis\u00e9 conjointement avec le GPS Marshall.<\/p>\n<p><strong>Les \u00e9metteurs de t\u00e9l\u00e9m\u00e9trie RT XP sont compatibles avec nos batteries rechargeables.<\/strong><\/p>\n<p>L&#8217;utilisation de piles rechargeables avec votre RT XP offre une port\u00e9e de suivi encore plus grande et permet \u00e0 chaque vol de commencer avec une batterie pleine, offrant ainsi un temps de r\u00e9cup\u00e9ration maximal en cas de besoin. Pour acheter cette option, <a href=\"https:\/\/marshallradio.com\/eu\/product\/rt-gps-rechargeable-battery-kit\/\">cliquez ici pour nos kits de chargeurs.<\/a> Dans les notes lors du paiement, veuillez noter si le kit de chargeur est destin\u00e9 \u00e0 votre RT XP afin que nous puissions au mieux faire correspondre la couleur de votre \u00e9metteur. Si vous poss\u00e9dez d\u00e9j\u00e0 une base de chargement, vous pouvez simplement en acheter une <a href=\"https:\/\/marshallradio.com\/eu\/product\/additional-rechargeable-batteries\/\">une seule batterie rechargeable ici.<\/a> Si vous disposez d\u00e9j\u00e0 des batteries rechargeables pour votre GPS, la m\u00eame batterie peut \u00eatre utilis\u00e9e avec votre RT XP.<\/p>\n<p><strong>LED PLEINE COULEUR<\/strong><\/p>\n<p>Super efficace, le RT XP utilise la derni\u00e8re technologie LED multicolore pour vous donner l&#8217;\u00e9tat de l&#8217;\u00e9metteur en un coup d&#8217;\u0153il.<\/p>\n<p>Chaque couleur indique :<\/p>\n<ul>\n<li>VERT = alimentation et fonctionnement r\u00e9guliers<\/li>\n<li>JAUNE = Mode batterie faible, il est temps de changer la batterie<\/li>\n<li>ROUGE = Batterie presque \u00e0 plat (moins de 24 heures restantes)<\/li>\n<\/ul>\n<p><strong>INTERRUPTEUR MAGN\u00c9TIQUE<\/strong><\/p>\n<p>Gr\u00e2ce \u00e0 l&#8217;interrupteur magn\u00e9tique marche\/arr\u00eat, les piles peuvent \u00eatre laiss\u00e9es \u00e0 l&#8217;int\u00e9rieur des \u00e9metteurs jusqu&#8217;\u00e0 ce qu&#8217;elles doivent \u00eatre chang\u00e9es. Pour l&#8217;allumer, appuyez simplement l&#8217;aimant sur le couvercle ou le corps de l&#8217;\u00e9metteur jusqu&#8217;\u00e0 ce que vous voyiez trois clignotements rapides de la LED (accompagn\u00e9s de 3 bips sur votre r\u00e9cepteur UHF), qui vous indiquent que l&#8217;\u00e9metteur est allum\u00e9 et fonctionne. Faites de m\u00eame pour \u00e9teindre l&#8217;\u00e9metteur. Si l&#8217;aimant est perdu, l&#8217;\u00e9metteur peut toujours \u00eatre allum\u00e9 et \u00e9teint manuellement en retirant la batterie.<\/p>\n<p><strong>Batterie<br \/>\n<\/strong><\/p>\n<p>Le RT XP utilise soit la v\u00e9n\u00e9rable batterie Duracell 1\/3N, soit les batteries rechargeables Marshall (identiques au Turbo GPS), offrant des performances \u00e9tonnantes dans toutes les conditions, y compris par temps froid (jusqu&#8217;\u00e0 -40 \u00b0C). Autonomie de la batterie : 5 \u00e0 7 jours en continu.<\/p>\n<p><strong>\u00c0 QUEL TYPE DE GAMME POUVEZ-VOUS VOUS ATTENDRE\u00a0?<\/strong><\/p>\n<p>Nous avons test\u00e9 ces \u00e9metteurs avec une bonne visibilit\u00e9 du signal sur plus de 70 miles. Mais les mesures importantes sont effectu\u00e9es sur le terrain et sur un terrain de chasse r\u00e9el o\u00f9 se trouvent des obstacles et d&#8217;autres conditions qui affectent n\u00e9gativement le signal. Et dans toutes les situations que vous rencontrerez, le RT XP UHF offrira la meilleure port\u00e9e possible.<\/p>\n","protected":false},"excerpt":{"rendered":"<p>Le RT UHF est notre \u00e9metteur de t\u00e9l\u00e9m\u00e9trie traditionnel le plus robuste et le plus polyvalent. Il offre une s\u00e9curit\u00e9 maximale lors de la r\u00e9cup\u00e9ration de votre oiseau. Disponible pour une utilisation dans n&#8217;importe quelle configuration de montage (support de jambe, de queue, de sac \u00e0 dos ou de cou), le RT UHF peut \u00eatre command\u00e9 sur le canal de votre choix dans la bande 433-434 MHz.<\/p>\n<p>Pour les grands faucons et faucons, nous recommandons l&#8217;utilisation du RT XP UHF comme \u00e9metteur de suivi principal ou comme \u00e9metteur secondaire id\u00e9al longue dur\u00e9e\/longue port\u00e9e lorsqu&#8217;il est utilis\u00e9 conjointement avec le GPS Marshall.<\/p>\n<div class=\"read-more\"><a href=\"https:\/\/marshallradio.com\/eu\/product\/rt-xpuhf-transmitter-worldwide\/?lang=fr\">Read more <span class=\"screen-reader-text\">\u00c9metteur UHF RT XP<\/span><span class=\"meta-nav\"> &#8250;<\/span><\/a><\/div>\n<p><!-- end of .read-more --><\/p>\n","protected":false},"featured_media":44103,"template":"","meta":{"_acf_changed":false},"product_brand":[],"product_cat":[85],"product_tag":[],"class_list":{"0":"post-34288","1":"product","2":"type-product","3":"status-publish","4":"has-post-thumbnail","6":"product_cat-emetteurs","8":"first","9":"instock","10":"taxable","11":"shipping-taxable","12":"purchasable","13":"product-type-variable"},"acf":[],"_links":{"self":[{"href":"https:\/\/marshallradio.com\/eu\/wp-json\/wp\/v2\/product\/34288","targetHints":{"allow":["GET"]}}],"collection":[{"href":"https:\/\/marshallradio.com\/eu\/wp-json\/wp\/v2\/product"}],"about":[{"href":"https:\/\/marshallradio.com\/eu\/wp-json\/wp\/v2\/types\/product"}],"wp:featuredmedia":[{"embeddable":true,"href":"https:\/\/marshallradio.com\/eu\/wp-json\/wp\/v2\/media\/44103"}],"wp:attachment":[{"href":"https:\/\/marshallradio.com\/eu\/wp-json\/wp\/v2\/media?parent=34288"}],"wp:term":[{"taxonomy":"product_brand","embeddable":true,"href":"https:\/\/marshallradio.com\/eu\/wp-json\/wp\/v2\/product_brand?post=34288"},{"taxonomy":"product_cat","embeddable":true,"href":"https:\/\/marshallradio.com\/eu\/wp-json\/wp\/v2\/product_cat?post=34288"},{"taxonomy":"product_tag","embeddable":true,"href":"https:\/\/marshallradio.com\/eu\/wp-json\/wp\/v2\/product_tag?post=34288"}],"curies":[{"name":"wp","href":"https:\/\/api.w.org\/{rel}","templated":true}]}}