
{"id":34300,"date":"2019-01-10T19:47:42","date_gmt":"2019-07-10T20:13:16","guid":{"rendered":"http:\/\/marshallradio.com\/eu\/product\/rt-trasmettitore-uhf\/"},"modified":"2024-12-23T22:06:36","modified_gmt":"2024-12-23T22:06:36","slug":"rt-xpuhf-transmitter-worldwide","status":"publish","type":"product","link":"https:\/\/marshallradio.com\/eu\/product\/rt-xpuhf-transmitter-worldwide\/?lang=it","title":{"rendered":"Trasmettitore UHF RT XP"},"content":{"rendered":"<p><b>METODI DI MONTAGGIO \u2013 Convertibile per la massima versatilit\u00e0<\/b><\/p>\n<p>Il nuovo RT XP VHF \u00e8 il nostro trasmettitore di telemetria tradizionale pi\u00f9 potente, robusto e versatile. Fornisce la massima sicurezza durante il recupero del tuo uccello. Disponibile per l&#8217;uso in qualsiasi configurazione di montaggio (gamba, coda, zaino o collo), RT XP pu\u00f2 essere ordinato sul canale di vostra scelta all&#8217;interno della banda 433-434 MHz.<\/p>\n<p>Per falchi e falchi di grandi dimensioni, consigliamo l&#8217;uso dell&#8217;RT XP come trasmettitore di localizzazione primario o come trasmettitore secondario ideale a lunga durata\/lungo raggio se utilizzato insieme al GPS Marshall.<\/p>\n<p><strong>I trasmettitori di telemetria RT XP sono compatibili con le nostre batterie ricaricabili.<\/strong><\/p>\n<p>L&#8217;utilizzo di batterie ricaricabili con il tuo RT XP fornisce un raggio di tracciamento ancora maggiore e consente di iniziare ogni volo con una batteria carica, garantendo il massimo tempo di recupero in caso di necessit\u00e0. Per acquistare questa opzione, <a href=\"https:\/\/marshallradio.com\/eu\/product\/rt-gps-rechargeable-battery-kit\/\">fare clic qui per i nostri kit caricabatterie.<\/a> Nelle note al momento del pagamento, indica se il kit caricabatterie \u00e8 per il tuo RT XP in modo che possiamo abbinare al meglio il colore del tuo trasmettitore. Se disponi gi\u00e0 di una base di ricarica puoi semplicemente acquistarne una <a href=\"https:\/\/marshallradio.com\/eu\/product\/additional-rechargeable-batteries\/\">singola batteria ricaricabile qui.<\/a> Se disponi gi\u00e0 delle batterie ricaricabili per il tuo GPS, la stessa batteria pu\u00f2 essere utilizzata con il tuo RT XP.<\/p>\n<p><strong>LED A COLORI COMPLETI<\/strong><\/p>\n<p>Super efficiente, RT XP utilizza la pi\u00f9 recente tecnologia LED multicolore per darti lo stato del trasmettitore a colpo d&#8217;occhio.<\/p>\n<p>Ogni colore indica:<\/p>\n<ul>\n<li>VERDE = alimentazione e funzionamento regolari<\/li>\n<li>GIALLO = Modalit\u00e0 batteria scarica, \u00e8 ora di sostituire la batteria<\/li>\n<li>ROSSO = Batteria quasi scarica (meno di 24 ore rimanenti)<\/li>\n<\/ul>\n<p><strong>INTERRUTTORE MAGNETICO<\/strong><\/p>\n<p>Grazie all&#8217;interruttore magnetico On\/Off, le batterie possono essere lasciate all&#8217;interno dei trasmettitori fino a quando non devono essere sostituite. Per accenderlo, tocca semplicemente il magnete sul coperchio o sul corpo del trasmettitore finch\u00e9 non vedi tre rapidi flash del LED (insieme a 3 segnali acustici sul ricevitore UHF), che indicano che il trasmettitore \u00e8 acceso e in funzione. Fare lo stesso per spegnere il trasmettitore. Se si perde il magnete, \u00e8 comunque possibile accendere e spegnere manualmente il trasmettitore rimuovendo la batteria.<\/p>\n<p><strong>Batteria<br \/>\n<\/strong><\/p>\n<p>L&#8217;RT XP utilizza la venerabile batteria Duracell 1\/3N o le batterie ricaricabili Marshall (le stesse del Turbo GPS), fornendo prestazioni sorprendenti in tutte le condizioni, compreso il freddo (classificato fino a -40 C). Durata della batteria: 5-7 giorni continui.<\/p>\n<p><strong>CHE TIPO DI GAMMA PUOI ASPETTARTI?<\/strong><\/p>\n<p>Abbiamo testato questi trasmettitori con una buona linea visiva del segnale fino a oltre 70 miglia. Ma le misurazioni importanti vengono eseguite sul terreno e nel terreno di caccia reale, dove sono presenti ostacoli e altre condizioni che influenzano negativamente il segnale. E in ogni situazione che incontrerai, RT XP UHF fornir\u00e0 la migliore portata possibile.<\/p>\n","protected":false},"excerpt":{"rendered":"<p>L&#8217;RT UHF \u00e8 il nostro trasmettitore di telemetria tradizionale pi\u00f9 robusto e versatile. Fornisce la massima sicurezza durante il recupero del tuo uccello. Disponibile per l&#8217;uso in qualsiasi configurazione di montaggio (gamba, coda, zaino o supporto al collo), l&#8217;RT UHF pu\u00f2 essere ordinato sul canale di vostra scelta all&#8217;interno della banda 433-434 MHz.<\/p>\n<p>Per falchi e falchi di grandi dimensioni, consigliamo l&#8217;uso dell&#8217;RT XP UHF come trasmettitore di localizzazione primario o come trasmettitore secondario ideale a lunga durata\/a lungo raggio se utilizzato insieme al GPS Marshall.<\/p>\n<div class=\"read-more\"><a href=\"https:\/\/marshallradio.com\/eu\/product\/rt-xpuhf-transmitter-worldwide\/?lang=it\">Read more <span class=\"screen-reader-text\">Trasmettitore UHF RT XP<\/span><span class=\"meta-nav\"> &#8250;<\/span><\/a><\/div>\n<p><!-- end of .read-more --><\/p>\n","protected":false},"featured_media":44105,"template":"","meta":{"_acf_changed":false},"product_brand":[],"product_cat":[89],"product_tag":[],"class_list":{"0":"post-34300","1":"product","2":"type-product","3":"status-publish","4":"has-post-thumbnail","6":"product_cat-trasmettitori","8":"first","9":"instock","10":"taxable","11":"shipping-taxable","12":"purchasable","13":"product-type-variable"},"acf":[],"_links":{"self":[{"href":"https:\/\/marshallradio.com\/eu\/wp-json\/wp\/v2\/product\/34300","targetHints":{"allow":["GET"]}}],"collection":[{"href":"https:\/\/marshallradio.com\/eu\/wp-json\/wp\/v2\/product"}],"about":[{"href":"https:\/\/marshallradio.com\/eu\/wp-json\/wp\/v2\/types\/product"}],"wp:featuredmedia":[{"embeddable":true,"href":"https:\/\/marshallradio.com\/eu\/wp-json\/wp\/v2\/media\/44105"}],"wp:attachment":[{"href":"https:\/\/marshallradio.com\/eu\/wp-json\/wp\/v2\/media?parent=34300"}],"wp:term":[{"taxonomy":"product_brand","embeddable":true,"href":"https:\/\/marshallradio.com\/eu\/wp-json\/wp\/v2\/product_brand?post=34300"},{"taxonomy":"product_cat","embeddable":true,"href":"https:\/\/marshallradio.com\/eu\/wp-json\/wp\/v2\/product_cat?post=34300"},{"taxonomy":"product_tag","embeddable":true,"href":"https:\/\/marshallradio.com\/eu\/wp-json\/wp\/v2\/product_tag?post=34300"}],"curies":[{"name":"wp","href":"https:\/\/api.w.org\/{rel}","templated":true}]}}