
{"id":34309,"date":"2019-01-10T19:47:42","date_gmt":"2019-07-10T20:16:17","guid":{"rendered":"http:\/\/marshallradio.com\/eu\/product\/transmisor-rt-uhf\/"},"modified":"2024-12-23T22:07:12","modified_gmt":"2024-12-23T22:07:12","slug":"rt-xpuhf-transmitter-worldwide","status":"publish","type":"product","link":"https:\/\/marshallradio.com\/eu\/product\/rt-xpuhf-transmitter-worldwide\/?lang=es","title":{"rendered":"Transmisor RT XP UHF"},"content":{"rendered":"<p><b>M\u00c9TODOS DE MONTAJE \u2013 Convertible para m\u00e1xima versatilidad<\/b><\/p>\n<p>El nuevo RT XP VHF es nuestro transmisor de telemetr\u00eda tradicional m\u00e1s potente, resistente y vers\u00e1til. Proporciona la m\u00e1xima seguridad a la hora de recuperar tu p\u00e1jaro. Disponible para su uso en cualquier configuraci\u00f3n de montaje (montaje en la pierna, la cola, la mochila o el cuello), el RT XP se puede pedir en el canal que usted elija dentro de la banda de 433-434 MHz.<\/p>\n<p>Para halcones grandes, recomendamos el uso del RT XP como transmisor de seguimiento primario o como transmisor secundario ideal de larga duraci\u00f3n y alcance cuando se usa junto con el GPS Marshall.<\/p>\n<p><strong>Los transmisores de telemetr\u00eda RT XP son compatibles con nuestras bater\u00edas recargables.<\/strong><\/p>\n<p>El uso de bater\u00edas recargables con su RT XP proporciona un rango de seguimiento a\u00fan mayor y permite que cada vuelo comience con la bater\u00eda llena, brindando el m\u00e1ximo tiempo de recuperaci\u00f3n en caso de que surja la necesidad. Para comprar esta opci\u00f3n, <a href=\"https:\/\/marshallradio.com\/eu\/product\/rt-gps-rechargeable-battery-kit\/\">Haga clic aqu\u00ed para ver nuestros kits de cargador.<\/a> En las notas al finalizar la compra, tenga en cuenta si el kit de cargador es para su RT XP para que podamos igualar mejor el color de su transmisor. Si ya tienes una base de carga, simplemente puedes comprar una <a href=\"https:\/\/marshallradio.com\/eu\/product\/additional-rechargeable-batteries\/\">bater\u00eda recargable \u00fanica aqu\u00ed.<\/a> Si ya tiene las bater\u00edas recargables para su GPS, puede usar la misma bater\u00eda con su RT XP.<\/p>\n<p><strong>LED A TODO COLOR<\/strong><\/p>\n<p>S\u00faper eficiente, el RT XP utiliza la \u00faltima tecnolog\u00eda LED multicolor para brindarle el estado del transmisor de un vistazo.<\/p>\n<p>Cada color indica:<\/p>\n<ul>\n<li>VERDE = potencia y funcionamiento regulares<\/li>\n<li>AMARILLO = Modo de bater\u00eda baja, es hora de cambiar la bater\u00eda<\/li>\n<li>ROJO = Bater\u00eda casi agotada (quedan menos de 24 horas)<\/li>\n<\/ul>\n<p><strong>INTERRUPTOR MAGN\u00c9TICO<\/strong><\/p>\n<p>Con el interruptor magn\u00e9tico de encendido\/apagado, las bater\u00edas se pueden dejar dentro de los transmisores hasta que sea necesario cambiarlas. Para encenderlo, simplemente toque el im\u00e1n en la tapa o el cuerpo del transmisor hasta que vea tres destellos r\u00e1pidos del LED (junto con 3 pitidos en su receptor UHF), lo que le indica que el transmisor est\u00e1 encendido y funcionando. Haga lo mismo para apagar el transmisor. Si se pierde el im\u00e1n, el transmisor a\u00fan se puede encender y apagar manualmente quitando la bater\u00eda.<\/p>\n<p><strong>Bater\u00eda<br \/>\n<\/strong><\/p>\n<p>El RT XP utiliza la venerable bater\u00eda Duracell 1\/3N o las bater\u00edas recargables de Marshall (igual que el Turbo GPS), lo que proporciona un rendimiento sorprendente en todas las condiciones, incluido el clima fr\u00edo (clasificado hasta -40 C). Duraci\u00f3n de la bater\u00eda: 5-7 d\u00edas continuos.<\/p>\n<p><strong>\u00bfQU\u00c9 TIPO DE ALCANCE PUEDES ESPERAR?<\/strong><\/p>\n<p>Hemos probado estos transmisores con una buena l\u00ednea de visi\u00f3n de se\u00f1al a m\u00e1s de 70 millas. Pero las mediciones importantes se realizan en el terreno y en terrenos de caza reales, donde hay obstrucciones y otras condiciones que afectan negativamente a la se\u00f1al. Y en cada situaci\u00f3n que encuentre, el RT XP UHF le proporcionar\u00e1 el mejor alcance posible.<\/p>\n","protected":false},"excerpt":{"rendered":"<p>El RT UHF es nuestro transmisor de telemetr\u00eda tradicional m\u00e1s resistente y vers\u00e1til. Proporciona la m\u00e1xima seguridad a la hora de recuperar tu p\u00e1jaro. Disponible para su uso en cualquier configuraci\u00f3n de montaje (montaje en la pierna, la cola, la mochila o el cuello), el RT UHF se puede pedir en el canal que usted elija dentro de la banda de 433-434 MHz.<\/p>\n<p>Para halcones grandes, recomendamos el uso del RT XP UHF como transmisor de seguimiento principal o como transmisor secundario ideal de larga duraci\u00f3n y alcance cuando se usa junto con el GPS Marshall.<\/p>\n<div class=\"read-more\"><a href=\"https:\/\/marshallradio.com\/eu\/product\/rt-xpuhf-transmitter-worldwide\/?lang=es\">Read more <span class=\"screen-reader-text\">Transmisor RT XP UHF<\/span><span class=\"meta-nav\"> &#8250;<\/span><\/a><\/div>\n<p><!-- end of .read-more --><\/p>\n","protected":false},"featured_media":44106,"template":"","meta":{"_acf_changed":false},"product_brand":[],"product_cat":[79],"product_tag":[],"class_list":{"0":"post-34309","1":"product","2":"type-product","3":"status-publish","4":"has-post-thumbnail","6":"product_cat-transmisores","8":"first","9":"instock","10":"taxable","11":"shipping-taxable","12":"purchasable","13":"product-type-variable"},"acf":[],"_links":{"self":[{"href":"https:\/\/marshallradio.com\/eu\/wp-json\/wp\/v2\/product\/34309","targetHints":{"allow":["GET"]}}],"collection":[{"href":"https:\/\/marshallradio.com\/eu\/wp-json\/wp\/v2\/product"}],"about":[{"href":"https:\/\/marshallradio.com\/eu\/wp-json\/wp\/v2\/types\/product"}],"wp:featuredmedia":[{"embeddable":true,"href":"https:\/\/marshallradio.com\/eu\/wp-json\/wp\/v2\/media\/44106"}],"wp:attachment":[{"href":"https:\/\/marshallradio.com\/eu\/wp-json\/wp\/v2\/media?parent=34309"}],"wp:term":[{"taxonomy":"product_brand","embeddable":true,"href":"https:\/\/marshallradio.com\/eu\/wp-json\/wp\/v2\/product_brand?post=34309"},{"taxonomy":"product_cat","embeddable":true,"href":"https:\/\/marshallradio.com\/eu\/wp-json\/wp\/v2\/product_cat?post=34309"},{"taxonomy":"product_tag","embeddable":true,"href":"https:\/\/marshallradio.com\/eu\/wp-json\/wp\/v2\/product_tag?post=34309"}],"curies":[{"name":"wp","href":"https:\/\/api.w.org\/{rel}","templated":true}]}}