
{"id":34320,"date":"2019-01-10T19:45:05","date_gmt":"2019-07-10T20:39:07","guid":{"rendered":"http:\/\/marshallradio.com\/eu\/product\/vysilac-rt-gps\/"},"modified":"2024-07-18T22:38:36","modified_gmt":"2024-07-18T22:38:36","slug":"rt-turbo-transmitter-worldwide","status":"publish","type":"product","link":"https:\/\/marshallradio.com\/eu\/product\/rt-turbo-transmitter-worldwide\/?lang=cs","title":{"rendered":"Vys\u00edla\u010d Turbo-GPS"},"content":{"rendered":"<p><strong>\u017divotnost bateri\u00ed GPS<\/strong><br \/>\nU\u017eivatelsky konfigurovateln\u00e9 re\u017eimy dostupn\u00e9 v AeroVision umo\u017e\u0148uj\u00ed RT GPS b\u011b\u017eet a\u017e jeden t\u00fdden na dob\u00edjec\u00ed baterii. Pou\u017eit\u00ed ve sm\u00ed\u0161en\u00e9m re\u017eimu lze nakonfigurovat pro n\u011bkolik hodin GPS s vysokou aktualizac\u00ed plus mnoho hodin s ni\u017e\u0161\u00ed rychlost\u00ed aktualizace. V\u00fdchoz\u00ed nastaven\u00ed je v\u00fddr\u017e baterie 2-3 dny.<\/p>\n<p><strong>GPS vys\u00edla\u010d<\/strong><\/p>\n<ul>\n<li>Hmotnost: 9 gram\u016f s vlo\u017eenou bateri\u00ed<\/li>\n<li>Pou\u017eit\u00e1 baterie: dob\u00edjec\u00ed lithiov\u00e1 baterie (vym\u011bniteln\u00e1 u\u017eivatelem)<\/li>\n<li>\u017divotnost baterie: 2-3 dny s konfigurovateln\u00fdmi re\u017eimy, kter\u00e9 umo\u017e\u0148uj\u00ed a\u017e 7 dn\u00ed<\/li>\n<li>Ant\u00e9na: 7 palcov\u00fd koncov\u00fd dip\u00f3l diplexovan\u00fd s GPS<\/li>\n<li>Dosah GPS Turbo: 2 a\u017e 100 mil *<\/li>\n<\/ul>\n<p>* M\u011b\u0159en\u00ed vzd\u00e1lenosti se uv\u00e1d\u00ed pomoc\u00ed Omni ant\u00e9ny. Podm\u00ednky se li\u0161\u00ed v z\u00e1vislosti na ter\u00e9nu a p\u0159ek\u00e1\u017ek\u00e1ch.<\/p>\n","protected":false},"excerpt":{"rendered":"<p>&nbsp;<\/p>\n<p style=\"text-align: left\">Pokud jste aktualizovali na AeroVision, m\u016f\u017eete provozovat a\u017e 5 vys\u00edla\u010d\u016f sou\u010dasn\u011b.<\/p>\n<h3>Modely: Turbo GPS<\/h3>\n<p>Vys\u00edla\u010d Turbo-GPS m\u00e1 stejnou velikost, tvar a hmotnost jako na\u0161e vys\u00edla\u010de RT, ale uvnit\u0159 jsme na\u0161li zp\u016fsob, jak za\u010dlenit mal\u00fd p\u0159ij\u00edma\u010d GPS. Turbo-GPS se u\u010d\u00ed, kde to je, a pak pos\u00edl\u00e1 tato data prost\u0159ednictv\u00edm r\u00e1diov\u00e9 frekvence do vys\u00edla\u010de, kter\u00e9mu \u0159\u00edk\u00e1me Pocketlink. Je to PocketLink, kter\u00fd zas\u00edl\u00e1 tato situa\u010dn\u00ed data zp\u011bt do na\u0161\u00ed aplikace na va\u0161em iPhonu nebo iPadu p\u0159es Bluetooth. Sou\u010dasn\u011b Turbo-GPS vys\u00edl\u00e1 zvukov\u00fd sign\u00e1l v p\u00e1smu UHF, kter\u00fd m\u016f\u017ee Field Marshall p\u0159ijmout pro pravideln\u00e9 vyhled\u00e1n\u00ed sm\u011bru.<\/p>\n<p>Kdy\u017e vys\u00edla\u010d p\u0159estane sly\u0161et od PocketLink, automaticky se spust\u00ed Turbo po 30 sekund\u00e1ch bez kontaktu. To umo\u017e\u0148uje 2-3kr\u00e1t v\u011bt\u0161\u00ed dosah s velmi mal\u00fdm dopadem na \u017eivotnost baterie, co\u017e umo\u017e\u0148uje pos\u00edlat sign\u00e1l GPS na velk\u00e9 vzd\u00e1lenosti pomoc\u00ed situa\u010dn\u00edho pov\u011bdom\u00ed a inteligentn\u00ed reakce. Kdy\u017e vys\u00edla\u010d znovu usly\u0161\u00ed z PocketLink, automaticky se vypne Turbo re\u017eim.<\/p>\n<p><strong>U\u017eivatel\u00e9 syst\u00e9mu Android:<\/strong> v pokladn\u011b uve\u010fte do pozn\u00e1mek va\u0161i syst\u00e9movou frekvenci a \u010d\u00edslo vys\u00edla\u010de. <\/p>\n<h5>Nau\u010dte se, jak naj\u00edt svou syst\u00e9movou frekvenci <a href=\"https:\/\/marshallradio.com\/eu\/systemova-frekvence\/?lang=cs\">tady<\/a>.<\/h5>\n<hr>\n<p>&nbsp;<br \/>\n&nbsp;<\/p>\n<div class=\"read-more\"><a href=\"https:\/\/marshallradio.com\/eu\/product\/rt-turbo-transmitter-worldwide\/?lang=cs\">Read more <span class=\"screen-reader-text\">Vys\u00edla\u010d Turbo-GPS<\/span><span class=\"meta-nav\"> &#8250;<\/span><\/a><\/div>\n<p><!-- end of .read-more --><\/p>\n","protected":false},"featured_media":44286,"template":"","meta":{"_acf_changed":false},"product_brand":[],"product_cat":[72,81],"product_tag":[],"class_list":{"0":"post-34320","1":"product","2":"type-product","3":"status-publish","4":"has-post-thumbnail","6":"product_cat-system-gps","7":"product_cat-vysilace","9":"first","10":"instock","11":"taxable","12":"shipping-taxable","13":"purchasable","14":"product-type-variable"},"acf":[],"_links":{"self":[{"href":"https:\/\/marshallradio.com\/eu\/wp-json\/wp\/v2\/product\/34320","targetHints":{"allow":["GET"]}}],"collection":[{"href":"https:\/\/marshallradio.com\/eu\/wp-json\/wp\/v2\/product"}],"about":[{"href":"https:\/\/marshallradio.com\/eu\/wp-json\/wp\/v2\/types\/product"}],"wp:featuredmedia":[{"embeddable":true,"href":"https:\/\/marshallradio.com\/eu\/wp-json\/wp\/v2\/media\/44286"}],"wp:attachment":[{"href":"https:\/\/marshallradio.com\/eu\/wp-json\/wp\/v2\/media?parent=34320"}],"wp:term":[{"taxonomy":"product_brand","embeddable":true,"href":"https:\/\/marshallradio.com\/eu\/wp-json\/wp\/v2\/product_brand?post=34320"},{"taxonomy":"product_cat","embeddable":true,"href":"https:\/\/marshallradio.com\/eu\/wp-json\/wp\/v2\/product_cat?post=34320"},{"taxonomy":"product_tag","embeddable":true,"href":"https:\/\/marshallradio.com\/eu\/wp-json\/wp\/v2\/product_tag?post=34320"}],"curies":[{"name":"wp","href":"https:\/\/api.w.org\/{rel}","templated":true}]}}