
{"id":34334,"date":"2019-01-10T19:45:05","date_gmt":"2019-07-10T20:42:41","guid":{"rendered":"http:\/\/marshallradio.com\/eu\/product\/emetteur-rt-gps\/"},"modified":"2024-07-18T22:39:04","modified_gmt":"2024-07-18T22:39:04","slug":"rt-turbo-transmitter-worldwide","status":"publish","type":"product","link":"https:\/\/marshallradio.com\/eu\/product\/rt-turbo-transmitter-worldwide\/?lang=fr","title":{"rendered":"\u00c9metteur Turbo-GPS"},"content":{"rendered":"<p><strong>Dur\u00e9e de vie de la batterie GPS<\/strong><br \/>\nLes modes configurables par l&#8217;utilisateur disponibles dans AeroVision permettent au RT GPS de fonctionner pendant une semaine maximum avec la batterie rechargeable. L&#8217;utilisation du mode mixte peut \u00eatre configur\u00e9e pour plusieurs heures de GPS \u00e0 haute mise \u00e0 jour, ainsi que plusieurs heures de suivi de taux de mise \u00e0 jour plus faible. Param\u00e8tres par d\u00e9faut, la dur\u00e9e de vie de la batterie est de 2 \u00e0 3 jours.<\/p>\n<p><strong>\u00c9metteur GPS<\/strong><\/p>\n<ul>\n<li>Poids: 9 grammes avec batterie install\u00e9e<\/li>\n<li>Batterie utilis\u00e9e: batterie au lithium rechargeable (rempla\u00e7able par l&#8217;utilisateur)<\/li>\n<li>Dur\u00e9e de vie de la batterie: 2-3 jours avec des modes configurables pour permettre jusqu&#8217;\u00e0 7 jours<\/li>\n<li>Antenne: dip\u00f4le aliment\u00e9 en extr\u00e9mit\u00e9 de 7 pouces diplex\u00e9 avec GPS<\/li>\n<li>Turbo GPS Port\u00e9e: 2 \u00e0 100 milles *<\/li>\n<\/ul>\n<p>* Les mesures de distance sont indiqu\u00e9es \u00e0 l&#8217;aide d&#8217;une antenne Omni. Les conditions sont variables selon le terrain et les obstacles.<\/p>\n","protected":false},"excerpt":{"rendered":"<p>&nbsp;<\/p>\n<p style=\"text-align: left\">Si vous avez mis \u00e0 jour AeroVision, vous pouvez utiliser jusqu&#8217;\u00e0 5 \u00e9metteurs simultan\u00e9ment.<\/p>\n<h3>Mod\u00e8le: Turbo GPS<\/h3>\n<p>L\u2019\u00e9metteur Turbo-GPS a la m\u00eame taille, la m\u00eame forme et le m\u00eame poids que nos \u00e9metteurs RT, mais \u00e0 l\u2019int\u00e9rieur, nous avons trouv\u00e9 un moyen d\u2019incorporer un petit r\u00e9cepteur GPS. Le Turbo-GPS apprend o\u00f9 il se trouve et envoie ensuite ces donn\u00e9es par radiofr\u00e9quence \u00e0 un \u00e9metteur-r\u00e9cepteur appel\u00e9 Pocketlink. C&#8217;est le PocketLink qui transmet \u00e0 son tour les donn\u00e9es de situation qu&#8217;il re\u00e7oit \u00e0 notre application sur votre iPhone ou iPad via Bluetooth. En m\u00eame temps, le Turbo-GPS envoie un signal sonore dans la bande UHF qui peut \u00eatre re\u00e7u par le Field Marshall pour une radiogoniom\u00e9trie r\u00e9guli\u00e8re.<\/p>\n<p>Lorsque l&#8217;\u00e9metteur cesse d&#8217;entendre du PocketLink, il se d\u00e9clenche automatiquement sur le Turbo apr\u00e8s 30 secondes sans contact. Cela permet 2 \u00e0 3 fois la port\u00e9e avec tr\u00e8s peu d&#8217;impact sur la dur\u00e9e de vie de la batterie, ce qui le rend capable d&#8217;envoyer le signal GPS sur de grandes distances en utilisant la connaissance de la situation et une r\u00e9ponse intelligente. Lorsque les \u00e9metteurs entendront \u00e0 nouveau le PocketLink, il d\u00e9sactivera automatiquement le mode Turbo.<\/p>\n<p><strong>Utilisateurs Android\u00a0:<\/strong> lors du paiement, veuillez indiquer dans les notes la fr\u00e9quence de votre syst\u00e8me et le num\u00e9ro de votre \u00e9metteur. <\/p>\n<h5>Apprenez \u00e0 trouver la fr\u00e9quence de votre syst\u00e8me <a href=\"https:\/\/marshallradio.com\/eu\/frequence-du-systeme\/?lang=fr\">ici<\/a>.<\/h5>\n<hr>\n<p>&nbsp;<br \/>\n&nbsp;<\/p>\n<div class=\"read-more\"><a href=\"https:\/\/marshallradio.com\/eu\/product\/rt-turbo-transmitter-worldwide\/?lang=fr\">Read more <span class=\"screen-reader-text\">\u00c9metteur Turbo-GPS<\/span><span class=\"meta-nav\"> &#8250;<\/span><\/a><\/div>\n<p><!-- end of .read-more --><\/p>\n","protected":false},"featured_media":44288,"template":"","meta":{"_acf_changed":false},"product_brand":[],"product_cat":[85,74],"product_tag":[],"class_list":{"0":"post-34334","1":"product","2":"type-product","3":"status-publish","4":"has-post-thumbnail","6":"product_cat-emetteurs","7":"product_cat-systeme-gps","9":"first","10":"instock","11":"taxable","12":"shipping-taxable","13":"purchasable","14":"product-type-variable"},"acf":[],"_links":{"self":[{"href":"https:\/\/marshallradio.com\/eu\/wp-json\/wp\/v2\/product\/34334","targetHints":{"allow":["GET"]}}],"collection":[{"href":"https:\/\/marshallradio.com\/eu\/wp-json\/wp\/v2\/product"}],"about":[{"href":"https:\/\/marshallradio.com\/eu\/wp-json\/wp\/v2\/types\/product"}],"wp:featuredmedia":[{"embeddable":true,"href":"https:\/\/marshallradio.com\/eu\/wp-json\/wp\/v2\/media\/44288"}],"wp:attachment":[{"href":"https:\/\/marshallradio.com\/eu\/wp-json\/wp\/v2\/media?parent=34334"}],"wp:term":[{"taxonomy":"product_brand","embeddable":true,"href":"https:\/\/marshallradio.com\/eu\/wp-json\/wp\/v2\/product_brand?post=34334"},{"taxonomy":"product_cat","embeddable":true,"href":"https:\/\/marshallradio.com\/eu\/wp-json\/wp\/v2\/product_cat?post=34334"},{"taxonomy":"product_tag","embeddable":true,"href":"https:\/\/marshallradio.com\/eu\/wp-json\/wp\/v2\/product_tag?post=34334"}],"curies":[{"name":"wp","href":"https:\/\/api.w.org\/{rel}","templated":true}]}}