
{"id":34364,"date":"2018-07-03T20:22:03","date_gmt":"2019-07-10T21:02:09","guid":{"rendered":"http:\/\/marshallradio.com\/eu\/product\/field-marshall-digitalni-sledovaci-prijimac-uhf\/"},"modified":"2023-08-14T22:10:57","modified_gmt":"2023-08-14T22:10:57","slug":"field-marshall-digital-tracking-receiver-uhf","status":"publish","type":"product","link":"https:\/\/marshallradio.com\/eu\/product\/field-marshall-digital-tracking-receiver-uhf\/?lang=cs","title":{"rendered":"Field Marshall Digit\u00e1ln\u00ed sledovac\u00ed p\u0159ij\u00edma\u010d UHF"},"content":{"rendered":"<p><strong>MAXIM\u00c1LN\u00cd CITLIVOST<\/strong><br \/>\nPro dosa\u017een\u00ed nejlep\u0161\u00edho dosahu je t\u0159eba m\u00edt v p\u0159ij\u00edma\u010di neju\u017eite\u010dn\u011bj\u0161\u00ed citlivost. Kombinace p\u0159ij\u00edma\u010de, p\u0159izp\u016fsobovac\u00edho kabelu a ant\u00e9ny ur\u010den\u00e9 speci\u00e1ln\u011b pro n\u011bj p\u0159edstavuj\u00ed kompletn\u00ed bal\u00ed\u010dek, kter\u00fd mus\u00ed pracovat v souladu, aby bylo dosa\u017eeno co nejvy\u0161\u0161\u00ed citlivosti. Za\u0159\u00edzen\u00ed Digital Field Marshall poskytne nejv\u011bt\u0161\u00ed rozsah sledovac\u00edch p\u0159ij\u00edma\u010d\u016f na sv\u011bt\u011b. Nic nejde d\u00e1le ne\u017e Field Marshall, zejm\u00e9na ve m\u011bstech nebo oblastech \u201ene\u017e\u00e1douc\u00edho r\u00e1diov\u00e9ho \u0161umu\u201c. S lep\u0161\u00ed citlivost\u00ed ne\u017e -154dBm dok\u00e1\u017ee Field Marshall rozeznat nejslab\u0161\u00ed sign\u00e1ly.<\/p>\n<p><strong>POU\u017d\u00cdV\u00c1N\u00cd S GPS<\/strong><\/p>\n<p>P\u0159id\u00e1n\u00ed UHF Field Marshall do va\u0161eho GPS syst\u00e9mu v\u00e1m umo\u017en\u00ed p\u0159esn\u011b lokalizovat vys\u00edla\u010d uvnit\u0159 prost\u0159ed\u00ed, kde je zak\u00e1z\u00e1no GPS (uvnit\u0159 budovy, nebo vyhled\u00e1vat sign\u00e1ly, kdy\u017e jsou GPS satelity blokov\u00e1ny), nebo kdy\u017e je vys\u00edla\u010d v siln\u00e9m krytu. Pomoc\u00ed Field Marshall UHF ke sledov\u00e1n\u00ed sign\u00e1lu \u201eBeeping\u201c z RT a Turbo GPS roz\u0161i\u0159uje dosah, kdy\u017e je vys\u00edla\u010d bl\u00edzko zem\u011b.<\/p>\n<p><strong>SNADN\u00c9 TUNING<\/strong><\/p>\n<p>Vylad\u011bn\u00ed pomoc\u00ed vylep\u0161en\u00e9ho knofl\u00edku pro vylad\u011bn\u00ed je \u0161irok\u00e9 a je chr\u00e1n\u011bno p\u0159ed n\u00e1hodn\u00fdm kontaktem, tak\u017ee p\u0159i nastupov\u00e1n\u00ed a vystupov\u00e1n\u00ed z vozidla nen\u00ed snadno odhozeno od nastaven\u00ed vylad\u011bn\u00ed.<\/p>\n<p><strong>LEHK\u00c1 V\u00c1HA<\/strong><br \/>\nS vyu\u017eit\u00edm elektronick\u00fdch komponent nejnov\u011bj\u0161\u00ed generace, skl\u00e1dac\u00ed yagi a kreativn\u00ed balen\u00ed n\u00e1m umo\u017e\u0148uj\u00ed hodn\u011b zapadnout do mal\u00e9ho prostoru.<\/p>\n<p>D\u00edky na\u0161emu z\u00e1vazku pou\u017e\u00edvat slitiny hlin\u00edku, kter\u00e9 maj\u00ed maxim\u00e1ln\u00ed pom\u011br pevnosti k hmotnosti, \u010din\u00ed tento p\u0159ij\u00edma\u010d co nejleh\u010d\u00ed a technicky siln\u00fd.<\/p>\n<p><strong>VOD\u011aODOLN\u00dd<\/strong><\/p>\n<p>T\u00e9m\u011b\u0159. P\u0159ij\u00edma\u010d nen\u00ed navr\u017een pro pou\u017eit\u00ed ve velmi mokr\u00fdch podm\u00ednk\u00e1ch, p\u0159esto ho bude dr\u017eet za slab\u00e9ho de\u0161t\u011b. Pokud je n\u00e1hodn\u011b pono\u0159ena v d\u016fsledku nehody nebo p\u00e1du, m\u011bla by b\u00fdt p\u0159ed op\u011btovn\u00fdm pou\u017eit\u00edm vypu\u0161t\u011bna a ponech\u00e1na uschnout.<\/p>\n<p><strong>MO\u017dNOST POU\u017dIT\u00cd VOZIDLA K P\u0158IJ\u00cdMA\u010cI V\u00ddKONU<\/strong><\/p>\n<p>Adapt\u00e9r do auta je navr\u017een tak, aby obch\u00e1zel baterie a nap\u00e1jel p\u0159ij\u00edma\u010d po del\u0161\u00ed dobu uvnit\u0159 vozidla, aby se baterie \u0161et\u0159ily, aby byly uchov\u00e1ny na dlouh\u00e9 proch\u00e1zky od auta. Adapt\u00e9r zapalova\u010de cigaret najdete v p\u0159\u00edslu\u0161enstv\u00ed. Field Marshall pou\u017e\u00edv\u00e1 b\u011b\u017en\u00e9 snadno dostupn\u00e9 AAA baterie, kter\u00e9 nelze dob\u00edjet.<\/p>\n<p><strong>CO POU\u017d\u00cdV\u00c1 BATERIE<\/strong><\/p>\n<p>Pro v\u0161eobecn\u00e9 pou\u017eit\u00ed jsou alkalick\u00e9 baterie AAA nejlevn\u011bj\u0161\u00ed z hlediska n\u00e1klad\u016f a poskytuj\u00ed dobrou \u017eivotnost, ale lithiov\u00e9 baterie AAA nab\u00edzej\u00ed nejlep\u0161\u00ed v\u00fdkon v chladn\u00e9m po\u010das\u00ed, jsou nejleh\u010d\u00ed a vydr\u017e\u00ed nejd\u00e9le. Nezapome\u0148te v\u017edy vyjmout baterie z va\u0161eho p\u0159ij\u00edma\u010de b\u011bhem obdob\u00ed dlouh\u00e9ho skladov\u00e1n\u00ed (mimo sez\u00f3nu). Dob\u00edjec\u00ed baterie (jako NiCad nebo NiMH) by se nem\u011bly pou\u017e\u00edvat, proto\u017ee neposkytuj\u00ed dostate\u010dn\u00e9 a konzistentn\u00ed nap\u011bt\u00ed pro efektivn\u00ed provoz p\u0159ij\u00edma\u010de.<\/p>\n<p>V\u017edy pou\u017e\u00edvejte zna\u010dkov\u00e9 baterie (jako je Energizer nebo Duracell) s komplexn\u00ed z\u00e1rukou pro p\u0159\u00edpad, \u017ee by n\u011bkdy do\u0161lo k nehod\u011b se skute\u010dn\u00fdmi bateriemi uvnit\u0159 va\u0161eho p\u0159ij\u00edma\u010de.<\/p>\n<p><strong>MO\u017dNOST POU\u017dIT\u00cd S OMNI ANTENNA<\/strong><\/p>\n<p>Field Marshall snadno vylu\u010duje vstup z extern\u00ed ant\u00e9ny, jednodu\u0161e vyjm\u011bte koaxi\u00e1ln\u00ed kabel z t\u011bla p\u0159ij\u00edma\u010de a zapojte koaxi\u00e1ln\u00ed kabel z extern\u00ed ant\u00e9ny. Field Marshall pou\u017e\u00edv\u00e1 konektor \u201eSMB\u201c, n\u011bkter\u00e9 extern\u00ed ant\u00e9ny mohou vy\u017eadovat adapt\u00e9r.<\/p>\n<p><strong>KOMPAKTN\u00cd SB\u011aRATELN\u00c1 YAGI ANTENNA<br \/>\n<\/strong><\/p>\n<p>Field Marshall UHF se standardn\u011b dod\u00e1v\u00e1 s na\u0161\u00ed skl\u00e1dac\u00ed ant\u00e9nou yagi nejnov\u011bj\u0161\u00ed generace.<\/p>\n<p><strong>Dosah<\/strong><\/p>\n<p>Field Marshall 100 pokr\u00fdv\u00e1 prvn\u00edch 100 kHz p\u00e1sma (434.000-434,099)<br \/>\nField Marshall 500 pokr\u00fdv\u00e1 prvn\u00edch 500 kHz p\u00e1sma (434.000-.499)<br \/>\nField Marshall 2000 pokr\u00fdv\u00e1 2 pln\u00e9 p\u00e1sma (433.000-434,999)<\/p>\n<p>&nbsp;<\/p>\n","protected":false},"excerpt":{"rendered":"<p>V n\u00e1vaznosti na \u00fasp\u011bch p\u016fvodn\u00edho designu UHF Field Marshall si p\u0159\u00ed\u0161t\u00ed generace st\u00e1le zachov\u00e1v\u00e1 funkce, kter\u00e9 z\u00e1kazn\u00edci milovali na prvn\u00edm p\u0159ij\u00edma\u010di UHF, jako je mal\u00e1 ant\u00e9na Yagi, kompaktn\u00ed a p\u0159enosn\u00fd tvarov\u00fd faktor a vynikaj\u00edc\u00ed dosah oproti p\u0159ij\u00edma\u010d\u016fm zalo\u017een\u00fdm na VHF. Tento p\u0159ij\u00edma\u010d nab\u00edz\u00ed n\u011bkolik funkc\u00ed, jako je teplotn\u00ed kompenzace (nen\u00ed t\u0159eba znovu ladit p\u0159i pron\u00e1sledov\u00e1n\u00ed vzd\u00e1len\u00e9ho sign\u00e1lu p\u0159i zm\u011bn\u00e1ch teploty), vylep\u0161en\u00e1 p\u0159esnost bodov\u00e9ho vyhled\u00e1v\u00e1n\u00ed p\u0159i vyhled\u00e1v\u00e1n\u00ed a\u017e do n\u011bkolika posledn\u00edch stop a je\u0161t\u011b lep\u0161\u00ed kvalita zvuku. M\u00e1 tak\u00e9 nov\u00e9 v\u00fdrazn\u00e9 barevn\u00e9 sch\u00e9ma, kter\u00e9 identifikuje na\u0161i \u0159adu za\u0159\u00edzen\u00ed UHF v budoucnu.<\/p>\n<p>Field Marshall UHF poskytuje sokoln\u00edk\u016fm ve Velk\u00e9 Brit\u00e1nii a EU nejlep\u0161\u00ed v\u00fdkon v\u0161ech dostupn\u00fdch sledovac\u00edch p\u0159ij\u00edma\u010d\u016f.<\/p>\n<p>Ka\u017ed\u00fd p\u0159ij\u00edma\u010d je st\u00e1le dod\u00e1v\u00e1n s poln\u00edm pouzdrem, ale jeho velmi mal\u00fd tvar a velikost z n\u011bj \u010din\u00ed \u201ekapesn\u00ed p\u0159ij\u00edma\u010d\u201c, kter\u00fd lze zasunout do va\u0161\u00ed Hawkingovy ta\u0161ky nebo do \u010d\u00e1sti va\u0161\u00ed Pineo Hawking Vest.<\/p>\n<p>FM UHF 100: (Frekvence 434)<br \/>\nFM UHF 500:\u00a0 \u00a0(Frekvence 434)<br \/>\nFM UHF 2000: (Dva p\u00e1smov\u00e9 v\u00fdb\u011bry 433 a 434)<\/p>\n<div class=\"read-more\"><a href=\"https:\/\/marshallradio.com\/eu\/product\/field-marshall-digital-tracking-receiver-uhf\/?lang=cs\">Read more <span class=\"screen-reader-text\">Field Marshall Digit\u00e1ln\u00ed sledovac\u00ed p\u0159ij\u00edma\u010d UHF<\/span><span class=\"meta-nav\"> &#8250;<\/span><\/a><\/div>\n<p><!-- end of .read-more --><\/p>\n","protected":false},"featured_media":44344,"template":"","meta":{"_acf_changed":false},"product_brand":[],"product_cat":[80,72],"product_tag":[],"class_list":{"0":"post-34364","1":"product","2":"type-product","3":"status-publish","4":"has-post-thumbnail","6":"product_cat-prijimace","7":"product_cat-system-gps","9":"first","10":"instock","11":"taxable","12":"shipping-taxable","13":"purchasable","14":"product-type-variable"},"acf":[],"_links":{"self":[{"href":"https:\/\/marshallradio.com\/eu\/wp-json\/wp\/v2\/product\/34364","targetHints":{"allow":["GET"]}}],"collection":[{"href":"https:\/\/marshallradio.com\/eu\/wp-json\/wp\/v2\/product"}],"about":[{"href":"https:\/\/marshallradio.com\/eu\/wp-json\/wp\/v2\/types\/product"}],"wp:featuredmedia":[{"embeddable":true,"href":"https:\/\/marshallradio.com\/eu\/wp-json\/wp\/v2\/media\/44344"}],"wp:attachment":[{"href":"https:\/\/marshallradio.com\/eu\/wp-json\/wp\/v2\/media?parent=34364"}],"wp:term":[{"taxonomy":"product_brand","embeddable":true,"href":"https:\/\/marshallradio.com\/eu\/wp-json\/wp\/v2\/product_brand?post=34364"},{"taxonomy":"product_cat","embeddable":true,"href":"https:\/\/marshallradio.com\/eu\/wp-json\/wp\/v2\/product_cat?post=34364"},{"taxonomy":"product_tag","embeddable":true,"href":"https:\/\/marshallradio.com\/eu\/wp-json\/wp\/v2\/product_tag?post=34364"}],"curies":[{"name":"wp","href":"https:\/\/api.w.org\/{rel}","templated":true}]}}