
{"id":34374,"date":"2018-07-03T20:22:03","date_gmt":"2019-07-10T21:12:32","guid":{"rendered":"http:\/\/marshallradio.com\/eu\/product\/field-marshall-recepteur-de-poursuite-numerique-uhf\/"},"modified":"2023-08-14T22:11:35","modified_gmt":"2023-08-14T22:11:35","slug":"field-marshall-digital-tracking-receiver-uhf","status":"publish","type":"product","link":"https:\/\/marshallradio.com\/eu\/product\/field-marshall-digital-tracking-receiver-uhf\/?lang=fr","title":{"rendered":"Field Marshall R\u00e9cepteur de poursuite num\u00e9rique UHF"},"content":{"rendered":"<p><strong>SENSIBILIT\u00c9 MAXIMALE<\/strong><br \/>\nPour obtenir la meilleure plage, il faut avoir la \u00absensibilit\u00e9 utile\u00bb la plus \u00e9lev\u00e9e dans un r\u00e9cepteur. La combinaison du r\u00e9cepteur, du c\u00e2ble adapt\u00e9 et de l&#8217;antenne sp\u00e9cialement con\u00e7ue pour lui constitue un ensemble complet qui doit fonctionner en harmonie pour atteindre la plus grande sensibilit\u00e9 possible. Le Digital Field Marshall donnera la plus grande port\u00e9e de tous les r\u00e9cepteurs de suivi au monde. Rien ne va plus loin que le Field Marshall, en particulier dans les villes ou les zones de \u00abbruit radio ind\u00e9sirable\u00bb. Avec une sensibilit\u00e9 sup\u00e9rieure \u00e0 -154 dBm, le Field Marshall peut discerner les signaux les plus faibles.<\/p>\n<p><strong>UTILISER AVEC LE GPS<\/strong><\/p>\n<p>L&#8217;ajout d&#8217;un Field Marshall UHF \u00e0 votre syst\u00e8me GPS vous permet de localiser pr\u00e9cis\u00e9ment l&#8217;\u00e9metteur \u00e0 l&#8217;int\u00e9rieur d&#8217;environnements refus\u00e9s par GPS (\u00e0 l&#8217;int\u00e9rieur d&#8217;un b\u00e2timent, ou de localiser les signaux lorsque les satellites GPS sont bloqu\u00e9s), ou lorsque l&#8217;\u00e9metteur est en couverture \u00e9paisse. L&#8217;utilisation du Field Marshall UHF pour suivre le signal &#8220;Beeping&#8221; du RT et du Turbo GPS \u00e9tend la port\u00e9e lorsque l&#8217;\u00e9metteur est proche du sol.<\/p>\n<p><strong>REGLAGE FACILE<\/strong><\/p>\n<p>Le r\u00e9glage avec le bouton de r\u00e9glage am\u00e9lior\u00e9 est large et est prot\u00e9g\u00e9 contre les contacts accidentels, de sorte qu&#8217;il n&#8217;est pas facile de modifier votre r\u00e9glage de r\u00e9glage lorsque vous montez et sortez du v\u00e9hicule.<\/p>\n<p><strong>POIDS L\u00c9GER<\/strong><br \/>\nUtilisant des composants \u00e9lectroniques de derni\u00e8re g\u00e9n\u00e9ration, un yagi pliable et un emballage cr\u00e9atif nous permettent de rentrer beaucoup dans un petit espace.<\/p>\n<p>Et, notre engagement \u00e0 utiliser des alliages d&#8217;aluminium qui ont le rapport r\u00e9sistance \/ poids maximal rend ce r\u00e9cepteur aussi l\u00e9ger et solide que techniquement possible.<\/p>\n<p><strong>R\u00c9SISTANT \u00c0 L&#8217;EAU<\/strong><\/p>\n<p>Presque. Le r\u00e9cepteur n&#8217;est pas con\u00e7u pour \u00eatre utilis\u00e9 dans des conditions tr\u00e8s humides, mais il r\u00e9sistera sous une pluie l\u00e9g\u00e8re. S&#8217;il est submerg\u00e9 accidentellement par accident ou chute, il doit \u00eatre vid\u00e9 et laiss\u00e9 s\u00e9cher avant d&#8217;\u00eatre r\u00e9utilis\u00e9.<\/p>\n<p><strong>OPTION D&#8217;UTILISATION DU V\u00c9HICULE POUR ALIMENTER LE R\u00c9CEPTEUR<\/strong><\/p>\n<p>L&#8217;adaptateur de voiture est con\u00e7u pour contourner les batteries et alimenter le r\u00e9cepteur pendant de longues p\u00e9riodes \u00e0 l&#8217;int\u00e9rieur du v\u00e9hicule afin d&#8217;\u00e9conomiser les batteries, de les conserver pendant de longues promenades loin de la voiture. L&#8217;adaptateur allume-cigare se trouve dans les accessoires. Le Field Marshall utilise des piles AAA faciles \u00e0 trouver qui ne sont pas rechargeables.<\/p>\n<p><strong>QUELLES BATTERIES UTILISER<\/strong><\/p>\n<p>Pour une utilisation g\u00e9n\u00e9rale, les piles alcalines AAA sont les plus \u00e9conomiques et offrent une bonne autonomie, mais les piles au lithium AAA offrent les meilleures performances par temps froid, sont les plus l\u00e9g\u00e8res et durent le plus longtemps. N&#8217;oubliez pas de toujours retirer les piles de votre r\u00e9cepteur pendant les p\u00e9riodes de stockage prolong\u00e9es (hors saison). Les piles rechargeables (telles que NiCad ou NiMH) ne doivent pas \u00eatre utilis\u00e9es car elles ne fournissent pas une tension suffisante et coh\u00e9rente pour faire fonctionner efficacement le r\u00e9cepteur.<\/p>\n<p>Utilisez toujours des piles de marque (comme Energizer ou Duracell) avec une garantie compl\u00e8te, au cas o\u00f9 il y aurait un accident avec les piles r\u00e9elles \u00e0 l&#8217;int\u00e9rieur de votre r\u00e9cepteur.<\/p>\n<p><strong>OPTION \u00c0 UTILISER AVEC L&#8217;ANTENNE OMNI<\/strong><\/p>\n<p>Le Field Marshall exclut facilement l&#8217;entr\u00e9e d&#8217;une antenne externe, il suffit de retirer le c\u00e2ble coaxial du corps du r\u00e9cepteur et de brancher le c\u00e2ble coaxial de votre antenne externe. Le Field Marshall utilise un connecteur \u2018SMB\u2019, certaines antennes externes peuvent n\u00e9cessiter un adaptateur.<\/p>\n<p><strong>ANTENNE COMPACTE PLIABLE YAGI<br \/>\n<\/strong><\/p>\n<p>Le Field Marshall UHF est livr\u00e9 en standard avec notre antenne yagi pliable de derni\u00e8re g\u00e9n\u00e9ration.<\/p>\n<p><strong>Couverture<\/strong><\/p>\n<p>Le Field Marshall 100 couvre les premiers 100KHz de la bande (434.000-434.099)<br \/>\nLe Field Marshall 500 couvre les premiers 500KHz de la bande (434.000-.499)<br \/>\nLe Field Marshall 2000 couvre 2 bandes compl\u00e8tes (433.000-434.999)<\/p>\n<p>&nbsp;<\/p>\n","protected":false},"excerpt":{"rendered":"<p>S&#8217;appuyant sur le succ\u00e8s de la conception originale Field Marshall UHF, la prochaine g\u00e9n\u00e9ration conserve toujours les fonctionnalit\u00e9s que les clients aimaient sur le premier r\u00e9cepteur UHF, telles que la minuscule antenne yagi, le facteur de forme compact et portable et la port\u00e9e sup\u00e9rieure par rapport aux r\u00e9cepteurs VHF. Ce r\u00e9cepteur offre plusieurs fonctionnalit\u00e9s telles que la compensation de temp\u00e9rature (pas besoin de re-r\u00e9gler lors de la poursuite d&#8217;un signal \u00e9loign\u00e9 lorsque la temp\u00e9rature change), une pr\u00e9cision de pointe am\u00e9lior\u00e9e pour les recherches jusqu&#8217;aux derniers m\u00e8tres et une qualit\u00e9 sonore encore meilleure. Il a \u00e9galement un nouveau sch\u00e9ma de couleurs distinctif, qui identifie notre gamme d&#8217;\u00e9quipements UHF \u00e0 l&#8217;avenir.<\/p>\n<p>Le Field Marshall UHF offre aux fauconniers du Royaume-Uni et de l&#8217;UE les meilleures performances de tous les r\u00e9cepteurs de suivi disponibles aujourd&#8217;hui.<\/p>\n<p>Chaque r\u00e9cepteur est toujours livr\u00e9 avec un \u00e9tui de terrain, mais sa forme et sa taille tr\u00e8s petites en font un &#8220;r\u00e9cepteur de poche&#8221; pouvant \u00eatre gliss\u00e9 dans votre sac Hawking ou une section de votre gilet Pineo Hawking.<\/p>\n<p>FM UHF 100: (Fr\u00e9quence 434)<br \/>\nFM UHF 500:\u00a0 \u00a0(Fr\u00e9quences 434)<br \/>\nFM UHF 2000: (Deux s\u00e9lections de bandes 433 et 434)<\/p>\n<div class=\"read-more\"><a href=\"https:\/\/marshallradio.com\/eu\/product\/field-marshall-digital-tracking-receiver-uhf\/?lang=fr\">Read more <span class=\"screen-reader-text\">Field Marshall R\u00e9cepteur de poursuite num\u00e9rique UHF<\/span><span class=\"meta-nav\"> &#8250;<\/span><\/a><\/div>\n<p><!-- end of .read-more --><\/p>\n","protected":false},"featured_media":44346,"template":"","meta":{"_acf_changed":false},"product_brand":[],"product_cat":[84,74],"product_tag":[],"class_list":{"0":"post-34374","1":"product","2":"type-product","3":"status-publish","4":"has-post-thumbnail","6":"product_cat-recepteurs","7":"product_cat-systeme-gps","9":"first","10":"instock","11":"taxable","12":"shipping-taxable","13":"purchasable","14":"product-type-variable"},"acf":[],"_links":{"self":[{"href":"https:\/\/marshallradio.com\/eu\/wp-json\/wp\/v2\/product\/34374","targetHints":{"allow":["GET"]}}],"collection":[{"href":"https:\/\/marshallradio.com\/eu\/wp-json\/wp\/v2\/product"}],"about":[{"href":"https:\/\/marshallradio.com\/eu\/wp-json\/wp\/v2\/types\/product"}],"wp:featuredmedia":[{"embeddable":true,"href":"https:\/\/marshallradio.com\/eu\/wp-json\/wp\/v2\/media\/44346"}],"wp:attachment":[{"href":"https:\/\/marshallradio.com\/eu\/wp-json\/wp\/v2\/media?parent=34374"}],"wp:term":[{"taxonomy":"product_brand","embeddable":true,"href":"https:\/\/marshallradio.com\/eu\/wp-json\/wp\/v2\/product_brand?post=34374"},{"taxonomy":"product_cat","embeddable":true,"href":"https:\/\/marshallradio.com\/eu\/wp-json\/wp\/v2\/product_cat?post=34374"},{"taxonomy":"product_tag","embeddable":true,"href":"https:\/\/marshallradio.com\/eu\/wp-json\/wp\/v2\/product_tag?post=34374"}],"curies":[{"name":"wp","href":"https:\/\/api.w.org\/{rel}","templated":true}]}}