
{"id":34379,"date":"2018-07-03T20:22:03","date_gmt":"2019-07-10T21:18:45","guid":{"rendered":"http:\/\/marshallradio.com\/eu\/product\/ricevitore-di-localizzazione-digitale-field-marshall-uhf\/"},"modified":"2023-08-14T22:12:09","modified_gmt":"2023-08-14T22:12:09","slug":"field-marshall-digital-tracking-receiver-uhf","status":"publish","type":"product","link":"https:\/\/marshallradio.com\/eu\/product\/field-marshall-digital-tracking-receiver-uhf\/?lang=it","title":{"rendered":"Ricevitore di localizzazione digitale Field Marshall UHF"},"content":{"rendered":"<p><strong>MASSIMA SENSIBILIT\u00c0<\/strong><br \/>\nOttenere la migliore gamma richiede di avere la \u201csensibilit\u00e0 pi\u00f9 utile\u201d in un ricevitore. La combinazione di ricevitore, cavo corrispondente e antenna progettata appositamente per esso costituisce un pacchetto completo che deve funzionare in armonia per raggiungere la massima sensibilit\u00e0 possibile. Il Digital Field Marshall fornir\u00e0 la pi\u00f9 vasta gamma di qualsiasi ricevitore di tracciamento al mondo. Nulla va pi\u00f9 lontano del Field Marshall, specialmente nelle citt\u00e0 o nelle aree di &#8220;rumore radio indesiderato&#8221;. Con una sensibilit\u00e0 migliore di -154 dBm, il Field Marshall pu\u00f2 discernere i segnali pi\u00f9 deboli.<\/p>\n<p><strong>UTILIZZARE CON GPS<\/strong><\/p>\n<p>L&#8217;aggiunta di un Field Marshall UHF al sistema GPS consente di localizzare con precisione il trasmettitore all&#8217;interno di ambienti negati GPS (all&#8217;interno di un edificio, o individuare i segnali quando i satelliti GPS sono bloccati) o quando il trasmettitore si trova in una copertura spessa. L&#8217;uso del Field Marshall UHF per tracciare il segnale &#8220;Bip&#8221; dal RT e Turbo GPS estende la portata quando il trasmettitore \u00e8 vicino al suolo.<\/p>\n<p><strong>SINTONIZZAZIONE FACILE<\/strong><\/p>\n<p>L&#8217;accordatura con la manopola di regolazione avanzata \u00e8 ampia ed \u00e8 protetta da contatti accidentali, quindi non \u00e8 facilmente cancellabile dall&#8217;impostazione della melodia quando si entra e si esce dal veicolo.<\/p>\n<p><strong>PESO LEGGERO<\/strong><br \/>\nUtilizzando componenti elettronici di ultima generazione, uno yagi pieghevole e un packaging creativo ci consentono di adattarci molto in un piccolo spazio.<\/p>\n<p>Inoltre, il nostro impegno nell&#8217;utilizzo di leghe di alluminio con il massimo rapporto peso \/ resistenza rende questo ricevitore il pi\u00f9 leggero e resistente possibile dal punto di vista tecnico.<\/p>\n<p><strong>RESISTENTE ALL&#8217;ACQUA<\/strong><\/p>\n<p>Quasi. Il ricevitore non \u00e8 progettato per essere utilizzato in condizioni molto umide, tuttavia regge in caso di pioggia leggera. Se viene accidentalmente immerso in seguito a incidente o caduta, deve essere scaricato e lasciato asciugare prima di riutilizzarlo.<\/p>\n<p><strong>OPZIONE DI UTILIZZARE IL VEICOLO PER RICEVERE L&#8217;ALIMENTAZIONE<\/strong><\/p>\n<p>L&#8217;adattatore per auto \u00e8 progettato per bypassare le batterie e alimentare il ricevitore per lunghi periodi all&#8217;interno del veicolo al fine di risparmiare le batterie, conservarle per lunghe camminate lontano dall&#8217;auto. L&#8217;adattatore per accendisigari si trova negli accessori. Field Marshall utilizza batterie AAA comuni facili da trovare che non sono ricaricabili.<\/p>\n<p><strong>QUALI BATTERIE USARE<\/strong><\/p>\n<p>Per un uso generale, le batterie alcaline AAA sono le pi\u00f9 economiche e offrono una buona durata della batteria, ma le batterie al litio AAA offrono le migliori prestazioni a basse temperature, sono le pi\u00f9 leggere e durano pi\u00f9 a lungo. Ricordarsi di rimuovere sempre le batterie dal ricevitore durante i periodi di conservazione prolungata (fuori stagione). Le batterie ricaricabili (come NiCad o NiMH) non devono essere utilizzate in quanto non forniscono una tensione sufficiente e costante per far funzionare il ricevitore in modo efficace.<\/p>\n<p>Utilizzare sempre batterie di marca (come Energizer o Duracell) con una garanzia globale, nel caso in cui si verifichi un incidente con le batterie effettive all&#8217;interno del ricevitore.<\/p>\n<p><strong>OPZIONE DA UTILIZZARE CON ANTENNA OMNI<\/strong><\/p>\n<p>Field Marshall esclude facilmente l&#8217;ingresso da un&#8217;antenna esterna, \u00e8 sufficiente rimuovere il cavo coassiale dal corpo del ricevitore e collegare il cavo coassiale dall&#8217;antenna esterna. Field Marshall utilizza un connettore &#8220;SMB&#8221;, alcune antenne esterne potrebbero richiedere un adattatore.<\/p>\n<p><strong>ANTENNA YAGI DA COLLEZIONE COMPATTA<br \/>\n<\/strong><\/p>\n<p>Field Marshall UHF viene fornito di serie con la nostra antenna yagi pieghevole di ultima generazione.<\/p>\n<p><strong>Copertura<\/strong><\/p>\n<p>Il Field Marshall 100 copre i primi 100KHz della banda (434.000-434.099)<br \/>\nIl Field Marshall 500 copre i primi 500KHz della banda (434.000-.499)<br \/>\nThe Field Marshall 2000 copre 2 bande complete (433.000-434,999)<\/p>\n<p>&nbsp;<\/p>\n","protected":false},"excerpt":{"rendered":"<p>Basandosi sul successo del design UHF Field Marshall originale, la prossima generazione conserva ancora le caratteristiche che i clienti adorano sul primo ricevitore UHF come la minuscola antenna yagi, il fattore di forma compatto e portatile e la gamma superiore rispetto ai ricevitori basati su VHF. Questo ricevitore offre diverse funzionalit\u00e0 come la compensazione della temperatura (nessuna necessit\u00e0 di risintonizzare quando si insegue un segnale lontano quando la temperatura cambia), una migliore precisione del punto di pin per ricerche fino agli ultimi piedi e una qualit\u00e0 del suono ancora migliore. Ha anche una nuova combinazione di colori distintivi, che identifica la nostra linea di apparecchiature UHF in futuro.<\/p>\n<p>Field Marshall UHF fornisce ai falconieri nel Regno Unito e nell&#8217;UE le migliori prestazioni di qualsiasi ricevitore di localizzazione disponibile oggi.<\/p>\n<p>Ogni ricevitore viene ancora fornito con una custodia da campo, ma la sua forma e le sue dimensioni molto ridotte lo rendono un &#8220;ricevitore tascabile&#8221; in grado di essere infilato nella borsa Hawking o nella sezione della tua maglia Hawking Pineo.<\/p>\n<p>FM UHF 100: (Frequenza 434)<br \/>\nFM UHF 500:\u00a0 \u00a0(Frequenze 434)<br \/>\nFM UHF 2000: (Due selezioni di banda 433 e 434)<\/p>\n<div class=\"read-more\"><a href=\"https:\/\/marshallradio.com\/eu\/product\/field-marshall-digital-tracking-receiver-uhf\/?lang=it\">Read more <span class=\"screen-reader-text\">Ricevitore di localizzazione digitale Field Marshall UHF<\/span><span class=\"meta-nav\"> &#8250;<\/span><\/a><\/div>\n<p><!-- end of .read-more --><\/p>\n","protected":false},"featured_media":44348,"template":"","meta":{"_acf_changed":false},"product_brand":[],"product_cat":[88,76],"product_tag":[],"class_list":{"0":"post-34379","1":"product","2":"type-product","3":"status-publish","4":"has-post-thumbnail","6":"product_cat-ricevitori","7":"product_cat-sistema-gps","9":"first","10":"instock","11":"taxable","12":"shipping-taxable","13":"purchasable","14":"product-type-variable"},"acf":[],"_links":{"self":[{"href":"https:\/\/marshallradio.com\/eu\/wp-json\/wp\/v2\/product\/34379","targetHints":{"allow":["GET"]}}],"collection":[{"href":"https:\/\/marshallradio.com\/eu\/wp-json\/wp\/v2\/product"}],"about":[{"href":"https:\/\/marshallradio.com\/eu\/wp-json\/wp\/v2\/types\/product"}],"wp:featuredmedia":[{"embeddable":true,"href":"https:\/\/marshallradio.com\/eu\/wp-json\/wp\/v2\/media\/44348"}],"wp:attachment":[{"href":"https:\/\/marshallradio.com\/eu\/wp-json\/wp\/v2\/media?parent=34379"}],"wp:term":[{"taxonomy":"product_brand","embeddable":true,"href":"https:\/\/marshallradio.com\/eu\/wp-json\/wp\/v2\/product_brand?post=34379"},{"taxonomy":"product_cat","embeddable":true,"href":"https:\/\/marshallradio.com\/eu\/wp-json\/wp\/v2\/product_cat?post=34379"},{"taxonomy":"product_tag","embeddable":true,"href":"https:\/\/marshallradio.com\/eu\/wp-json\/wp\/v2\/product_tag?post=34379"}],"curies":[{"name":"wp","href":"https:\/\/api.w.org\/{rel}","templated":true}]}}