
{"id":34389,"date":"2018-07-02T22:07:42","date_gmt":"2019-07-10T21:30:25","guid":{"rendered":"http:\/\/marshallradio.com\/eu\/product\/manuel-du-marechal\/"},"modified":"2020-03-25T21:48:54","modified_gmt":"2020-03-25T21:48:54","slug":"field-marshall-manual-2","status":"publish","type":"product","link":"https:\/\/marshallradio.com\/eu\/product\/field-marshall-manual-2\/?lang=fr","title":{"rendered":"Manuel du mar\u00e9chal"},"content":{"rendered":"","protected":false},"excerpt":{"rendered":"<p>Ce manuel de 35 pages est inclus avec l\u2019achat de chaque r\u00e9cepteur Field Marshall. Il a \u00e9t\u00e9 \u00e9crit par Dave Marshall et contient des conseils pratiques sur le suivi de base. Les sujets de propagation radio\u00e9lectrique, notamment la polarisation, les r\u00e9flexions et la diffraction, qui sont souvent source de confusion sur le terrain, sont expliqu\u00e9s et simplifi\u00e9s.<\/p>\n<p>Vous pouvez t\u00e9l\u00e9charger l&#8217;int\u00e9gralit\u00e9 du manuel pour le consulter (\u00e0 l&#8217;aide d&#8217;Adobe Acrobat Reader) ou commander votre propre exemplaire imprim\u00e9.<\/p>\n<p>Que l&#8217;anglais<\/p>\n<div class=\"read-more\"><a href=\"https:\/\/marshallradio.com\/eu\/product\/field-marshall-manual-2\/?lang=fr\">Read more <span class=\"screen-reader-text\">Manuel du mar\u00e9chal<\/span><span class=\"meta-nav\"> &#8250;<\/span><\/a><\/div>\n<p><!-- end of .read-more --><\/p>\n","protected":false},"featured_media":29849,"template":"","meta":{"_acf_changed":false},"product_brand":[],"product_cat":[61],"product_tag":[],"class_list":{"0":"post-34389","1":"product","2":"type-product","3":"status-publish","4":"has-post-thumbnail","6":"product_cat-worldwide-accessories-excluding-gulf-fr","8":"first","9":"instock","10":"taxable","11":"shipping-taxable","12":"purchasable","13":"product-type-simple"},"acf":[],"_links":{"self":[{"href":"https:\/\/marshallradio.com\/eu\/wp-json\/wp\/v2\/product\/34389","targetHints":{"allow":["GET"]}}],"collection":[{"href":"https:\/\/marshallradio.com\/eu\/wp-json\/wp\/v2\/product"}],"about":[{"href":"https:\/\/marshallradio.com\/eu\/wp-json\/wp\/v2\/types\/product"}],"wp:featuredmedia":[{"embeddable":true,"href":"https:\/\/marshallradio.com\/eu\/wp-json\/wp\/v2\/media\/29849"}],"wp:attachment":[{"href":"https:\/\/marshallradio.com\/eu\/wp-json\/wp\/v2\/media?parent=34389"}],"wp:term":[{"taxonomy":"product_brand","embeddable":true,"href":"https:\/\/marshallradio.com\/eu\/wp-json\/wp\/v2\/product_brand?post=34389"},{"taxonomy":"product_cat","embeddable":true,"href":"https:\/\/marshallradio.com\/eu\/wp-json\/wp\/v2\/product_cat?post=34389"},{"taxonomy":"product_tag","embeddable":true,"href":"https:\/\/marshallradio.com\/eu\/wp-json\/wp\/v2\/product_tag?post=34389"}],"curies":[{"name":"wp","href":"https:\/\/api.w.org\/{rel}","templated":true}]}}