
{"id":34424,"date":"2018-07-02T21:50:46","date_gmt":"2019-07-10T21:44:30","guid":{"rendered":"http:\/\/marshallradio.com\/eu\/product\/antenne-yagi-pliable-tenue-dans-la-main\/"},"modified":"2025-08-04T18:38:03","modified_gmt":"2025-08-04T18:38:03","slug":"hand-held-collapsible-yagi-antenna-2","status":"publish","type":"product","link":"https:\/\/marshallradio.com\/eu\/product\/hand-held-collapsible-yagi-antenna-2\/?lang=fr","title":{"rendered":"Antenne Yagi pliable tenue dans la main"},"content":{"rendered":"","protected":false},"excerpt":{"rendered":"<p>Maintenant, vous pouvez avoir la meilleure solution pour un r\u00e9cepteur Marshall en termes de portabilit\u00e9: notre antenne pliante Yagi en attente de brevet.<\/p>\n<p>Repli\u00e9 dans une taille compacte pour la meilleure portabilit\u00e9, il s&#8217;ouvre ensuite en quelques secondes \u00e0 un tableau de taille normale yagi \u00e0 trois \u00e9l\u00e9ments. Choisissez le c\u00e2ble adaptateur qui se connecte \u00e0 votre r\u00e9cepteur de type bo\u00eetier existant.<\/p>\n<p>La conception robuste a \u00e9volu\u00e9, simplifi\u00e9e, \u00e9prouv\u00e9e et optimis\u00e9e sur 12 ans avec des milliers et des milliers dans le domaine. Pas plus d&#8217;\u00e9crou \u00e0 oreilles.<\/p>\n<p>Disponible exclusivement dans la bande 215\u2013220 MHz. Ces nouvelles antennes Yagi sont \u00e9galement r\u00e9trocompatibles et peuvent \u00eatre adapt\u00e9es aux anciens r\u00e9cepteurs.<\/p>\n<div class=\"read-more\"><a href=\"https:\/\/marshallradio.com\/eu\/product\/hand-held-collapsible-yagi-antenna-2\/?lang=fr\">Read more <span class=\"screen-reader-text\">Antenne Yagi pliable tenue dans la main<\/span><span class=\"meta-nav\"> &#8250;<\/span><\/a><\/div>\n<p><!-- end of .read-more --><\/p>\n","protected":false},"featured_media":44237,"template":"","meta":{"_acf_changed":false},"product_brand":[],"product_cat":[61],"product_tag":[],"class_list":{"0":"post-34424","1":"product","2":"type-product","3":"status-publish","4":"has-post-thumbnail","6":"product_cat-worldwide-accessories-excluding-gulf-fr","8":"first","9":"instock","10":"taxable","11":"shipping-taxable","12":"purchasable","13":"product-type-variable"},"acf":[],"_links":{"self":[{"href":"https:\/\/marshallradio.com\/eu\/wp-json\/wp\/v2\/product\/34424","targetHints":{"allow":["GET"]}}],"collection":[{"href":"https:\/\/marshallradio.com\/eu\/wp-json\/wp\/v2\/product"}],"about":[{"href":"https:\/\/marshallradio.com\/eu\/wp-json\/wp\/v2\/types\/product"}],"wp:featuredmedia":[{"embeddable":true,"href":"https:\/\/marshallradio.com\/eu\/wp-json\/wp\/v2\/media\/44237"}],"wp:attachment":[{"href":"https:\/\/marshallradio.com\/eu\/wp-json\/wp\/v2\/media?parent=34424"}],"wp:term":[{"taxonomy":"product_brand","embeddable":true,"href":"https:\/\/marshallradio.com\/eu\/wp-json\/wp\/v2\/product_brand?post=34424"},{"taxonomy":"product_cat","embeddable":true,"href":"https:\/\/marshallradio.com\/eu\/wp-json\/wp\/v2\/product_cat?post=34424"},{"taxonomy":"product_tag","embeddable":true,"href":"https:\/\/marshallradio.com\/eu\/wp-json\/wp\/v2\/product_tag?post=34424"}],"curies":[{"name":"wp","href":"https:\/\/api.w.org\/{rel}","templated":true}]}}