
{"id":34456,"date":"2018-06-25T20:35:34","date_gmt":"2019-07-10T21:55:18","guid":{"rendered":"http:\/\/marshallradio.com\/eu\/product\/polstrovana-cordura-softcase\/"},"modified":"2021-04-13T18:07:35","modified_gmt":"2021-04-13T18:07:35","slug":"padded-cordura-softcase","status":"publish","type":"product","link":"https:\/\/marshallradio.com\/eu\/product\/padded-cordura-softcase\/?lang=cs","title":{"rendered":"Polstrovan\u00e1 Cordura Softcase"},"content":{"rendered":"","protected":false},"excerpt":{"rendered":"<p>Na\u0161e Cordura softcase, kter\u00e1 je p\u0159izp\u016fsobena designu pou\u017e\u00edvan\u00e9mu k ochran\u011b drah\u00fdch zbran\u00ed, v\u00e1m umo\u017en\u00ed chr\u00e1nit p\u0159ij\u00edma\u010d a vys\u00edla\u010de spole\u010dn\u011b a na jednom vhodn\u00e9m m\u00edst\u011b.<\/p>\n<p>Vlastn\u00ed p\u011bnov\u00e1 vlo\u017eka odpov\u00edd\u00e1 profilu p\u0159ij\u00edma\u010de a dal\u0161\u00ed v\u00fd\u0159ezy a vnit\u0159n\u00ed kapsy, aby se v\u0161echny mal\u00e9 v\u011bci, kde je m\u016f\u017eete naj\u00edt: extra baterie, ant\u00e9ny, tester bateri\u00ed, adapt\u00e9r do auta atd. Navr\u017eeno pro j\u00edzdu s v\u00e1mi uvnit\u0159 vozidla.<\/p>\n<div class=\"read-more\"><a href=\"https:\/\/marshallradio.com\/eu\/product\/padded-cordura-softcase\/?lang=cs\">Read more <span class=\"screen-reader-text\">Polstrovan\u00e1 Cordura Softcase<\/span><span class=\"meta-nav\"> &#8250;<\/span><\/a><\/div>\n<p><!-- end of .read-more --><\/p>\n","protected":false},"featured_media":44244,"template":"","meta":{"_acf_changed":false},"product_brand":[],"product_cat":[59],"product_tag":[],"class_list":{"0":"post-34456","1":"product","2":"type-product","3":"status-publish","4":"has-post-thumbnail","6":"product_cat-worldwide-accessories-excluding-gulf","8":"first","9":"instock","10":"taxable","11":"shipping-taxable","12":"purchasable","13":"product-type-variable"},"acf":[],"_links":{"self":[{"href":"https:\/\/marshallradio.com\/eu\/wp-json\/wp\/v2\/product\/34456","targetHints":{"allow":["GET"]}}],"collection":[{"href":"https:\/\/marshallradio.com\/eu\/wp-json\/wp\/v2\/product"}],"about":[{"href":"https:\/\/marshallradio.com\/eu\/wp-json\/wp\/v2\/types\/product"}],"wp:featuredmedia":[{"embeddable":true,"href":"https:\/\/marshallradio.com\/eu\/wp-json\/wp\/v2\/media\/44244"}],"wp:attachment":[{"href":"https:\/\/marshallradio.com\/eu\/wp-json\/wp\/v2\/media?parent=34456"}],"wp:term":[{"taxonomy":"product_brand","embeddable":true,"href":"https:\/\/marshallradio.com\/eu\/wp-json\/wp\/v2\/product_brand?post=34456"},{"taxonomy":"product_cat","embeddable":true,"href":"https:\/\/marshallradio.com\/eu\/wp-json\/wp\/v2\/product_cat?post=34456"},{"taxonomy":"product_tag","embeddable":true,"href":"https:\/\/marshallradio.com\/eu\/wp-json\/wp\/v2\/product_tag?post=34456"}],"curies":[{"name":"wp","href":"https:\/\/api.w.org\/{rel}","templated":true}]}}