
{"id":34458,"date":"2018-06-25T20:35:34","date_gmt":"2019-07-10T21:57:28","guid":{"rendered":"http:\/\/marshallradio.com\/eu\/product\/housse-en-cordura-rembourree\/"},"modified":"2021-04-13T18:24:59","modified_gmt":"2021-04-13T18:24:59","slug":"padded-cordura-softcase","status":"publish","type":"product","link":"https:\/\/marshallradio.com\/eu\/product\/padded-cordura-softcase\/?lang=fr","title":{"rendered":"Housse en Cordura Rembourr\u00e9e"},"content":{"rendered":"","protected":false},"excerpt":{"rendered":"<p>Adapt\u00e9 d&#8217;une conception utilis\u00e9e pour prot\u00e9ger des armes \u00e0 feu co\u00fbteuses, notre \u00e9tui en cuir Cordura vous permet de prot\u00e9ger le r\u00e9cepteur et les \u00e9metteurs dans un m\u00eame endroit.<\/p>\n<p>L&#8217;insert en mousse personnalis\u00e9 correspond au profil du r\u00e9cepteur, ainsi que des d\u00e9coupes et des poches internes suppl\u00e9mentaires pour que vous puissiez conserver toutes les petites choses o\u00f9 vous les trouverez: piles suppl\u00e9mentaires, antennes, testeur de batterie, adaptateur voiture, etc. Con\u00e7u pour vous accompagner \u00e0 l&#8217;int\u00e9rieur du v\u00e9hicule.<\/p>\n<p>Pour HSL UHF 434 MHz uniquement<\/p>\n<div class=\"read-more\"><a href=\"https:\/\/marshallradio.com\/eu\/product\/padded-cordura-softcase\/?lang=fr\">Read more <span class=\"screen-reader-text\">Housse en Cordura Rembourr\u00e9e<\/span><span class=\"meta-nav\"> &#8250;<\/span><\/a><\/div>\n<p><!-- end of .read-more --><\/p>\n","protected":false},"featured_media":44246,"template":"","meta":{"_acf_changed":false},"product_brand":[],"product_cat":[61],"product_tag":[],"class_list":{"0":"post-34458","1":"product","2":"type-product","3":"status-publish","4":"has-post-thumbnail","6":"product_cat-worldwide-accessories-excluding-gulf-fr","8":"first","9":"instock","10":"taxable","11":"shipping-taxable","12":"purchasable","13":"product-type-variable"},"acf":[],"_links":{"self":[{"href":"https:\/\/marshallradio.com\/eu\/wp-json\/wp\/v2\/product\/34458","targetHints":{"allow":["GET"]}}],"collection":[{"href":"https:\/\/marshallradio.com\/eu\/wp-json\/wp\/v2\/product"}],"about":[{"href":"https:\/\/marshallradio.com\/eu\/wp-json\/wp\/v2\/types\/product"}],"wp:featuredmedia":[{"embeddable":true,"href":"https:\/\/marshallradio.com\/eu\/wp-json\/wp\/v2\/media\/44246"}],"wp:attachment":[{"href":"https:\/\/marshallradio.com\/eu\/wp-json\/wp\/v2\/media?parent=34458"}],"wp:term":[{"taxonomy":"product_brand","embeddable":true,"href":"https:\/\/marshallradio.com\/eu\/wp-json\/wp\/v2\/product_brand?post=34458"},{"taxonomy":"product_cat","embeddable":true,"href":"https:\/\/marshallradio.com\/eu\/wp-json\/wp\/v2\/product_cat?post=34458"},{"taxonomy":"product_tag","embeddable":true,"href":"https:\/\/marshallradio.com\/eu\/wp-json\/wp\/v2\/product_tag?post=34458"}],"curies":[{"name":"wp","href":"https:\/\/api.w.org\/{rel}","templated":true}]}}