
{"id":34460,"date":"2018-06-25T20:35:34","date_gmt":"2019-07-10T22:00:10","guid":{"rendered":"http:\/\/marshallradio.com\/eu\/product\/funda-acolchada-de-cordura\/"},"modified":"2021-04-13T18:44:43","modified_gmt":"2021-04-13T18:44:43","slug":"acolchado-cordura-estuche-blando","status":"publish","type":"product","link":"https:\/\/marshallradio.com\/eu\/product\/acolchado-cordura-estuche-blando\/?lang=es","title":{"rendered":"Funda acolchada de Cordura"},"content":{"rendered":"","protected":false},"excerpt":{"rendered":"<p>Adaptado de un dise\u00f1o anterior, utilizado para proteger costosas armas de fuego, nuestra funda de Cordura le permite mantener el receptor y los transmisores protegidos y todos juntos en un lugar adecuado.<\/p>\n<p>La espuma interior se adapta a la forma del receptor, adem\u00e1s posee bolsillos internos para guardar todas las cosas peque\u00f1as tales como: bater\u00edas adicionales, antenas, probador de bater\u00edas, adaptador para autom\u00f3vil, etc. Dise\u00f1ado para viajar contigo dentro del veh\u00edculo.<\/p>\n<p>Solo para HSL UHF 434 MHz<\/p>\n<div class=\"read-more\"><a href=\"https:\/\/marshallradio.com\/eu\/product\/acolchado-cordura-estuche-blando\/?lang=es\">Read more <span class=\"screen-reader-text\">Funda acolchada de Cordura<\/span><span class=\"meta-nav\"> &#8250;<\/span><\/a><\/div>\n<p><!-- end of .read-more --><\/p>\n","protected":false},"featured_media":44249,"template":"","meta":{"_acf_changed":false},"product_brand":[],"product_cat":[64],"product_tag":[],"class_list":{"0":"post-34460","1":"product","2":"type-product","3":"status-publish","4":"has-post-thumbnail","6":"product_cat-worldwide-accessories-excluding-gulf-es","8":"first","9":"instock","10":"taxable","11":"shipping-taxable","12":"purchasable","13":"product-type-variable"},"acf":[],"_links":{"self":[{"href":"https:\/\/marshallradio.com\/eu\/wp-json\/wp\/v2\/product\/34460","targetHints":{"allow":["GET"]}}],"collection":[{"href":"https:\/\/marshallradio.com\/eu\/wp-json\/wp\/v2\/product"}],"about":[{"href":"https:\/\/marshallradio.com\/eu\/wp-json\/wp\/v2\/types\/product"}],"wp:featuredmedia":[{"embeddable":true,"href":"https:\/\/marshallradio.com\/eu\/wp-json\/wp\/v2\/media\/44249"}],"wp:attachment":[{"href":"https:\/\/marshallradio.com\/eu\/wp-json\/wp\/v2\/media?parent=34460"}],"wp:term":[{"taxonomy":"product_brand","embeddable":true,"href":"https:\/\/marshallradio.com\/eu\/wp-json\/wp\/v2\/product_brand?post=34460"},{"taxonomy":"product_cat","embeddable":true,"href":"https:\/\/marshallradio.com\/eu\/wp-json\/wp\/v2\/product_cat?post=34460"},{"taxonomy":"product_tag","embeddable":true,"href":"https:\/\/marshallradio.com\/eu\/wp-json\/wp\/v2\/product_tag?post=34460"}],"curies":[{"name":"wp","href":"https:\/\/api.w.org\/{rel}","templated":true}]}}