
{"id":34461,"date":"2018-06-25T20:27:28","date_gmt":"2019-07-10T22:05:33","guid":{"rendered":"http:\/\/marshallradio.com\/eu\/product\/dvd-zivot-a-casy-geralda-richardse\/"},"modified":"2019-10-16T22:58:30","modified_gmt":"2019-10-16T22:58:30","slug":"dvd-life-times-of-gerald-richards","status":"publish","type":"product","link":"https:\/\/marshallradio.com\/eu\/product\/dvd-life-times-of-gerald-richards\/?lang=cs","title":{"rendered":"DVD: \u017divot a \u010dasy Geralda Richardse"},"content":{"rendered":"","protected":false},"excerpt":{"rendered":"<p>Okouzluj\u00edc\u00ed DVD o \u017eivot\u011b jedn\u00e9 z na\u0161ich nejkr\u00e1sn\u011bj\u0161\u00edch osobnost\u00ed a respektovan\u00fdch sokoln\u00edk\u016f ze Severn\u00ed Ameriky, Geralda Richardse. Byl to Gerald, kter\u00fd za\u010dal Utah Sky Trials p\u0159ed v\u00edce ne\u017e 30 lety, co\u017e se stalo celosv\u011btovou ud\u00e1lost\u00ed. D\u00edky s\u00e9rii rozhovor\u016f s bl\u00edzk\u00fdmi p\u0159\u00e1teli a rodinou, spolu s archivn\u00edmi z\u00e1b\u011bry, tato prezentace odhaluje velmi unik\u00e1tn\u00ed charakter. Toto DVD bylo sponzorov\u00e1no 2005 NAFA setk\u00e1n\u00ed ve Vernal Utah a byl produkov\u00e1n Utah Falconers asociac\u00ed.<\/p>\n<div class=\"read-more\"><a href=\"https:\/\/marshallradio.com\/eu\/product\/dvd-life-times-of-gerald-richards\/?lang=cs\">Read more <span class=\"screen-reader-text\">DVD: \u017divot a \u010dasy Geralda Richardse<\/span><span class=\"meta-nav\"> &#8250;<\/span><\/a><\/div>\n<p><!-- end of .read-more --><\/p>\n","protected":false},"featured_media":29966,"template":"","meta":{"_acf_changed":false},"product_brand":[],"product_cat":[59],"product_tag":[],"class_list":{"0":"post-34461","1":"product","2":"type-product","3":"status-publish","4":"has-post-thumbnail","6":"product_cat-worldwide-accessories-excluding-gulf","8":"first","9":"instock","10":"taxable","11":"shipping-taxable","12":"purchasable","13":"product-type-simple"},"acf":[],"_links":{"self":[{"href":"https:\/\/marshallradio.com\/eu\/wp-json\/wp\/v2\/product\/34461","targetHints":{"allow":["GET"]}}],"collection":[{"href":"https:\/\/marshallradio.com\/eu\/wp-json\/wp\/v2\/product"}],"about":[{"href":"https:\/\/marshallradio.com\/eu\/wp-json\/wp\/v2\/types\/product"}],"wp:featuredmedia":[{"embeddable":true,"href":"https:\/\/marshallradio.com\/eu\/wp-json\/wp\/v2\/media\/29966"}],"wp:attachment":[{"href":"https:\/\/marshallradio.com\/eu\/wp-json\/wp\/v2\/media?parent=34461"}],"wp:term":[{"taxonomy":"product_brand","embeddable":true,"href":"https:\/\/marshallradio.com\/eu\/wp-json\/wp\/v2\/product_brand?post=34461"},{"taxonomy":"product_cat","embeddable":true,"href":"https:\/\/marshallradio.com\/eu\/wp-json\/wp\/v2\/product_cat?post=34461"},{"taxonomy":"product_tag","embeddable":true,"href":"https:\/\/marshallradio.com\/eu\/wp-json\/wp\/v2\/product_tag?post=34461"}],"curies":[{"name":"wp","href":"https:\/\/api.w.org\/{rel}","templated":true}]}}