
{"id":34463,"date":"2018-06-25T20:27:28","date_gmt":"2019-07-10T22:07:25","guid":{"rendered":"http:\/\/marshallradio.com\/eu\/product\/dvd-la-vie-et-lepoque-de-gerald-richards\/"},"modified":"2019-10-16T22:59:05","modified_gmt":"2019-10-16T22:59:05","slug":"dvd-vie-fois-de-gerald-richards","status":"publish","type":"product","link":"https:\/\/marshallradio.com\/eu\/product\/dvd-vie-fois-de-gerald-richards\/?lang=fr","title":{"rendered":"DVD: La vie et l&#8217;\u00e9poque de Gerald Richards"},"content":{"rendered":"","protected":false},"excerpt":{"rendered":"<p>Un DVD captivant sur la vie de l&#8217;une de nos personnalit\u00e9s les plus color\u00e9es et des fauconniers respect\u00e9s d&#8217;Am\u00e9rique du Nord, Gerald Richards C&#8217;est Gerald qui a lanc\u00e9 l&#8217;Utah Sky Trials il y a plus de 30 ans et qui est devenu un \u00e9v\u00e9nement mondial. \u00c0 travers une s\u00e9rie d&#8217;entretiens avec des amis proches et la famille, ainsi que des images d&#8217;archives, cette pr\u00e9sentation r\u00e9v\u00e8le un caract\u00e8re tr\u00e8s unique. Ce DVD a \u00e9t\u00e9 sponsoris\u00e9 par la r\u00e9union NAFA 2005 \u00e0 Vernal (Utah) et a \u00e9t\u00e9 produit par l\u2019Utah Falconers Association.<\/p>\n<div class=\"read-more\"><a href=\"https:\/\/marshallradio.com\/eu\/product\/dvd-vie-fois-de-gerald-richards\/?lang=fr\">Read more <span class=\"screen-reader-text\">DVD: La vie et l&#8217;\u00e9poque de Gerald Richards<\/span><span class=\"meta-nav\"> &#8250;<\/span><\/a><\/div>\n<p><!-- end of .read-more --><\/p>\n","protected":false},"featured_media":29968,"template":"","meta":{"_acf_changed":false},"product_brand":[],"product_cat":[61],"product_tag":[],"class_list":{"0":"post-34463","1":"product","2":"type-product","3":"status-publish","4":"has-post-thumbnail","6":"product_cat-worldwide-accessories-excluding-gulf-fr","8":"first","9":"instock","10":"taxable","11":"shipping-taxable","12":"purchasable","13":"product-type-simple"},"acf":[],"_links":{"self":[{"href":"https:\/\/marshallradio.com\/eu\/wp-json\/wp\/v2\/product\/34463","targetHints":{"allow":["GET"]}}],"collection":[{"href":"https:\/\/marshallradio.com\/eu\/wp-json\/wp\/v2\/product"}],"about":[{"href":"https:\/\/marshallradio.com\/eu\/wp-json\/wp\/v2\/types\/product"}],"wp:featuredmedia":[{"embeddable":true,"href":"https:\/\/marshallradio.com\/eu\/wp-json\/wp\/v2\/media\/29968"}],"wp:attachment":[{"href":"https:\/\/marshallradio.com\/eu\/wp-json\/wp\/v2\/media?parent=34463"}],"wp:term":[{"taxonomy":"product_brand","embeddable":true,"href":"https:\/\/marshallradio.com\/eu\/wp-json\/wp\/v2\/product_brand?post=34463"},{"taxonomy":"product_cat","embeddable":true,"href":"https:\/\/marshallradio.com\/eu\/wp-json\/wp\/v2\/product_cat?post=34463"},{"taxonomy":"product_tag","embeddable":true,"href":"https:\/\/marshallradio.com\/eu\/wp-json\/wp\/v2\/product_tag?post=34463"}],"curies":[{"name":"wp","href":"https:\/\/api.w.org\/{rel}","templated":true}]}}