
{"id":34464,"date":"2018-06-25T20:27:28","date_gmt":"2019-07-10T22:08:14","guid":{"rendered":"http:\/\/marshallradio.com\/eu\/product\/dvd-life-times-di-gerald-richards\/"},"modified":"2019-10-16T23:02:05","modified_gmt":"2019-10-16T23:02:05","slug":"dvd-life-times-of-gerald-richards","status":"publish","type":"product","link":"https:\/\/marshallradio.com\/eu\/product\/dvd-life-times-of-gerald-richards\/?lang=it","title":{"rendered":"DVD: Life &amp; Times di Gerald Richards"},"content":{"rendered":"","protected":false},"excerpt":{"rendered":"<p>Un accattivante dvd sulla vita di una delle nostre personalit\u00e0 pi\u00f9 colorate e rispettati falconieri del Nord America, Gerald Richards. \u00c8 stato Gerald a dare il via agli Utah Sky Trial oltre 30 anni fa, che \u00e8 diventato un evento mondiale. Attraverso una serie di interviste con amici intimi e familiari, insieme a filmati d&#8217;archivio, questa presentazione rivela un personaggio davvero unico. Questo DVD \u00e8 stato sponsorizzato dal NAFA Meet 2005 a Vernal Utah ed \u00e8 stato prodotto dalla Utah Falconers Association.<\/p>\n<div class=\"read-more\"><a href=\"https:\/\/marshallradio.com\/eu\/product\/dvd-life-times-of-gerald-richards\/?lang=it\">Read more <span class=\"screen-reader-text\">DVD: Life &amp; Times di Gerald Richards<\/span><span class=\"meta-nav\"> &#8250;<\/span><\/a><\/div>\n<p><!-- end of .read-more --><\/p>\n","protected":false},"featured_media":29970,"template":"","meta":{"_acf_changed":false},"product_brand":[],"product_cat":[63],"product_tag":[],"class_list":{"0":"post-34464","1":"product","2":"type-product","3":"status-publish","4":"has-post-thumbnail","6":"product_cat-worldwide-accessories-excluding-gulf-it","8":"first","9":"instock","10":"taxable","11":"shipping-taxable","12":"purchasable","13":"product-type-simple"},"acf":[],"_links":{"self":[{"href":"https:\/\/marshallradio.com\/eu\/wp-json\/wp\/v2\/product\/34464","targetHints":{"allow":["GET"]}}],"collection":[{"href":"https:\/\/marshallradio.com\/eu\/wp-json\/wp\/v2\/product"}],"about":[{"href":"https:\/\/marshallradio.com\/eu\/wp-json\/wp\/v2\/types\/product"}],"wp:featuredmedia":[{"embeddable":true,"href":"https:\/\/marshallradio.com\/eu\/wp-json\/wp\/v2\/media\/29970"}],"wp:attachment":[{"href":"https:\/\/marshallradio.com\/eu\/wp-json\/wp\/v2\/media?parent=34464"}],"wp:term":[{"taxonomy":"product_brand","embeddable":true,"href":"https:\/\/marshallradio.com\/eu\/wp-json\/wp\/v2\/product_brand?post=34464"},{"taxonomy":"product_cat","embeddable":true,"href":"https:\/\/marshallradio.com\/eu\/wp-json\/wp\/v2\/product_cat?post=34464"},{"taxonomy":"product_tag","embeddable":true,"href":"https:\/\/marshallradio.com\/eu\/wp-json\/wp\/v2\/product_tag?post=34464"}],"curies":[{"name":"wp","href":"https:\/\/api.w.org\/{rel}","templated":true}]}}