
{"id":34465,"date":"2018-06-25T20:27:28","date_gmt":"2019-07-10T22:09:06","guid":{"rendered":"http:\/\/marshallradio.com\/eu\/product\/dvd-la-vida-y-los-tiempos-de-gerald-richards\/"},"modified":"2019-10-16T23:02:22","modified_gmt":"2019-10-16T23:02:22","slug":"dvd-life-times-of-gerald-richards","status":"publish","type":"product","link":"https:\/\/marshallradio.com\/eu\/product\/dvd-life-times-of-gerald-richards\/?lang=es","title":{"rendered":"DVD: La vida y los tiempos de Gerald Richards"},"content":{"rendered":"","protected":false},"excerpt":{"rendered":"<p>Un cautivador DVD sobre la vida de una de nuestras personalidades m\u00e1s admiradas y respetados por los cetreros Norteamericanos, Gerald Richards. Fue \u00e9l quien inici\u00f3 los\u00a0 Sky Trials de Utah hace m\u00e1s de 30 a\u00f1os, y a d\u00eda de hoy se ha convertido en un evento mundial. A trav\u00e9s de una serie de entrevistas con amigos cercanos y familiares, junto con im\u00e1genes de archivo, esta presentaci\u00f3n revela un personaje muy singular. Este DVD fue patrocinado por la reuni\u00f3n NAFA en 2005 en Vernal Utah y fue producido por la Asociaci\u00f3n de Cetreros de Utah.<\/p>\n<div class=\"read-more\"><a href=\"https:\/\/marshallradio.com\/eu\/product\/dvd-life-times-of-gerald-richards\/?lang=es\">Read more <span class=\"screen-reader-text\">DVD: La vida y los tiempos de Gerald Richards<\/span><span class=\"meta-nav\"> &#8250;<\/span><\/a><\/div>\n<p><!-- end of .read-more --><\/p>\n","protected":false},"featured_media":29971,"template":"","meta":{"_acf_changed":false},"product_brand":[],"product_cat":[64],"product_tag":[],"class_list":{"0":"post-34465","1":"product","2":"type-product","3":"status-publish","4":"has-post-thumbnail","6":"product_cat-worldwide-accessories-excluding-gulf-es","8":"first","9":"instock","10":"taxable","11":"shipping-taxable","12":"purchasable","13":"product-type-simple"},"acf":[],"_links":{"self":[{"href":"https:\/\/marshallradio.com\/eu\/wp-json\/wp\/v2\/product\/34465","targetHints":{"allow":["GET"]}}],"collection":[{"href":"https:\/\/marshallradio.com\/eu\/wp-json\/wp\/v2\/product"}],"about":[{"href":"https:\/\/marshallradio.com\/eu\/wp-json\/wp\/v2\/types\/product"}],"wp:featuredmedia":[{"embeddable":true,"href":"https:\/\/marshallradio.com\/eu\/wp-json\/wp\/v2\/media\/29971"}],"wp:attachment":[{"href":"https:\/\/marshallradio.com\/eu\/wp-json\/wp\/v2\/media?parent=34465"}],"wp:term":[{"taxonomy":"product_brand","embeddable":true,"href":"https:\/\/marshallradio.com\/eu\/wp-json\/wp\/v2\/product_brand?post=34465"},{"taxonomy":"product_cat","embeddable":true,"href":"https:\/\/marshallradio.com\/eu\/wp-json\/wp\/v2\/product_cat?post=34465"},{"taxonomy":"product_tag","embeddable":true,"href":"https:\/\/marshallradio.com\/eu\/wp-json\/wp\/v2\/product_tag?post=34465"}],"curies":[{"name":"wp","href":"https:\/\/api.w.org\/{rel}","templated":true}]}}