
{"id":34508,"date":"2018-06-25T19:58:45","date_gmt":"2019-07-10T22:47:59","guid":{"rendered":"http:\/\/marshallradio.com\/eu\/product\/libro-il-volo-dei-falchi\/"},"modified":"2023-04-04T22:14:44","modified_gmt":"2023-04-04T22:14:44","slug":"book-the-flying-of-falcons","status":"publish","type":"product","link":"https:\/\/marshallradio.com\/eu\/product\/book-the-flying-of-falcons\/?lang=it","title":{"rendered":"Libro: Il volo dei falchi"},"content":{"rendered":"<p>[et_pb_section bb_built=&#8221;1&#8243;][et_pb_row][et_pb_column type=&#8221;4_4&#8243;][et_pb_text]<\/p>\n<p><strong>Ed Pitcher<\/strong><\/p>\n<p><em><img loading=\"lazy\" decoding=\"async\" class=\"size-full wp-image-1523 alignright\" src=\"http:\/\/marshall.lamp3.i4.net\/wp-content\/uploads\/2018\/06\/Ed_Portrait2.jpg\" alt=\"\" width=\"200\" height=\"232\">&#8220;1969 ha cambiato la mia vita, sta ancora cambiando la mia vita. Ho visto un giovane falco della prateria atterrare su un&#8217;esca, un piccione morto in effetti. Il falco era fuori per hackerare. Non era docile, ma avrebbe tollerato il falconiere e me senza preavviso. Qualcosa si \u00e8 risvegliato in me. Non potevo distogliere lo sguardo da questo falco. Ogni piuma, ogni mossa, tutto ci\u00f2 che riguarda questo uccello mi ha affascinato. La mia vita stava cambiando proprio in quel momento. Dovevo diventare un falconiere.<\/em><\/p>\n<p><em>Incapace di individuare le origini della mia filosofia di base verso la falconeria, ho accettato fin da subito la convinzione che qualsiasi raptor portato nella mia mano, non dovrebbe peggio che se lasciato a se stesso. La mia speranza era di far volare questi magnifici uccelli, come sono stati descritti nella letteratteria; non solo nella letteratura sulla falconeria, ma anche nelle opere di naturalisti, collezionisti di uova e fan del pellegrinaggio per il mondo.<\/em><\/p>\n<p><em>Il mio brano preferito di The Hawks of North America:<\/em><\/p>\n<p><em>&#8220;Il falco pellegrino \u00e8 forse l&#8217;organismo volante pi\u00f9 altamente specializzato e superlativamente ben sviluppato sul nostro pianeta oggi, che combina in modo meraviglioso i pi\u00f9 alti poteri di velocit\u00e0 e di adro-test aereo con una forza massiccia, simile a una guerra. uccello indipendente, che vive con il cibo pi\u00f9 pulito, carnale, spennato dall&#8217;aria o dalla superficie delle acque, allevando i suoi giovani negli angoli di pericolose rupi di montagna, rivendicando tutta l&#8217;atmosfera come suo dominio, e temendo nessuna bestia che cammina n\u00e9 l&#8217;uccello che vola, \u00e8 la vera incarnazione della nobile rapacit\u00e0 e della solitaria libert\u00e0, ha un suo legittimo posto importante nel grande schema delle cose, e con la sua estinzione, se mai dovesse venire, il mondo intero sarebbe impoverito e opaco &#8220;.<\/em><\/p>\n<p><strong><em>G.H. Thayer, 1904<\/em><\/strong><\/p>\n<p><em>Se i falchi che volo non prendono il dominio dell&#8217;atmosfera, se non reclamano il cielo e volano con l&#8217;audacia della propriet\u00e0, mi guardo con sensi di colpa. Sento di aver derubato l&#8217;uccello dei suoi talenti naturali. Mi sono fallito nel non realizzare i miei obiettivi e l&#8217;impegno che avevo assunto per i falchi.<\/em><\/p>\n<p><em>Vedo ogni falco che ho volato come un&#8217;opportunit\u00e0 per testimoniare il suo singolare talento e finezza. Ogni falco, data l&#8217;opportunit\u00e0 di sviluppare i propri talenti, supera la mia capacit\u00e0 di addestrarlo. Ogni falco che ho &#8220;allenato&#8221; \u00e8 stato sminuito. La mia interferenza con lo sviluppo naturale del falco, usando un rigido programma di allenamento, ha portato solo a voli mediocri di spazio, tempo e intenti limitati &#8220;.<\/em><\/p>\n<p>Ed Pitcher \u00e8 un biologo, che recentemente si \u00e8 ritirato da una lunga carriera in infermieristica. Lui e sua moglie Barabra ora risiedono vicino a Malad, nell&#8217;Idaho, in una casa sulle colline alimentata interamente da vento e sole, su abbastanza ettari che mette fuori un giovane gruppo di falchi pellegrini ogni anno.<\/p>\n<p>&nbsp;<\/p>\n<p><strong>Ricardo Velarde<\/strong><\/p>\n<p><em><img loading=\"lazy\" decoding=\"async\" class=\"size-full wp-image-1519 alignleft\" src=\"http:\/\/marshall.lamp3.i4.net\/wp-content\/uploads\/2018\/06\/Ricardo.jpg\" alt=\"\" width=\"200\" height=\"267\">&#8220;Sono stato coinvolto nella falconeria da quasi quarant&#8217;anni. Ed Pitcher e io ci siamo incontrati all&#8217;incontro di falconeria di Alamosa nel 1978. Una delle tante grandi storie di questo libro e la uso per presentare Ed Pitcher su questa pagina web e nel libro.<\/em><\/p>\n<p><em>Dopo essere diventato grande amico e falco volante insieme, ho saputo che Ed aveva un modo molto unico di gestire i suoi falchi, e l&#8217;idea di scrivere un libro \u00e8 emersa. Venticinque anni dopo \u00e8 diventata una realt\u00e0 .. &#8220;<\/em><\/p>\n<p>Ricardo Velarde \u00e8 nato a Citt\u00e0 del Messico nel 1957, il secondo figlio di cinque fratelli. Coinvolto nello sport fin dalla pi\u00f9 tenera et\u00e0, \u00e8 stato un trampolino di lancio e platform per molti anni. Mentre era al liceo, un amico gli mostr\u00f2 un libro di falconeria che cattur\u00f2 la sua immaginazione e, poco dopo, inizi\u00f2 a lavorare come artigiano, producendo equipaggiamento per falconeria.<\/p>\n<p>Successivamente \u00e8 stato reclutato per competere come sub per la Brigam Young University a Provo, Utah, dove ha incontrato diversi grandi falconieri che lo hanno aiutato a diventare pi\u00f9 coinvolto nello sport, tra cui Gerald Richards che ha avuto l&#8217;idea degli Sky Trials , che ora \u00e8 diventato un evento conosciuto a livello mondiale. Quando Ricardo si trasfer\u00ec a Reno, in Nevada, per lavorare a un progetto di allevamento di falchi con Dave Jamieson, acquis\u00ec anche l&#8217;attivit\u00e0 di fabbricazione di campane di Pete Asborno. In una piccola caffetteria l\u00ec, ha incontrato il proprietario che in seguito \u00e8 diventato sua moglie, ed \u00e8 sempre stato di grande aiuto per le sue carrozzerie di Falconeria e Sport.<\/p>\n<p>Molti anni dopo, si trasferirono a Park City, nello Utah, dove si innamor\u00f2 del suo nuovo sport di terapia, pattinaggio di velocit\u00e0 su pista corta. Un altro suo hobby, la produzione di coltelli, \u00e8 diventato un modo per guadagnarsi da vivere, ei suoi coltelli sono ora richiesti in tutto il mondo. Terminare questo libro, dopo tanti anni, raggiunge un altro obiettivo nella vita interessante e ricca di Ricardo.<\/p>\n<p>&nbsp;<\/p>\n<p><strong>Andrew Ellis<\/strong><\/p>\n<p><em><img loading=\"lazy\" decoding=\"async\" class=\"size-full wp-image-1520 alignright\" src=\"http:\/\/marshall.lamp3.i4.net\/wp-content\/uploads\/2018\/06\/Ellis.jpg\" alt=\"\" width=\"150\" height=\"157\">&#8220;\u00c8 con affezionato ricordo che mi ricordo di una visita pomeridiana con Ed Pitcher. Ho ascoltato stupito mentre raccontava le esperienze che aveva avuto con molti dei falconi che aveva volato.Quando mi ha chiesto Ricardo di contribuire a questo nuovo volume, non l&#8217;ho fatto esita.Il punto di vista unico di Ed e il libero approccio verso i falconi di addestramento \u00e8 diventato per me una boccata d&#8217;aria fresca.E &#8216;stato un grande onore essere coinvolto sia con Ricardo che con Ed in questo libro. e molti altri lo faranno. &#8220;<\/em><\/p>\n<p>L&#8217;opera di Andrew Ellis \u00e8 molto apprezzata nel mondo della falconeria. Le sue raffigurazioni di falchi, aquile e falchi adornano le pareti dei falconieri di tutto il mondo. Un falconiere stesso, ha trascorso molte ore sul campo, lavorando con rapaci, principalmente falchi e in particolare i suoi amati pellegrini.<\/p>\n<p>La passione di Andrew per la pittura del mondo naturale \u00e8 stata rivelata in tenera et\u00e0. Cresciuto nel Devon rurale, \u00e8 stato attratto dallo studio della fauna selvatica. Continua a vivere nel sud-ovest, con sua moglie Donna e i loro due figli, ed \u00e8 ancora molto ispirato dalla fauna selvatica circostante.<\/p>\n<p>Mentre studiava all&#8217;Exeter College of Art and Design (1987-89), ha vinto un concorso di Shooting and Conservation della British Association e ha anche ottenuto il suo primo contratto per illustrare &#8220;The story of the sportsing gun&#8221; di Ranulf Raynor.<\/p>\n<p>Il lavoro di Andrew \u00e8 stato descritto in molte pubblicazioni sulla falconeria, sul tiro e sulla fauna selvatica; il suo lavoro \u00e8 raccolto in tutto il mondo e ha esposto fino al Medio Oriente, all&#8217;America e all&#8217;Europa. Le opere di Andrew catturano il meglio della bellezza della fauna selvatica nel suo habitat naturale e riesce a catturare il momento in cui ritrae perfettamente, il che \u00e8 possibile solo quando l&#8217;artista \u00e8 veramente appassionato della sua arte e dei suoi soggetti.<\/p>\n<p>&nbsp;<\/p>\n<p><strong>Bern Poppelmann<\/strong><\/p>\n<p><em><img loading=\"lazy\" decoding=\"async\" class=\"size-full wp-image-1521 alignleft\" src=\"http:\/\/marshall.lamp3.i4.net\/wp-content\/uploads\/2018\/06\/Poppelman.jpg\" alt=\"\" width=\"150\" height=\"186\">&#8220;Quando Ricardo mi chiam\u00f2 per la prima volta e mi chiese se sarei disposto a contribuire con alcuni dei miei dipinti a un nuovo libro di falconeria, spieg\u00f2 inoltre che il libro non era un &#8216;how-to book&#8217;, ma uno con nuovi approcci allo sport di falconeria, insieme ad alcune idee non ancora pubblicate, ho acconsentito subito, so che la mia decisione era giusta e sono molto onorato di aver contribuito a un libro del genere.To sento che questo nuovo libro di falconeria \u00e8 necessario per ogni falconiere. &#8220;<\/em><\/p>\n<p>Bern Poppelmann, nato nel 1946, vive a Steinfurt, in Germania. Il suo lavoro in una variet\u00e0 di media diversi \u00e8 meglio conosciuto per i dipinti di animali selvatici anatomicamente corretti caratterizzati dall&#8217;intimo individualismo. Un vero amante della natura, ha preso lezioni, non in un&#8217;aula d&#8217;arte, ma nell&#8217;habitat dei suoi soggetti selvaggi. Le sue raffigurazioni di uccelli selvatici sono vivi con dettagli spettacolari e ritraggono la sua profonda conoscenza e il rispetto per i suoi amici piumati. Tutte le sue immagini animali stanno facendo emergere l&#8217;individuo, mostrando allo spettatore non solo la loro personalit\u00e0 unica, ma anche l&#8217;essenza del loro essere, come creature selvagge. Il fascino, delle sue riproduzioni grafiche e quasi tattili, deve essere disegnato in una scena vivace della natura, non solo un documento immobile ma fotografico. La sua precisione orientata al dettaglio illustra la fragile bellezza della fauna selvatica nel nostro mondo moderno. La missione di Poppelmann di promuovere la conservazione degli habitat della fauna selvatica al meglio del suo talento \u00e8 al centro del suo impegno permanente per la natura. Il suo lavoro \u00e8 stato esposto in tutto il mondo.<\/p>\n<p>&nbsp;<\/p>\n<p><strong>Daryl Peterson<\/strong><\/p>\n<p><em><img loading=\"lazy\" decoding=\"async\" class=\"size-full wp-image-1522 alignright\" src=\"http:\/\/marshall.lamp3.i4.net\/wp-content\/uploads\/2018\/06\/Daryl_w-bird.jpg\" alt=\"\" width=\"150\" height=\"129\">&#8220;Ed ha articolato il suo punto di vista sul volo di un falco in un modo che complimenta la natura dell&#8217;uccello e consente di esprimere i talenti innati nei vari aspetti della relazione.<\/em><em>&#8220;<\/em><\/p>\n<p>Daryl Peterson \u00e8 cresciuto in un ranch in una remota area dell&#8217;ovest americano, dove un paio di aquile reali nidificanti e un intenso interesse per gli uccelli lo hanno portato a scoprire la falconeria in tenera et\u00e0. Pochi anni dopo incontr\u00f2 Gerald Richards che divenne un vecchio amico e un mentore molto vicino. Ed Pitcher e Ricardo erano amici in comune di Gerald e Daryl diventati affascinati dai falchi ad alta quota. Si \u00e8 divertito a disegnare e dipingere gli uccelli sin da quando era un giovane ed \u00e8 stato pubblicato sulla rivista North American Falconry and American Falconry. Daryl ora vive in Idaho, in fondo alla valle dai Brocche, con la sua bellissima moglie, due ragazzi e una figlia (di nome Anatum). Ha continuato la sua ricerca per tutta la vita della falconeria e attualmente vola con i pellegrini e un&#8217;aquila reale. Ha avuto il piacere di volare con i falchi per molti anni con Ed e vedere le sue idee e pensieri sui falchi finalmente raccolti e ora messi in stampa.<\/p>\n<p>[\/et_pb_text][\/et_pb_column][\/et_pb_row][\/et_pb_section]<\/p>\n","protected":false},"excerpt":{"rendered":"<p>Questo \u00e8 il nuovo libro di American Falconry che sta portando i falconieri a ripensare la loro arte, in tutto il mondo. E ottenere lodi entusiastiche. Una volta che avrai la possibilit\u00e0 di tenerlo tra le mani e leggerlo, saprai perch\u00e9. Seguendo la sequenza di sviluppo di un giovane falco, Ed spiega perch\u00e9 si sforza di permettere ai suoi uccelli di progredire attraverso le fasi naturali al fine di sviluppare la fiducia, l&#8217;iniziativa e le capacit\u00e0 a cui \u00e8 destinata la natura, senza che il falconiere si intrometta. Il risultato \u00e8 un falco allevato in cattivit\u00e0 con la &#8220;mente selvaggia&#8221; che vola e si comporta e succede pi\u00f9 come la controparte selvaggia.<\/p>\n<div class=\"read-more\"><a href=\"https:\/\/marshallradio.com\/eu\/product\/book-the-flying-of-falcons\/?lang=it\">Read more <span class=\"screen-reader-text\">Libro: Il volo dei falchi<\/span><span class=\"meta-nav\"> &#8250;<\/span><\/a><\/div>\n<p><!-- end of .read-more --><\/p>\n","protected":false},"featured_media":29963,"template":"","meta":{"_acf_changed":false},"product_brand":[],"product_cat":[63],"product_tag":[],"class_list":{"0":"post-34508","1":"product","2":"type-product","3":"status-publish","4":"has-post-thumbnail","6":"product_cat-worldwide-accessories-excluding-gulf-it","8":"first","9":"instock","10":"taxable","11":"shipping-taxable","12":"purchasable","13":"product-type-variable"},"acf":[],"_links":{"self":[{"href":"https:\/\/marshallradio.com\/eu\/wp-json\/wp\/v2\/product\/34508","targetHints":{"allow":["GET"]}}],"collection":[{"href":"https:\/\/marshallradio.com\/eu\/wp-json\/wp\/v2\/product"}],"about":[{"href":"https:\/\/marshallradio.com\/eu\/wp-json\/wp\/v2\/types\/product"}],"wp:featuredmedia":[{"embeddable":true,"href":"https:\/\/marshallradio.com\/eu\/wp-json\/wp\/v2\/media\/29963"}],"wp:attachment":[{"href":"https:\/\/marshallradio.com\/eu\/wp-json\/wp\/v2\/media?parent=34508"}],"wp:term":[{"taxonomy":"product_brand","embeddable":true,"href":"https:\/\/marshallradio.com\/eu\/wp-json\/wp\/v2\/product_brand?post=34508"},{"taxonomy":"product_cat","embeddable":true,"href":"https:\/\/marshallradio.com\/eu\/wp-json\/wp\/v2\/product_cat?post=34508"},{"taxonomy":"product_tag","embeddable":true,"href":"https:\/\/marshallradio.com\/eu\/wp-json\/wp\/v2\/product_tag?post=34508"}],"curies":[{"name":"wp","href":"https:\/\/api.w.org\/{rel}","templated":true}]}}