
{"id":34532,"date":"2018-06-25T18:55:26","date_gmt":"2019-07-11T15:19:41","guid":{"rendered":"http:\/\/marshallradio.com\/eu\/product\/gyrfalcon-od-emmy-fordove\/"},"modified":"2020-03-25T21:57:18","modified_gmt":"2020-03-25T21:57:18","slug":"kniha-gyrfalcon-by-emma-ford","status":"publish","type":"product","link":"https:\/\/marshallradio.com\/eu\/product\/kniha-gyrfalcon-by-emma-ford\/?lang=cs","title":{"rendered":"&#8220;Gyrfalcon&#8221; od Emmy Fordov\u00e9"},"content":{"rendered":"<p><strong><img loading=\"lazy\" decoding=\"async\" class=\"size-full wp-image-1357 alignleft\" src=\"http:\/\/marshall.lamp3.i4.net\/wp-content\/uploads\/2018\/06\/Emma_with_dogs.jpg\" alt=\"\" width=\"150\" height=\"283\">Emma Ford<\/strong> je sokoln\u00edk, proto\u017ee j\u00ed bylo osm. Se sv\u00fdm man\u017eelem Stevem zalo\u017eila v roce 1982 mezin\u00e1rodn\u011b uzn\u00e1vanou britskou \u0161kolu Falconry, prvn\u00ed sv\u00e9ho druhu na sv\u011bt\u011b. Dv\u011b pobo\u010dky \u0161koly, v hotelu Gleneagles v Perthshire, ve Skotsku, a na Equinox v Manchesteru Vermont, USA, l\u00e1kaj\u00ed nad\u0161ence z cel\u00e9ho sv\u011bta.<\/p>\n<p>Emma cestovala \u0161iroce v souvislosti s jej\u00ed prac\u00ed, v\u00fdukou, poradenstv\u00edm a prezentac\u00ed refer\u00e1t\u016f na mezin\u00e1rodn\u00edch zoologick\u00fdch a veterin\u00e1rn\u00edch konferenc\u00edch. B\u00fdval\u00e1 Countrywoman roku, ona kreslila falconry sylabus pro Duke Edinburghu syst\u00e9m ceny. Ona vystupovala v BBC seri\u00e1lu Countrywomen a psala knihu s\u00e9rie. Na cel\u00e9m sv\u011bt\u011b je zn\u00e1m\u00e1 svou prac\u00ed prost\u0159ednictv\u00edm \u010dast\u00fdch televizn\u00edch vystoupen\u00ed, dokument\u00e1rn\u00edch film\u016f, \u010dl\u00e1nk\u016f a film\u016f o p\u0159\u00edrodn\u00edch d\u011bjin\u00e1ch.<\/p>\n<p>Emma tak\u00e9 p\u00ed\u0161e pro n\u00e1rodn\u00ed noviny a \u010dasopisy ze sv\u00e9ho domova ve Skotsku v Perthshire. Napsala svou prvn\u00ed knihu a v\u011bk 16 let; jej\u00ed ned\u00e1vn\u00e1 publikace je vtipn\u00e1 autobiografie, oprav\u0148ovan\u00fd Fledgling dny. Gyrfalcon je jej\u00ed osm\u00fd publikovan\u00fd titul.<\/p>\n<p><img loading=\"lazy\" decoding=\"async\" class=\"size-full wp-image-1356 alignright\" src=\"http:\/\/marshall.lamp3.i4.net\/wp-content\/uploads\/2018\/06\/Bob_Berry_casts_of_gyrkin.jpg\" alt=\"\" width=\"150\" height=\"215\"><\/p>\n<p>Materi\u00e1l v kapitol\u00e1ch o severoamerick\u00fdch Falconry technik\u00e1ch a Captive Breeding, stejn\u011b jako velkolep\u00e9 fotografov\u00e1n\u00ed <strong>Robert Berry<\/strong> se spoj\u00ed, aby poskytly definitivn\u00ed prohl\u00e1\u0161en\u00ed o t\u011bchto t\u00e9matech (od roku 1996). Bob Berry je sokoln\u00edkem od deseti let. V roce 1964 za\u010dal experimentovat se zajat\u00fdmi propagacemi sokol\u016f st\u011bhovav\u00fdch a pom\u00e1hal zalo\u017eit fond Peregrine<\/p>\n<p>1970. Pr\u016fkopn\u00edk v chovu chovan\u00fdch otisk\u016f v oblasti chov\u00e1n\u00ed, \u00fasp\u011b\u0161n\u011b propagoval goshawks, peregrines a gyrfalcons a je zakl\u00e1daj\u00edc\u00edm prezidentem Severoamerick\u00e9 asociace chovatel\u016f dravc\u016f. Berry je dokonal\u00fdm fotografem po cel\u00fd sv\u016fj \u017eivot a nyn\u00ed se specializuje na vysokorychlostn\u00ed ak\u010dn\u00ed portr\u00e9t divok\u00fdch a zajatc\u016f drav\u00fdch pt\u00e1k\u016f. On je minulost President Spojen\u00fdch st\u00e1t\u016f Liability poji\u0161t\u011bn\u00ed Group (spole\u010dnost nyn\u00ed z\u00edskala Warren Buffett). \u017dije v Sheridanu ve Wyomingu, kde spolu se svou \u017eenou propaguje gyrfalcons a provozuje pracovn\u00ed ran\u010d.<\/p>\n<p><img loading=\"lazy\" decoding=\"async\" class=\"size-full wp-image-1355 alignleft\" src=\"http:\/\/marshall.lamp3.i4.net\/wp-content\/uploads\/2018\/06\/Dr._Cade.jpg\" alt=\"\" width=\"150\" height=\"150\"><\/p>\n<p><strong>Dr. Tom Cade<\/strong> zem\u0159el po\u010d\u00e1tkem roku 2019. V roce 1988 ode\u0161el z Cornell University, kde zast\u00e1val titul profesora Emerita v sekci Ekologie a Systematika, pozd\u011bji slou\u017eil p\u011bt let jako profesor na postgradu\u00e1ln\u00edm studijn\u00edm programu ve v\u00fdzkumu dravc\u016f na st\u00e1tn\u00ed univerzit\u011b Boise v Idaho. V roce 1970 organizoval fond Peregrine v laborato\u0159i ornitologie Cornell a pokra\u010doval ve sv\u00e9m zakl\u00e1daj\u00edc\u00edm p\u0159edsednictv\u00ed ve Sv\u011btov\u00e9m centru pro drav\u00e9 pt\u00e1ky v Idaho. Publikoval v\u00edce ne\u017e 200 \u010dl\u00e1nk\u016f a t\u0159i knihy, p\u0159ev\u00e1\u017en\u011b na sokol\u00edch a jin\u00fdch pt\u00e1c\u00edch, a vychov\u00e1val vychov\u00e1van\u00e9 sokoly na 72 let.<\/p>\n<p><strong>Anthony Rhodes<\/strong> se narodil v Yorkshire v roce 1959. On z\u00edskal BA Hons m\u00edra v ilustraci u Manchester polytechniky a stal se profesion\u00e1lem v roce 1982. Od t\u00e9 doby \u0161iroce vystavoval a realizoval komise, specializuj\u00edc\u00ed se na voln\u011b \u017eij\u00edc\u00ed zv\u00ed\u0159ata a sportovn\u00ed p\u0159edm\u011bty. Antonyho fascinace drav\u00fdmi pt\u00e1ky za\u010dala v roce 1977, kdy se za\u010dal v\u011bnovat sportu sokolnictv\u00ed.<\/p>\n<p><strong>Andrew Ellis<\/strong> ilustroval svou prvn\u00ed knihu The Sporting Gun, kdy\u017e mu bylo osmn\u00e1ct. Obrazy divok\u00e9 zv\u011b\u0159e jsou nyn\u00ed zastoupeny ve sb\u00edrk\u00e1ch v Americe, na St\u0159edn\u00edm v\u00fdchod\u011b av Evrop\u011b. Bydl\u00ed v Devonu a od sv\u00e9ho v\u011bku je praktikuj\u00edc\u00edm sokoln\u00edkem. Gyrfalcon je jeho prvn\u00edm velk\u00fdm projektem o dravc\u00edch.<\/p>\n<p><strong>Piers Cavendish<\/strong> se narodil v Kanad\u011b v roce 1956. Vystudoval fotografii na polytechnice v centr\u00e1ln\u00edm Lond\u00fdn\u011b a z\u00edskal titul BA Hons. Fotografii nastoupil profesion\u00e1ln\u011b v roce 1979, specializuje se na zpravodajstv\u00ed a publicistiku v Latinsk\u00e9 Americe, Africe a ned\u00e1vno v jihov\u00fdchodn\u00ed Asii. Jeho schopnost a rychlost s dlouh\u00fdmi \u010do\u010dkami mu pomohla, kdy\u017e obr\u00e1til svou pozornost k fotografov\u00e1n\u00ed divok\u00e9 zv\u011b\u0159e. Stejn\u011b jako rozs\u00e1hl\u00e9 studie peregrine, jeho voln\u011b \u017eij\u00edc\u00edch \u017eivo\u010dich\u016f subjekty se pohybovaly od divok\u00fdch kon\u00ed a p\u00e1sovc\u016f na alig\u00e1tory a velk\u00e1 hra.<\/p>\n","protected":false},"excerpt":{"rendered":"<p>Toto je prvn\u00ed celobarevn\u00e1 studie v\u011bnovan\u00e1 druhu. To bylo n\u00e1dhern\u011b vyroben\u00e9 a bohat\u011b ilustrovan\u00e9 s nejlep\u0161\u00edmi historick\u00fdmi obrazy a n\u00e1\u010drty Gyr, vynikaj\u00edc\u00ed fotografie, a speci\u00e1ln\u011b pov\u011b\u0159en\u00e9 obrazy slavn\u00fdch britsk\u00fdch dravc\u016f um\u011blc\u016f Anthony Rhodes a Andrew Ellis.<\/p>\n<p>Kniha se nyn\u00ed stala sb\u011bratelsk\u00fdm objemem a v\u00fdznamn\u00fdm dopl\u0148kem ka\u017ed\u00e9 falconerovy knihovny, kter\u00e1 se bude znovu a znovu t\u011b\u0161it.<\/p>\n<div class=\"read-more\"><a href=\"https:\/\/marshallradio.com\/eu\/product\/kniha-gyrfalcon-by-emma-ford\/?lang=cs\">Read more <span class=\"screen-reader-text\">&#8220;Gyrfalcon&#8221; od Emmy Fordov\u00e9<\/span><span class=\"meta-nav\"> &#8250;<\/span><\/a><\/div>\n<p><!-- end of .read-more --><\/p>\n","protected":false},"featured_media":31394,"template":"","meta":{"_acf_changed":false},"product_brand":[],"product_cat":[59],"product_tag":[],"class_list":{"0":"post-34532","1":"product","2":"type-product","3":"status-publish","4":"has-post-thumbnail","6":"product_cat-worldwide-accessories-excluding-gulf","8":"first","9":"instock","10":"taxable","11":"shipping-taxable","12":"purchasable","13":"product-type-simple"},"acf":[],"_links":{"self":[{"href":"https:\/\/marshallradio.com\/eu\/wp-json\/wp\/v2\/product\/34532","targetHints":{"allow":["GET"]}}],"collection":[{"href":"https:\/\/marshallradio.com\/eu\/wp-json\/wp\/v2\/product"}],"about":[{"href":"https:\/\/marshallradio.com\/eu\/wp-json\/wp\/v2\/types\/product"}],"wp:featuredmedia":[{"embeddable":true,"href":"https:\/\/marshallradio.com\/eu\/wp-json\/wp\/v2\/media\/31394"}],"wp:attachment":[{"href":"https:\/\/marshallradio.com\/eu\/wp-json\/wp\/v2\/media?parent=34532"}],"wp:term":[{"taxonomy":"product_brand","embeddable":true,"href":"https:\/\/marshallradio.com\/eu\/wp-json\/wp\/v2\/product_brand?post=34532"},{"taxonomy":"product_cat","embeddable":true,"href":"https:\/\/marshallradio.com\/eu\/wp-json\/wp\/v2\/product_cat?post=34532"},{"taxonomy":"product_tag","embeddable":true,"href":"https:\/\/marshallradio.com\/eu\/wp-json\/wp\/v2\/product_tag?post=34532"}],"curies":[{"name":"wp","href":"https:\/\/api.w.org\/{rel}","templated":true}]}}