
{"id":34537,"date":"2018-06-25T18:42:44","date_gmt":"2019-07-11T16:06:44","guid":{"rendered":"http:\/\/marshallradio.com\/eu\/product\/objemove-ceny-baterii\/"},"modified":"2023-03-14T18:04:27","modified_gmt":"2023-03-14T18:04:27","slug":"objem-ceny-na-baterie","status":"publish","type":"product","link":"https:\/\/marshallradio.com\/eu\/product\/objem-ceny-na-baterie\/?lang=cs","title":{"rendered":"Objemov\u00e9 ceny bateri\u00ed"},"content":{"rendered":"","protected":false},"excerpt":{"rendered":"<p>N\u00ed\u017ee uveden\u00e9 velkoobchodn\u00ed ceny jsou d\u00e1ny objemy, ve kter\u00fdch nakupujeme baterie pro vlastn\u00ed testov\u00e1n\u00ed \/ vypalov\u00e1n\u00ed ka\u017ed\u00e9ho vys\u00edla\u010de a prodeje po cel\u00e9m sv\u011bt\u011b. Doba pou\u017eitelnosti lithiov\u00fdch bateri\u00ed: 5-7 let, tak\u017ee je moudr\u00e9 skladovat.<\/p>\n<div class=\"read-more\"><a href=\"https:\/\/marshallradio.com\/eu\/product\/objem-ceny-na-baterie\/?lang=cs\">Read more <span class=\"screen-reader-text\">Objemov\u00e9 ceny bateri\u00ed<\/span><span class=\"meta-nav\"> &#8250;<\/span><\/a><\/div>\n<p><!-- end of .read-more --><\/p>\n","protected":false},"featured_media":44414,"template":"","meta":{"_acf_changed":false},"product_brand":[],"product_cat":[59],"product_tag":[],"class_list":{"0":"post-34537","1":"product","2":"type-product","3":"status-publish","4":"has-post-thumbnail","6":"product_cat-worldwide-accessories-excluding-gulf","8":"first","9":"instock","10":"taxable","11":"shipping-taxable","12":"purchasable","13":"product-type-variable"},"acf":[],"_links":{"self":[{"href":"https:\/\/marshallradio.com\/eu\/wp-json\/wp\/v2\/product\/34537","targetHints":{"allow":["GET"]}}],"collection":[{"href":"https:\/\/marshallradio.com\/eu\/wp-json\/wp\/v2\/product"}],"about":[{"href":"https:\/\/marshallradio.com\/eu\/wp-json\/wp\/v2\/types\/product"}],"wp:featuredmedia":[{"embeddable":true,"href":"https:\/\/marshallradio.com\/eu\/wp-json\/wp\/v2\/media\/44414"}],"wp:attachment":[{"href":"https:\/\/marshallradio.com\/eu\/wp-json\/wp\/v2\/media?parent=34537"}],"wp:term":[{"taxonomy":"product_brand","embeddable":true,"href":"https:\/\/marshallradio.com\/eu\/wp-json\/wp\/v2\/product_brand?post=34537"},{"taxonomy":"product_cat","embeddable":true,"href":"https:\/\/marshallradio.com\/eu\/wp-json\/wp\/v2\/product_cat?post=34537"},{"taxonomy":"product_tag","embeddable":true,"href":"https:\/\/marshallradio.com\/eu\/wp-json\/wp\/v2\/product_tag?post=34537"}],"curies":[{"name":"wp","href":"https:\/\/api.w.org\/{rel}","templated":true}]}}