
{"id":34575,"date":"2018-06-25T18:42:44","date_gmt":"2019-07-11T16:14:15","guid":{"rendered":"http:\/\/marshallradio.com\/eu\/product\/precios-por-volumen-de-baterias\/"},"modified":"2023-03-14T18:09:33","modified_gmt":"2023-03-14T18:09:33","slug":"volumen-precios-en-baterias","status":"publish","type":"product","link":"https:\/\/marshallradio.com\/eu\/product\/volumen-precios-en-baterias\/?lang=es","title":{"rendered":"Precios por volumen de bater\u00edas"},"content":{"rendered":"","protected":false},"excerpt":{"rendered":"<p>Los precios al por mayor que se muestran a continuaci\u00f3n se deben a los vol\u00famenes en los que compramos bater\u00edas tanto para las pruebas internas como para comprobar cada transmisor y las ventas en todo el mundo. Per\u00edodo de validez de las bater\u00edas de litio: 5-7 a\u00f1os, por lo que es aconsejable comprar en cantidad.<\/p>\n<div class=\"read-more\"><a href=\"https:\/\/marshallradio.com\/eu\/product\/volumen-precios-en-baterias\/?lang=es\">Read more <span class=\"screen-reader-text\">Precios por volumen de bater\u00edas<\/span><span class=\"meta-nav\"> &#8250;<\/span><\/a><\/div>\n<p><!-- end of .read-more --><\/p>\n","protected":false},"featured_media":44419,"template":"","meta":{"_acf_changed":false},"product_brand":[],"product_cat":[64],"product_tag":[],"class_list":{"0":"post-34575","1":"product","2":"type-product","3":"status-publish","4":"has-post-thumbnail","6":"product_cat-worldwide-accessories-excluding-gulf-es","8":"first","9":"instock","10":"taxable","11":"shipping-taxable","12":"purchasable","13":"product-type-variable"},"acf":[],"_links":{"self":[{"href":"https:\/\/marshallradio.com\/eu\/wp-json\/wp\/v2\/product\/34575","targetHints":{"allow":["GET"]}}],"collection":[{"href":"https:\/\/marshallradio.com\/eu\/wp-json\/wp\/v2\/product"}],"about":[{"href":"https:\/\/marshallradio.com\/eu\/wp-json\/wp\/v2\/types\/product"}],"wp:featuredmedia":[{"embeddable":true,"href":"https:\/\/marshallradio.com\/eu\/wp-json\/wp\/v2\/media\/44419"}],"wp:attachment":[{"href":"https:\/\/marshallradio.com\/eu\/wp-json\/wp\/v2\/media?parent=34575"}],"wp:term":[{"taxonomy":"product_brand","embeddable":true,"href":"https:\/\/marshallradio.com\/eu\/wp-json\/wp\/v2\/product_brand?post=34575"},{"taxonomy":"product_cat","embeddable":true,"href":"https:\/\/marshallradio.com\/eu\/wp-json\/wp\/v2\/product_cat?post=34575"},{"taxonomy":"product_tag","embeddable":true,"href":"https:\/\/marshallradio.com\/eu\/wp-json\/wp\/v2\/product_tag?post=34575"}],"curies":[{"name":"wp","href":"https:\/\/api.w.org\/{rel}","templated":true}]}}