
{"id":34696,"date":"2018-06-25T16:22:21","date_gmt":"2019-07-11T16:47:17","guid":{"rendered":"http:\/\/marshallradio.com\/eu\/product\/couvercles-de-remplacement-pour-emetteurs\/"},"modified":"2024-07-18T22:23:02","modified_gmt":"2024-07-18T22:23:02","slug":"couvercles-de-remplacement-pour-emetteurs","status":"publish","type":"product","link":"https:\/\/marshallradio.com\/eu\/product\/couvercles-de-remplacement-pour-emetteurs\/?lang=fr","title":{"rendered":"Couvercles de remplacement pour \u00e9metteurs"},"content":{"rendered":"","protected":false},"excerpt":{"rendered":"<p>&nbsp;<\/p>\n<p>Bien que con\u00e7u pour durer \u00e9ternellement, vous constaterez parfois que vous avez besoin d\u2019un couvercle de remplacement pour votre \u00e9metteur.<\/p>\n<p>&nbsp;<\/p>\n<p><strong>L&#8217;option EZ Twist<\/strong><\/p>\n<p>Le moyen le plus simple et le plus rapide d\u2019installer un \u00e9metteur mont\u00e9 sur patte ou de le d\u00e9placer entre plusieurs oiseaux. Installation simple d&#8217;une main de votre \u00e9metteur avant vol, avec quelques tours, l&#8217;\u00e9metteur est s\u00e9curis\u00e9 en place sur la jambe. L&#8217;achat comprend un r\u00e9cipient. Disponible maintenant pour RT-GPS, ainsi que pour tous les \u00e9metteurs Marshall 1 \/ 3N aliment\u00e9s par batterie, y compris les mod\u00e8les RT Standard, RT UHF et RT Plus (2005+)<\/p>\n<div class=\"read-more\"><a href=\"https:\/\/marshallradio.com\/eu\/product\/couvercles-de-remplacement-pour-emetteurs\/?lang=fr\">Read more <span class=\"screen-reader-text\">Couvercles de remplacement pour \u00e9metteurs<\/span><span class=\"meta-nav\"> &#8250;<\/span><\/a><\/div>\n<p><!-- end of .read-more --><\/p>\n","protected":false},"featured_media":44580,"template":"","meta":{"_acf_changed":false},"product_brand":[],"product_cat":[61],"product_tag":[],"class_list":{"0":"post-34696","1":"product","2":"type-product","3":"status-publish","4":"has-post-thumbnail","6":"product_cat-worldwide-accessories-excluding-gulf-fr","8":"first","9":"instock","10":"taxable","11":"shipping-taxable","12":"purchasable","13":"product-type-variable"},"acf":[],"_links":{"self":[{"href":"https:\/\/marshallradio.com\/eu\/wp-json\/wp\/v2\/product\/34696","targetHints":{"allow":["GET"]}}],"collection":[{"href":"https:\/\/marshallradio.com\/eu\/wp-json\/wp\/v2\/product"}],"about":[{"href":"https:\/\/marshallradio.com\/eu\/wp-json\/wp\/v2\/types\/product"}],"wp:featuredmedia":[{"embeddable":true,"href":"https:\/\/marshallradio.com\/eu\/wp-json\/wp\/v2\/media\/44580"}],"wp:attachment":[{"href":"https:\/\/marshallradio.com\/eu\/wp-json\/wp\/v2\/media?parent=34696"}],"wp:term":[{"taxonomy":"product_brand","embeddable":true,"href":"https:\/\/marshallradio.com\/eu\/wp-json\/wp\/v2\/product_brand?post=34696"},{"taxonomy":"product_cat","embeddable":true,"href":"https:\/\/marshallradio.com\/eu\/wp-json\/wp\/v2\/product_cat?post=34696"},{"taxonomy":"product_tag","embeddable":true,"href":"https:\/\/marshallradio.com\/eu\/wp-json\/wp\/v2\/product_tag?post=34696"}],"curies":[{"name":"wp","href":"https:\/\/api.w.org\/{rel}","templated":true}]}}