
{"id":34827,"date":"2018-06-25T16:03:47","date_gmt":"2019-07-11T17:09:33","guid":{"rendered":"http:\/\/marshallradio.com\/eu\/product\/nahradni-antena\/"},"modified":"2024-07-18T22:17:52","modified_gmt":"2024-07-18T22:17:52","slug":"antena","status":"publish","type":"product","link":"https:\/\/marshallradio.com\/eu\/product\/antena\/?lang=cs","title":{"rendered":"N\u00e1hradn\u00ed ant\u00e9na"},"content":{"rendered":"<p>Ve videu n\u00ed\u017ee jsou uvedeny pokyny pro v\u00fdm\u011bnu ant\u00e9ny na vys\u00edla\u010d\u00edch s tepeln\u00fdm smr\u0161t\u011bn\u00edm. Pokud m\u00e1 v\u00e1\u0161 vys\u00edla\u010d na sob\u011b ant\u00e9nn\u00ed chr\u00e1ni\u010d, nebudete ho muset smr\u0161\u0165ovat.<\/p>\n<p><iframe loading=\"lazy\" title=\"Replacing the antenna on a Transmitter\" src=\"https:\/\/player.vimeo.com\/video\/10494003?dnt=1&#038;app_id=122963\" width=\"640\" height=\"424\" frameborder=\"0\" allow=\"autoplay; fullscreen\" allowfullscreen><\/iframe><\/p>\n","protected":false},"excerpt":{"rendered":"<p>Rovn\u00e1 ant\u00e9na je d\u016fle\u017eit\u00e1 pro proces tvorby siln\u00e9ho sign\u00e1lu. Pokud jsou va\u0161e ant\u00e9ny zalomen\u00e9, zkroucen\u00e9 a naposledy se narovnaly, m\u016f\u017eete zv\u00e1\u017eit z\u00edsk\u00e1n\u00ed nov\u00e9ho, abyste udr\u017eeli \u0161pi\u010dkov\u00fd v\u00fdkon. Pole vym\u011bniteln\u00e9 ant\u00e9ny \u0161roub p\u0159\u00edmo na ant\u00e9nu vys\u00edla\u010de ant\u00e9ny.<\/p>\n<p>K dispozici v pravideln\u00fdch nebo t\u011b\u017ek\u00fdch rozchodech.<\/p>\n<p>Specifikujte v pozn\u00e1mk\u00e1ch pro Heavy and Eagle ant\u00e9ny jak\u00fd vys\u00edla\u010d zakoup\u00edte.<\/p>\n<div class=\"read-more\"><a href=\"https:\/\/marshallradio.com\/eu\/product\/antena\/?lang=cs\">Read more <span class=\"screen-reader-text\">N\u00e1hradn\u00ed ant\u00e9na<\/span><span class=\"meta-nav\"> &#8250;<\/span><\/a><\/div>\n<p><!-- end of .read-more --><\/p>\n","protected":false},"featured_media":44178,"template":"","meta":{"_acf_changed":false},"product_brand":[],"product_cat":[59],"product_tag":[],"class_list":{"0":"post-34827","1":"product","2":"type-product","3":"status-publish","4":"has-post-thumbnail","6":"product_cat-worldwide-accessories-excluding-gulf","8":"first","9":"instock","10":"taxable","11":"shipping-taxable","12":"purchasable","13":"product-type-variable"},"acf":[],"_links":{"self":[{"href":"https:\/\/marshallradio.com\/eu\/wp-json\/wp\/v2\/product\/34827","targetHints":{"allow":["GET"]}}],"collection":[{"href":"https:\/\/marshallradio.com\/eu\/wp-json\/wp\/v2\/product"}],"about":[{"href":"https:\/\/marshallradio.com\/eu\/wp-json\/wp\/v2\/types\/product"}],"wp:featuredmedia":[{"embeddable":true,"href":"https:\/\/marshallradio.com\/eu\/wp-json\/wp\/v2\/media\/44178"}],"wp:attachment":[{"href":"https:\/\/marshallradio.com\/eu\/wp-json\/wp\/v2\/media?parent=34827"}],"wp:term":[{"taxonomy":"product_brand","embeddable":true,"href":"https:\/\/marshallradio.com\/eu\/wp-json\/wp\/v2\/product_brand?post=34827"},{"taxonomy":"product_cat","embeddable":true,"href":"https:\/\/marshallradio.com\/eu\/wp-json\/wp\/v2\/product_cat?post=34827"},{"taxonomy":"product_tag","embeddable":true,"href":"https:\/\/marshallradio.com\/eu\/wp-json\/wp\/v2\/product_tag?post=34827"}],"curies":[{"name":"wp","href":"https:\/\/api.w.org\/{rel}","templated":true}]}}