
{"id":34857,"date":"2018-06-25T16:03:47","date_gmt":"2019-07-11T17:17:03","guid":{"rendered":"http:\/\/marshallradio.com\/eu\/product\/antenne-de-rechange\/"},"modified":"2024-07-18T22:18:21","modified_gmt":"2024-07-18T22:18:21","slug":"antenne-de-rechange","status":"publish","type":"product","link":"https:\/\/marshallradio.com\/eu\/product\/antenne-de-rechange\/?lang=fr","title":{"rendered":"Antenne de rechange"},"content":{"rendered":"<p>Dans la vid\u00e9o ci-dessous, vous trouverez des instructions pour remplacer une antenne sur des \u00e9metteurs thermor\u00e9tractables. Si votre \u00e9metteur est \u00e9quip\u00e9 d&#8217;un protecteur d&#8217;antenne, vous n&#8217;avez pas besoin d&#8217;appliquer de r\u00e9tr\u00e9cissement thermique.<\/p>\n<p><iframe loading=\"lazy\" title=\"Replacing the antenna on a Transmitter\" src=\"https:\/\/player.vimeo.com\/video\/10494003?dnt=1&#038;app_id=122963\" width=\"640\" height=\"424\" frameborder=\"0\" allow=\"autoplay; fullscreen\" allowfullscreen><\/iframe><\/p>\n","protected":false},"excerpt":{"rendered":"<p>Une antenne droite est importante pour produire un signal puissant. Si vos antennes sont pli\u00e9es, recourb\u00e9es et redress\u00e9es pour la derni\u00e8re fois, vous pouvez en acheter une nouvelle pour maintenir des performances optimales. Les antennes rempla\u00e7ables sur site se vissent directement sur le plot d&#8217;antenne de l&#8217;\u00e9metteur.<\/p>\n<p>Disponible en calibre r\u00e9gulier ou \u00e9pais.<\/p>\n<p>Sp\u00e9cifiez dans les notes pour les antennes Heavy et Eagle l\u2019\u00e9metteur que vous achetez.<\/p>\n<div class=\"read-more\"><a href=\"https:\/\/marshallradio.com\/eu\/product\/antenne-de-rechange\/?lang=fr\">Read more <span class=\"screen-reader-text\">Antenne de rechange<\/span><span class=\"meta-nav\"> &#8250;<\/span><\/a><\/div>\n<p><!-- end of .read-more --><\/p>\n","protected":false},"featured_media":44180,"template":"","meta":{"_acf_changed":false},"product_brand":[],"product_cat":[61],"product_tag":[],"class_list":{"0":"post-34857","1":"product","2":"type-product","3":"status-publish","4":"has-post-thumbnail","6":"product_cat-worldwide-accessories-excluding-gulf-fr","8":"first","9":"instock","10":"taxable","11":"shipping-taxable","12":"purchasable","13":"product-type-variable"},"acf":[],"_links":{"self":[{"href":"https:\/\/marshallradio.com\/eu\/wp-json\/wp\/v2\/product\/34857","targetHints":{"allow":["GET"]}}],"collection":[{"href":"https:\/\/marshallradio.com\/eu\/wp-json\/wp\/v2\/product"}],"about":[{"href":"https:\/\/marshallradio.com\/eu\/wp-json\/wp\/v2\/types\/product"}],"wp:featuredmedia":[{"embeddable":true,"href":"https:\/\/marshallradio.com\/eu\/wp-json\/wp\/v2\/media\/44180"}],"wp:attachment":[{"href":"https:\/\/marshallradio.com\/eu\/wp-json\/wp\/v2\/media?parent=34857"}],"wp:term":[{"taxonomy":"product_brand","embeddable":true,"href":"https:\/\/marshallradio.com\/eu\/wp-json\/wp\/v2\/product_brand?post=34857"},{"taxonomy":"product_cat","embeddable":true,"href":"https:\/\/marshallradio.com\/eu\/wp-json\/wp\/v2\/product_cat?post=34857"},{"taxonomy":"product_tag","embeddable":true,"href":"https:\/\/marshallradio.com\/eu\/wp-json\/wp\/v2\/product_tag?post=34857"}],"curies":[{"name":"wp","href":"https:\/\/api.w.org\/{rel}","templated":true}]}}