
{"id":34904,"date":"2018-06-25T15:53:32","date_gmt":"2019-07-11T17:51:10","guid":{"rendered":"http:\/\/marshallradio.com\/eu\/product\/adapter-pro-zapalovac-cigaret\/"},"modified":"2021-04-27T16:19:06","modified_gmt":"2021-04-27T16:19:06","slug":"adapter-zapalovace-cigaret","status":"publish","type":"product","link":"https:\/\/marshallradio.com\/eu\/product\/adapter-zapalovace-cigaret\/?lang=cs","title":{"rendered":"Adapt\u00e9r pro zapalova\u010d cigaret"},"content":{"rendered":"","protected":false},"excerpt":{"rendered":"<p>Tento mal\u00fd dopln\u011bk se vlo\u017e\u00ed do jak\u00e9koli automobilov\u00e9 z\u00e1str\u010dky a spust\u00ed p\u0159ij\u00edma\u010d p\u0159i vynech\u00e1n\u00ed (ulo\u017een\u00ed) intern\u00edch bateri\u00ed. D\u016fle\u017eit\u00e1 polo\u017eka, kdy\u017e na roz\u0161\u00ed\u0159en\u00e9 honi\u010dky v aut\u011b s p\u0159ij\u00edma\u010dem zahnut\u00fd do OMNI.<\/p>\n<div class=\"read-more\"><a href=\"https:\/\/marshallradio.com\/eu\/product\/adapter-zapalovace-cigaret\/?lang=cs\">Read more <span class=\"screen-reader-text\">Adapt\u00e9r pro zapalova\u010d cigaret<\/span><span class=\"meta-nav\"> &#8250;<\/span><\/a><\/div>\n<p><!-- end of .read-more --><\/p>\n","protected":false},"featured_media":44323,"template":"","meta":{"_acf_changed":false},"product_brand":[],"product_cat":[59],"product_tag":[],"class_list":{"0":"post-34904","1":"product","2":"type-product","3":"status-publish","4":"has-post-thumbnail","6":"product_cat-worldwide-accessories-excluding-gulf","8":"first","9":"instock","10":"taxable","11":"shipping-taxable","12":"purchasable","13":"product-type-simple"},"acf":[],"_links":{"self":[{"href":"https:\/\/marshallradio.com\/eu\/wp-json\/wp\/v2\/product\/34904","targetHints":{"allow":["GET"]}}],"collection":[{"href":"https:\/\/marshallradio.com\/eu\/wp-json\/wp\/v2\/product"}],"about":[{"href":"https:\/\/marshallradio.com\/eu\/wp-json\/wp\/v2\/types\/product"}],"wp:featuredmedia":[{"embeddable":true,"href":"https:\/\/marshallradio.com\/eu\/wp-json\/wp\/v2\/media\/44323"}],"wp:attachment":[{"href":"https:\/\/marshallradio.com\/eu\/wp-json\/wp\/v2\/media?parent=34904"}],"wp:term":[{"taxonomy":"product_brand","embeddable":true,"href":"https:\/\/marshallradio.com\/eu\/wp-json\/wp\/v2\/product_brand?post=34904"},{"taxonomy":"product_cat","embeddable":true,"href":"https:\/\/marshallradio.com\/eu\/wp-json\/wp\/v2\/product_cat?post=34904"},{"taxonomy":"product_tag","embeddable":true,"href":"https:\/\/marshallradio.com\/eu\/wp-json\/wp\/v2\/product_tag?post=34904"}],"curies":[{"name":"wp","href":"https:\/\/api.w.org\/{rel}","templated":true}]}}