
{"id":34909,"date":"2018-06-25T15:53:32","date_gmt":"2019-07-11T17:54:20","guid":{"rendered":"http:\/\/marshallradio.com\/eu\/product\/adaptador-de-encendedor-de-cigarrillos\/"},"modified":"2021-04-27T16:20:16","modified_gmt":"2021-04-27T16:20:16","slug":"adaptador-de-encendedor-de-cigarrillos","status":"publish","type":"product","link":"https:\/\/marshallradio.com\/eu\/product\/adaptador-de-encendedor-de-cigarrillos\/?lang=es","title":{"rendered":"Adaptador a corriente de coche"},"content":{"rendered":"","protected":false},"excerpt":{"rendered":"<p>Este peque\u00f1o accesorio se inserta en cualquier enchufe de autom\u00f3vil y ejecuta el receptor mientras pasa por alto (guarda) las bater\u00edas internas. Un elemento importante cuando se realizan persecuciones prolongadas en el autom\u00f3vil con el receptor conectado a la antena OMNI.<\/p>\n<div class=\"read-more\"><a href=\"https:\/\/marshallradio.com\/eu\/product\/adaptador-de-encendedor-de-cigarrillos\/?lang=es\">Read more <span class=\"screen-reader-text\">Adaptador a corriente de coche<\/span><span class=\"meta-nav\"> &#8250;<\/span><\/a><\/div>\n<p><!-- end of .read-more --><\/p>\n","protected":false},"featured_media":44328,"template":"","meta":{"_acf_changed":false},"product_brand":[],"product_cat":[64],"product_tag":[],"class_list":{"0":"post-34909","1":"product","2":"type-product","3":"status-publish","4":"has-post-thumbnail","6":"product_cat-worldwide-accessories-excluding-gulf-es","8":"first","9":"instock","10":"taxable","11":"shipping-taxable","12":"purchasable","13":"product-type-simple"},"acf":[],"_links":{"self":[{"href":"https:\/\/marshallradio.com\/eu\/wp-json\/wp\/v2\/product\/34909","targetHints":{"allow":["GET"]}}],"collection":[{"href":"https:\/\/marshallradio.com\/eu\/wp-json\/wp\/v2\/product"}],"about":[{"href":"https:\/\/marshallradio.com\/eu\/wp-json\/wp\/v2\/types\/product"}],"wp:featuredmedia":[{"embeddable":true,"href":"https:\/\/marshallradio.com\/eu\/wp-json\/wp\/v2\/media\/44328"}],"wp:attachment":[{"href":"https:\/\/marshallradio.com\/eu\/wp-json\/wp\/v2\/media?parent=34909"}],"wp:term":[{"taxonomy":"product_brand","embeddable":true,"href":"https:\/\/marshallradio.com\/eu\/wp-json\/wp\/v2\/product_brand?post=34909"},{"taxonomy":"product_cat","embeddable":true,"href":"https:\/\/marshallradio.com\/eu\/wp-json\/wp\/v2\/product_cat?post=34909"},{"taxonomy":"product_tag","embeddable":true,"href":"https:\/\/marshallradio.com\/eu\/wp-json\/wp\/v2\/product_tag?post=34909"}],"curies":[{"name":"wp","href":"https:\/\/api.w.org\/{rel}","templated":true}]}}