
{"id":34910,"date":"2018-06-25T15:36:07","date_gmt":"2019-07-11T17:56:29","guid":{"rendered":"http:\/\/marshallradio.com\/eu\/product\/uhf-vsesmerova-antena\/"},"modified":"2023-03-15T17:08:53","modified_gmt":"2023-03-15T17:08:53","slug":"vsesmerova-antena","status":"publish","type":"product","link":"https:\/\/marshallradio.com\/eu\/product\/vsesmerova-antena\/?lang=cs","title":{"rendered":"UHF v\u0161esm\u011brov\u00e1 ant\u00e9na"},"content":{"rendered":"<p><iframe loading=\"lazy\" title=\"Omni and Yagi connections\" width=\"750\" height=\"422\" src=\"https:\/\/www.youtube.com\/embed\/_H2id2LEC9c?feature=oembed\" frameborder=\"0\" allow=\"accelerometer; autoplay; encrypted-media; gyroscope; picture-in-picture\" allowfullscreen><\/iframe><\/p>\n","protected":false},"excerpt":{"rendered":"<p>Falconers pou\u017e\u00edvali OMNI je na mnoho let zjistit bl\u00edzkost od uvnit\u0159 jedouc\u00edho auta jak oni pokryj\u00ed oblast sledovat jejich pt\u00e1ky. Tento model je kvalitn\u011bj\u0161\u00ed (o n\u011bco vy\u0161\u0161\u00ed zisk) verze zn\u00e1m\u00e9ho designu. Dod\u00e1v\u00e1 se s koaxi\u00e1ln\u00edm kabelem 10 stop a konektorem SMB pro pou\u017eit\u00ed s \u200b\u200bp\u0159ij\u00edma\u010dem Field Marshall.<\/p>\n<p>&nbsp;<\/p>\n<p>* Omni ant\u00e9na naho\u0159e na obr\u00e1zku ve fotografii<\/p>\n<div class=\"read-more\"><a href=\"https:\/\/marshallradio.com\/eu\/product\/vsesmerova-antena\/?lang=cs\">Read more <span class=\"screen-reader-text\">UHF v\u0161esm\u011brov\u00e1 ant\u00e9na<\/span><span class=\"meta-nav\"> &#8250;<\/span><\/a><\/div>\n<p><!-- end of .read-more --><\/p>\n","protected":false},"featured_media":44066,"template":"","meta":{"_acf_changed":false},"product_brand":[],"product_cat":[59,72],"product_tag":[],"class_list":{"0":"post-34910","1":"product","2":"type-product","3":"status-publish","4":"has-post-thumbnail","6":"product_cat-worldwide-accessories-excluding-gulf","7":"product_cat-system-gps","9":"first","10":"instock","11":"taxable","12":"shipping-taxable","13":"purchasable","14":"product-type-simple"},"acf":[],"_links":{"self":[{"href":"https:\/\/marshallradio.com\/eu\/wp-json\/wp\/v2\/product\/34910","targetHints":{"allow":["GET"]}}],"collection":[{"href":"https:\/\/marshallradio.com\/eu\/wp-json\/wp\/v2\/product"}],"about":[{"href":"https:\/\/marshallradio.com\/eu\/wp-json\/wp\/v2\/types\/product"}],"wp:featuredmedia":[{"embeddable":true,"href":"https:\/\/marshallradio.com\/eu\/wp-json\/wp\/v2\/media\/44066"}],"wp:attachment":[{"href":"https:\/\/marshallradio.com\/eu\/wp-json\/wp\/v2\/media?parent=34910"}],"wp:term":[{"taxonomy":"product_brand","embeddable":true,"href":"https:\/\/marshallradio.com\/eu\/wp-json\/wp\/v2\/product_brand?post=34910"},{"taxonomy":"product_cat","embeddable":true,"href":"https:\/\/marshallradio.com\/eu\/wp-json\/wp\/v2\/product_cat?post=34910"},{"taxonomy":"product_tag","embeddable":true,"href":"https:\/\/marshallradio.com\/eu\/wp-json\/wp\/v2\/product_tag?post=34910"}],"curies":[{"name":"wp","href":"https:\/\/api.w.org\/{rel}","templated":true}]}}