
{"id":34912,"date":"2018-06-25T15:36:07","date_gmt":"2019-07-11T17:59:56","guid":{"rendered":"http:\/\/marshallradio.com\/eu\/product\/antenne-uhf-omnidirectionnelle\/"},"modified":"2023-03-15T17:09:19","modified_gmt":"2023-03-15T17:09:19","slug":"antenne-omnidirectionnelle","status":"publish","type":"product","link":"https:\/\/marshallradio.com\/eu\/product\/antenne-omnidirectionnelle\/?lang=fr","title":{"rendered":"Antenne UHF Omnidirectionnelle"},"content":{"rendered":"<p><iframe loading=\"lazy\" title=\"Omni and Yagi connections\" width=\"750\" height=\"422\" src=\"https:\/\/www.youtube.com\/embed\/_H2id2LEC9c?feature=oembed\" frameborder=\"0\" allow=\"accelerometer; autoplay; encrypted-media; gyroscope; picture-in-picture\" allowfullscreen><\/iframe><\/p>\n","protected":false},"excerpt":{"rendered":"<p>Les fauconniers ont utilis\u00e9 OMNI pendant de nombreuses ann\u00e9es pour d\u00e9terminer la proximit\u00e9 de l&#8217;int\u00e9rieur d&#8217;une voiture en mouvement alors qu&#8217;ils couvraient une zone surveillant leurs oiseaux. Ce mod\u00e8le est une version de meilleure qualit\u00e9 (l\u00e9g\u00e8rement plus de gain) du design bien connu. Fourni avec un c\u00e2ble coaxial de 10 pieds et un connecteur SMB \u00e0 utiliser avec votre r\u00e9cepteur Field Marshall.<\/p>\n<p>&nbsp;<\/p>\n<p>* Antenne Omni montr\u00e9e sur le v\u00e9hicule sur la photo<\/p>\n<div class=\"read-more\"><a href=\"https:\/\/marshallradio.com\/eu\/product\/antenne-omnidirectionnelle\/?lang=fr\">Read more <span class=\"screen-reader-text\">Antenne UHF Omnidirectionnelle<\/span><span class=\"meta-nav\"> &#8250;<\/span><\/a><\/div>\n<p><!-- end of .read-more --><\/p>\n","protected":false},"featured_media":44068,"template":"","meta":{"_acf_changed":false},"product_brand":[],"product_cat":[61,74],"product_tag":[],"class_list":{"0":"post-34912","1":"product","2":"type-product","3":"status-publish","4":"has-post-thumbnail","6":"product_cat-worldwide-accessories-excluding-gulf-fr","7":"product_cat-systeme-gps","9":"first","10":"instock","11":"taxable","12":"shipping-taxable","13":"purchasable","14":"product-type-simple"},"acf":[],"_links":{"self":[{"href":"https:\/\/marshallradio.com\/eu\/wp-json\/wp\/v2\/product\/34912","targetHints":{"allow":["GET"]}}],"collection":[{"href":"https:\/\/marshallradio.com\/eu\/wp-json\/wp\/v2\/product"}],"about":[{"href":"https:\/\/marshallradio.com\/eu\/wp-json\/wp\/v2\/types\/product"}],"wp:featuredmedia":[{"embeddable":true,"href":"https:\/\/marshallradio.com\/eu\/wp-json\/wp\/v2\/media\/44068"}],"wp:attachment":[{"href":"https:\/\/marshallradio.com\/eu\/wp-json\/wp\/v2\/media?parent=34912"}],"wp:term":[{"taxonomy":"product_brand","embeddable":true,"href":"https:\/\/marshallradio.com\/eu\/wp-json\/wp\/v2\/product_brand?post=34912"},{"taxonomy":"product_cat","embeddable":true,"href":"https:\/\/marshallradio.com\/eu\/wp-json\/wp\/v2\/product_cat?post=34912"},{"taxonomy":"product_tag","embeddable":true,"href":"https:\/\/marshallradio.com\/eu\/wp-json\/wp\/v2\/product_tag?post=34912"}],"curies":[{"name":"wp","href":"https:\/\/api.w.org\/{rel}","templated":true}]}}