
{"id":34913,"date":"2018-06-25T15:36:07","date_gmt":"2019-07-11T18:01:16","guid":{"rendered":"http:\/\/marshallradio.com\/eu\/product\/antenna-omnidirezionale-uhf\/"},"modified":"2023-03-15T17:09:40","modified_gmt":"2023-03-15T17:09:40","slug":"omnidirezionale-antenna","status":"publish","type":"product","link":"https:\/\/marshallradio.com\/eu\/product\/omnidirezionale-antenna\/?lang=it","title":{"rendered":"Antenna omnidirezionale UHF"},"content":{"rendered":"<p><iframe loading=\"lazy\" title=\"Omni and Yagi connections\" width=\"750\" height=\"422\" src=\"https:\/\/www.youtube.com\/embed\/_H2id2LEC9c?feature=oembed\" frameborder=\"0\" allow=\"accelerometer; autoplay; encrypted-media; gyroscope; picture-in-picture\" allowfullscreen><\/iframe><\/p>\n","protected":false},"excerpt":{"rendered":"<p>I falconieri hanno usato OMNI per molti anni per determinare la vicinanza da un&#8217;auto in movimento mentre coprono un&#8217;area che tiene traccia dei loro uccelli. Questo modello \u00e8 una versione di qualit\u00e0 pi\u00f9 elevata (leggermente pi\u00f9 guadagno) del famoso design. Viene fornito con cavo coassiale da 10 piedi e connettore SMB da utilizzare con il ricevitore Field Marshall.<\/p>\n<p>&nbsp;<\/p>\n<p>* Antenna Omni mostrata sulla parte superiore del veicolo nella foto<\/p>\n<div class=\"read-more\"><a href=\"https:\/\/marshallradio.com\/eu\/product\/omnidirezionale-antenna\/?lang=it\">Read more <span class=\"screen-reader-text\">Antenna omnidirezionale UHF<\/span><span class=\"meta-nav\"> &#8250;<\/span><\/a><\/div>\n<p><!-- end of .read-more --><\/p>\n","protected":false},"featured_media":44070,"template":"","meta":{"_acf_changed":false},"product_brand":[],"product_cat":[63,76],"product_tag":[],"class_list":{"0":"post-34913","1":"product","2":"type-product","3":"status-publish","4":"has-post-thumbnail","6":"product_cat-worldwide-accessories-excluding-gulf-it","7":"product_cat-sistema-gps","9":"first","10":"instock","11":"taxable","12":"shipping-taxable","13":"purchasable","14":"product-type-simple"},"acf":[],"_links":{"self":[{"href":"https:\/\/marshallradio.com\/eu\/wp-json\/wp\/v2\/product\/34913","targetHints":{"allow":["GET"]}}],"collection":[{"href":"https:\/\/marshallradio.com\/eu\/wp-json\/wp\/v2\/product"}],"about":[{"href":"https:\/\/marshallradio.com\/eu\/wp-json\/wp\/v2\/types\/product"}],"wp:featuredmedia":[{"embeddable":true,"href":"https:\/\/marshallradio.com\/eu\/wp-json\/wp\/v2\/media\/44070"}],"wp:attachment":[{"href":"https:\/\/marshallradio.com\/eu\/wp-json\/wp\/v2\/media?parent=34913"}],"wp:term":[{"taxonomy":"product_brand","embeddable":true,"href":"https:\/\/marshallradio.com\/eu\/wp-json\/wp\/v2\/product_brand?post=34913"},{"taxonomy":"product_cat","embeddable":true,"href":"https:\/\/marshallradio.com\/eu\/wp-json\/wp\/v2\/product_cat?post=34913"},{"taxonomy":"product_tag","embeddable":true,"href":"https:\/\/marshallradio.com\/eu\/wp-json\/wp\/v2\/product_tag?post=34913"}],"curies":[{"name":"wp","href":"https:\/\/api.w.org\/{rel}","templated":true}]}}