
{"id":34914,"date":"2018-06-25T15:36:07","date_gmt":"2019-07-11T18:02:38","guid":{"rendered":"http:\/\/marshallradio.com\/eu\/product\/antena-direccional-omni-uhf\/"},"modified":"2023-03-15T17:09:50","modified_gmt":"2023-03-15T17:09:50","slug":"antena-omnidireccional","status":"publish","type":"product","link":"https:\/\/marshallradio.com\/eu\/product\/antena-omnidireccional\/?lang=es","title":{"rendered":"Antena direccional omni UHF"},"content":{"rendered":"<p><iframe loading=\"lazy\" title=\"Omni and Yagi connections\" width=\"750\" height=\"422\" src=\"https:\/\/www.youtube.com\/embed\/_H2id2LEC9c?feature=oembed\" frameborder=\"0\" allow=\"accelerometer; autoplay; encrypted-media; gyroscope; picture-in-picture\" allowfullscreen><\/iframe><\/p>\n","protected":false},"excerpt":{"rendered":"<p>Los halconeros han usado las antenas OMNI durante muchos a\u00f1os para determinar la proximidad desde el interior de un autom\u00f3vil en movimiento mientras cubren un gran \u00e1rea de seguimiento de sus aves. Este modelo es una versi\u00f3n de mayor calidad (un poco m\u00e1s de ganancia) del dise\u00f1o conocido. Viene con un cable coaxial de 3m y un conector SMB para usar con su receptor Field Marshall.<\/p>\n<p>&nbsp;<\/p>\n<p>* La antena Omni se muestra en la parte superior del veh\u00edculo en la foto<\/p>\n<div class=\"read-more\"><a href=\"https:\/\/marshallradio.com\/eu\/product\/antena-omnidireccional\/?lang=es\">Read more <span class=\"screen-reader-text\">Antena direccional omni UHF<\/span><span class=\"meta-nav\"> &#8250;<\/span><\/a><\/div>\n<p><!-- end of .read-more --><\/p>\n","protected":false},"featured_media":44071,"template":"","meta":{"_acf_changed":false},"product_brand":[],"product_cat":[64,77],"product_tag":[],"class_list":{"0":"post-34914","1":"product","2":"type-product","3":"status-publish","4":"has-post-thumbnail","6":"product_cat-worldwide-accessories-excluding-gulf-es","7":"product_cat-sistema-gps-es","9":"first","10":"instock","11":"taxable","12":"shipping-taxable","13":"purchasable","14":"product-type-simple"},"acf":[],"_links":{"self":[{"href":"https:\/\/marshallradio.com\/eu\/wp-json\/wp\/v2\/product\/34914","targetHints":{"allow":["GET"]}}],"collection":[{"href":"https:\/\/marshallradio.com\/eu\/wp-json\/wp\/v2\/product"}],"about":[{"href":"https:\/\/marshallradio.com\/eu\/wp-json\/wp\/v2\/types\/product"}],"wp:featuredmedia":[{"embeddable":true,"href":"https:\/\/marshallradio.com\/eu\/wp-json\/wp\/v2\/media\/44071"}],"wp:attachment":[{"href":"https:\/\/marshallradio.com\/eu\/wp-json\/wp\/v2\/media?parent=34914"}],"wp:term":[{"taxonomy":"product_brand","embeddable":true,"href":"https:\/\/marshallradio.com\/eu\/wp-json\/wp\/v2\/product_brand?post=34914"},{"taxonomy":"product_cat","embeddable":true,"href":"https:\/\/marshallradio.com\/eu\/wp-json\/wp\/v2\/product_cat?post=34914"},{"taxonomy":"product_tag","embeddable":true,"href":"https:\/\/marshallradio.com\/eu\/wp-json\/wp\/v2\/product_tag?post=34914"}],"curies":[{"name":"wp","href":"https:\/\/api.w.org\/{rel}","templated":true}]}}