
{"id":34915,"date":"2018-06-25T15:24:02","date_gmt":"2019-07-11T18:05:32","guid":{"rendered":"http:\/\/marshallradio.com\/eu\/product\/pouzdro-cordura-pole\/"},"modified":"2022-04-05T21:55:01","modified_gmt":"2022-04-05T21:55:01","slug":"cordura-pole-pouzdro","status":"publish","type":"product","link":"https:\/\/marshallradio.com\/eu\/product\/cordura-pole-pouzdro\/?lang=cs","title":{"rendered":"Pouzdro Cordura Pole"},"content":{"rendered":"","protected":false},"excerpt":{"rendered":"<p>Vlastn\u00ed design, aby pevn\u011b zapadl p\u0159ij\u00edma\u010d, tyto v\u0161echny nov\u00e9 pol\u0161t\u00e1\u0159e mohou b\u00fdt no\u0161eny p\u0159es rameno nebo kolem pasu. Vrchn\u00ed kryc\u00ed v\u00edko je konstrukce \u0161keble, kter\u00e1 pokr\u00fdv\u00e1 celou horn\u00ed \u010d\u00e1st a chr\u00e1n\u00ed p\u0159ij\u00edma\u010d ve \u0161patn\u00e9m po\u010das\u00ed. Nov\u00e9 \u0161ir\u0161\u00ed ramenn\u00ed popruhy se odtrhnou na obou konc\u00edch jednou rukou.<\/p>\n<p>K dispozici pro velikosti 216 a 433 MHz. Dostupn\u00e9 pouze pro rok 2007 a nov\u011bj\u0161\u00ed modely Field Marshall.<\/p>\n<div class=\"read-more\"><a href=\"https:\/\/marshallradio.com\/eu\/product\/cordura-pole-pouzdro\/?lang=cs\">Read more <span class=\"screen-reader-text\">Pouzdro Cordura Pole<\/span><span class=\"meta-nav\"> &#8250;<\/span><\/a><\/div>\n<p><!-- end of .read-more --><\/p>\n","protected":false},"featured_media":44221,"template":"","meta":{"_acf_changed":false},"product_brand":[],"product_cat":[59],"product_tag":[],"class_list":{"0":"post-34915","1":"product","2":"type-product","3":"status-publish","4":"has-post-thumbnail","6":"product_cat-worldwide-accessories-excluding-gulf","8":"first","9":"instock","10":"taxable","11":"shipping-taxable","12":"purchasable","13":"product-type-variable"},"acf":[],"_links":{"self":[{"href":"https:\/\/marshallradio.com\/eu\/wp-json\/wp\/v2\/product\/34915","targetHints":{"allow":["GET"]}}],"collection":[{"href":"https:\/\/marshallradio.com\/eu\/wp-json\/wp\/v2\/product"}],"about":[{"href":"https:\/\/marshallradio.com\/eu\/wp-json\/wp\/v2\/types\/product"}],"wp:featuredmedia":[{"embeddable":true,"href":"https:\/\/marshallradio.com\/eu\/wp-json\/wp\/v2\/media\/44221"}],"wp:attachment":[{"href":"https:\/\/marshallradio.com\/eu\/wp-json\/wp\/v2\/media?parent=34915"}],"wp:term":[{"taxonomy":"product_brand","embeddable":true,"href":"https:\/\/marshallradio.com\/eu\/wp-json\/wp\/v2\/product_brand?post=34915"},{"taxonomy":"product_cat","embeddable":true,"href":"https:\/\/marshallradio.com\/eu\/wp-json\/wp\/v2\/product_cat?post=34915"},{"taxonomy":"product_tag","embeddable":true,"href":"https:\/\/marshallradio.com\/eu\/wp-json\/wp\/v2\/product_tag?post=34915"}],"curies":[{"name":"wp","href":"https:\/\/api.w.org\/{rel}","templated":true}]}}