
{"id":34920,"date":"2018-06-25T15:24:02","date_gmt":"2019-07-11T18:07:06","guid":{"rendered":"http:\/\/marshallradio.com\/eu\/product\/cordura-veldholster\/"},"modified":"2022-04-05T21:55:16","modified_gmt":"2022-04-05T21:55:16","slug":"cordura-field-holster","status":"publish","type":"product","link":"https:\/\/marshallradio.com\/eu\/product\/cordura-field-holster\/?lang=nl","title":{"rendered":"Cordura Veldholster"},"content":{"rendered":"","protected":false},"excerpt":{"rendered":"<p>Aangepast ontwerp om goed op de ontvanger te passen, deze geheel nieuwe Field Holsters kunnen over de schouder of rond de taille worden gedragen. De uitklapbare bovenklep heeft een tweekleppig schelpontwerp dat de hele bovenkant bedekt en de ontvanger beschermt bij slecht weer. Nieuwe bredere schouderriem maakt aan \u00e9\u00e9n van beide uiteinden met \u00e9\u00e9n hand los.<\/p>\n<p>Beschikbaar voor de maten 216 en 433 MHz. Alleen beschikbaar voor 2007 en nieuwere Field Marshall-modellen.<\/p>\n<div class=\"read-more\"><a href=\"https:\/\/marshallradio.com\/eu\/product\/cordura-field-holster\/?lang=nl\">Read more <span class=\"screen-reader-text\">Cordura Veldholster<\/span><span class=\"meta-nav\"> &#8250;<\/span><\/a><\/div>\n<p><!-- end of .read-more --><\/p>\n","protected":false},"featured_media":44222,"template":"","meta":{"_acf_changed":false},"product_brand":[],"product_cat":[60],"product_tag":[],"class_list":{"0":"post-34920","1":"product","2":"type-product","3":"status-publish","4":"has-post-thumbnail","6":"product_cat-worldwide-accessories-excluding-gulf-nl","8":"first","9":"instock","10":"taxable","11":"shipping-taxable","12":"purchasable","13":"product-type-variable"},"acf":[],"_links":{"self":[{"href":"https:\/\/marshallradio.com\/eu\/wp-json\/wp\/v2\/product\/34920","targetHints":{"allow":["GET"]}}],"collection":[{"href":"https:\/\/marshallradio.com\/eu\/wp-json\/wp\/v2\/product"}],"about":[{"href":"https:\/\/marshallradio.com\/eu\/wp-json\/wp\/v2\/types\/product"}],"wp:featuredmedia":[{"embeddable":true,"href":"https:\/\/marshallradio.com\/eu\/wp-json\/wp\/v2\/media\/44222"}],"wp:attachment":[{"href":"https:\/\/marshallradio.com\/eu\/wp-json\/wp\/v2\/media?parent=34920"}],"wp:term":[{"taxonomy":"product_brand","embeddable":true,"href":"https:\/\/marshallradio.com\/eu\/wp-json\/wp\/v2\/product_brand?post=34920"},{"taxonomy":"product_cat","embeddable":true,"href":"https:\/\/marshallradio.com\/eu\/wp-json\/wp\/v2\/product_cat?post=34920"},{"taxonomy":"product_tag","embeddable":true,"href":"https:\/\/marshallradio.com\/eu\/wp-json\/wp\/v2\/product_tag?post=34920"}],"curies":[{"name":"wp","href":"https:\/\/api.w.org\/{rel}","templated":true}]}}